{"id":1100,"date":"2021-10-05T20:28:43","date_gmt":"2021-10-05T18:28:43","guid":{"rendered":"https:\/\/katami-containers.eu\/kontakt\/"},"modified":"2022-03-09T08:48:30","modified_gmt":"2022-03-09T07:48:30","slug":"kontakt","status":"publish","type":"page","link":"https:\/\/katami-containers.eu\/de\/kontakt\/","title":{"rendered":"Kontakt"},"content":{"rendered":"<p>[et_pb_section fb_built=&#8220;1&#8243; fullwidth=&#8220;on&#8220; _builder_version=&#8220;4.11.1&#8243; _module_preset=&#8220;default&#8220; global_colors_info=&#8220;{}&#8220;][et_pb_fullwidth_code _builder_version=&#8220;4.11.1&#8243; _module_preset=&#8220;default&#8220; global_colors_info=&#8220;{}&#8220;]<iframe src=\"https:\/\/www.google.com\/maps\/embed?pb=!1m18!1m12!1m3!1d19671.157837901443!2d15.436733417094763!3d51.95411109860617!2m3!1f0!2f0!3f0!3m2!1i1024!2i768!4f13.1!3m3!1m2!1s0x0%3A0x1ebde41572f02031!2zNTHCsDU3JzE0LjgiTiAxNcKwMjcnMTMuNCJF!5e0!3m2!1spl!2spl!4v1638531909353!5m2!1spl!2spl\" width=\"1907\" height=\"500\" style=\"border:0;\" allowfullscreen=\"\" loading=\"lazy\"><\/iframe>[\/et_pb_fullwidth_code][\/et_pb_section][et_pb_section fb_built=&#8220;1&#8243; _builder_version=&#8220;4.11.1&#8243; _module_preset=&#8220;default&#8220; global_colors_info=&#8220;{}&#8220;][et_pb_row column_structure=&#8220;1_2,1_2&#8243; _builder_version=&#8220;4.11.1&#8243; _module_preset=&#8220;default&#8220; global_colors_info=&#8220;{}&#8220;][et_pb_column type=&#8220;1_2&#8243; _builder_version=&#8220;4.11.1&#8243; _module_preset=&#8220;default&#8220; global_colors_info=&#8220;{}&#8220;][et_pb_text _builder_version=&#8220;4.11.1&#8243; _module_preset=&#8220;default&#8220; header_2_font=&#8220;Alatsi||||||||&#8220; global_colors_info=&#8220;{}&#8220;]<\/p>\n<h2>Haben Sie Fragen, m\u00f6chten etwas bestellen oder w\u00fcnschen eine Beratung? Wir sind f\u00fcr Sie gerne da.<\/h2>\n<p>[\/et_pb_text][et_pb_blurb title=&#8220;Firma Handlowo-Us\u0142ugowa KATAMI Katarzyna Mizera&#8220; use_icon=&#8220;on&#8220; font_icon=&#8220;&#xe081;||divi||400&#8243; icon_color=&#8220;#0497dc&#8220; icon_placement=&#8220;left&#8220; image_icon_width=&#8220;40px&#8220; module_class=&#8220;notka-kontakt&#8220; _builder_version=&#8220;4.13.0&#8243; _module_preset=&#8220;default&#8220; icon_font_size=&#8220;40px&#8220; global_colors_info=&#8220;{}&#8220;]<\/p>\n<p>ul. Foluszowa 108G<br \/>65-751 Zielona G\u00f3ra<\/p>\n<p>[\/et_pb_blurb][et_pb_blurb use_icon=&#8220;on&#8220; font_icon=&#8220;&#xe090;||divi||400&#8243; icon_color=&#8220;#0497dc&#8220; icon_placement=&#8220;left&#8220; image_icon_width=&#8220;40px&#8220; module_class=&#8220;notka-kontakt notka-flagi&#8220; _builder_version=&#8220;4.14.8&#8243; _module_preset=&#8220;default&#8220; hover_enabled=&#8220;0&#8243; icon_font_size=&#8220;40px&#8220; global_colors_info=&#8220;{}&#8220; sticky_enabled=&#8220;0&#8243;]<\/p>\n<table style=\"border-collapse: collapse; width: 100%;\" border=\"0\">\n<tbody>\n<tr>\n<td style=\"width: 99.8779%;\">\n<table class=\"wewne\" style=\"border-collapse: collapse; width: 100%;\">\n<tbody>\n<tr>\n<td style=\"width: 25px;\"><img decoding=\"async\" class=\"wp-image-950 alignnone size-medium\" src=\"https:\/\/katami-containers.eu\/wp-content\/uploads\/pl.svg\" alt=\"\" width=\"undefined\" height=\"undefined\" \/><\/td>\n<td><a href=\"tel:+48697616904\">+48 697 616 904<\/a><\/td>\n<\/tr>\n<tr>\n<td style=\"width: 25px;\"><img decoding=\"async\" class=\"wp-image-950 alignnone size-medium\" src=\"https:\/\/katami-containers.eu\/wp-content\/uploads\/pl.svg\" alt=\"\" width=\"undefined\" height=\"undefined\" \/><\/td>\n<td><a href=\"tel:+48607177876\">+48 607 177 876<\/a><\/td>\n<\/tr>\n<tr>\n<td style=\"width: 25px;\"><img loading=\"lazy\" decoding=\"async\" class=\"alignnone wp-image-941 size-medium\" src=\"https:\/\/katami-containers.eu\/wp-content\/uploads\/de.svg\" alt=\"\" width=\"512\" height=\"512\" \/><\/td>\n<td><a href=\"tel:+491746767180\">+49 174 6767 180<\/a><\/td>\n<\/tr>\n<tr>\n<td style=\"width: 30px;\"><img loading=\"lazy\" decoding=\"async\" class=\"alignnone wp-image-941 size-medium\" src=\"https:\/\/katami-containers.eu\/wp-content\/uploads\/de.svg\" alt=\"\" width=\"512\" height=\"512\" \/><\/td>\n<td><a href=\"tel:+48535547756\">+48 535 547 756<\/a><\/td>\n<\/tr>\n<\/tbody>\n<\/table>\n<\/td>\n<\/tr>\n<\/tbody>\n<\/table>\n<p>[\/et_pb_blurb][et_pb_blurb use_icon=&#8220;on&#8220; font_icon=&#8220;&#xe076;||divi||400&#8243; icon_color=&#8220;#0497dc&#8220; icon_placement=&#8220;left&#8220; image_icon_width=&#8220;40px&#8220; module_class=&#8220;notka-kontakt&#8220; _builder_version=&#8220;4.14.8&#8243; _module_preset=&#8220;default&#8220; hover_enabled=&#8220;0&#8243; icon_font_size=&#8220;40px&#8220; global_colors_info=&#8220;{}&#8220; sticky_enabled=&#8220;0&#8243;]<\/p>\n<p><a href=\"mailto:info@katami-containers.eu\">info@katami-containers.eu<\/a><\/p>\n<p>[\/et_pb_blurb][\/et_pb_column][et_pb_column type=&#8220;1_2&#8243; _builder_version=&#8220;4.11.1&#8243; _module_preset=&#8220;default&#8220; global_colors_info=&#8220;{}&#8220;][et_pb_contact_form email=&#8220;info@katami-containers.eu&#8220; _builder_version=&#8220;4.13.1&#8243; _module_preset=&#8220;default&#8220; _unique_id=&#8220;da18c3e7-1e7c-47fe-aa38-b3242e3be2f3&#8243; global_colors_info=&#8220;{}&#8220;][et_pb_contact_field field_id=&#8220;Name&#8220; field_title=&#8220;Vor- und Nachname&#8220; fullwidth_field=&#8220;on&#8220; _builder_version=&#8220;4.11.1&#8243; global_colors_info=&#8220;{}&#8220; button_text_size__hover_enabled=&#8220;off&#8220; button_one_text_size__hover_enabled=&#8220;off&#8220; button_two_text_size__hover_enabled=&#8220;off&#8220; button_text_color__hover_enabled=&#8220;off&#8220; button_one_text_color__hover_enabled=&#8220;off&#8220; button_two_text_color__hover_enabled=&#8220;off&#8220; button_border_width__hover_enabled=&#8220;off&#8220; button_one_border_width__hover_enabled=&#8220;off&#8220; button_two_border_width__hover_enabled=&#8220;off&#8220; button_border_color__hover_enabled=&#8220;off&#8220; button_one_border_color__hover_enabled=&#8220;off&#8220; button_two_border_color__hover_enabled=&#8220;off&#8220; button_border_radius__hover_enabled=&#8220;off&#8220; button_one_border_radius__hover_enabled=&#8220;off&#8220; button_two_border_radius__hover_enabled=&#8220;off&#8220; button_letter_spacing__hover_enabled=&#8220;off&#8220; button_one_letter_spacing__hover_enabled=&#8220;off&#8220; button_two_letter_spacing__hover_enabled=&#8220;off&#8220; button_bg_color__hover_enabled=&#8220;off&#8220; button_one_bg_color__hover_enabled=&#8220;off&#8220; button_two_bg_color__hover_enabled=&#8220;off&#8220;][\/et_pb_contact_field][et_pb_contact_field field_id=&#8220;Email&#8220; field_title=&#8220;E-Mail-Adresse&#8220; field_type=&#8220;email&#8220; fullwidth_field=&#8220;on&#8220; _builder_version=&#8220;4.11.1&#8243; global_colors_info=&#8220;{}&#8220; button_text_size__hover_enabled=&#8220;off&#8220; button_one_text_size__hover_enabled=&#8220;off&#8220; button_two_text_size__hover_enabled=&#8220;off&#8220; button_text_color__hover_enabled=&#8220;off&#8220; button_one_text_color__hover_enabled=&#8220;off&#8220; button_two_text_color__hover_enabled=&#8220;off&#8220; button_border_width__hover_enabled=&#8220;off&#8220; button_one_border_width__hover_enabled=&#8220;off&#8220; button_two_border_width__hover_enabled=&#8220;off&#8220; button_border_color__hover_enabled=&#8220;off&#8220; button_one_border_color__hover_enabled=&#8220;off&#8220; button_two_border_color__hover_enabled=&#8220;off&#8220; button_border_radius__hover_enabled=&#8220;off&#8220; button_one_border_radius__hover_enabled=&#8220;off&#8220; button_two_border_radius__hover_enabled=&#8220;off&#8220; button_letter_spacing__hover_enabled=&#8220;off&#8220; button_one_letter_spacing__hover_enabled=&#8220;off&#8220; button_two_letter_spacing__hover_enabled=&#8220;off&#8220; button_bg_color__hover_enabled=&#8220;off&#8220; button_one_bg_color__hover_enabled=&#8220;off&#8220; button_two_bg_color__hover_enabled=&#8220;off&#8220;][\/et_pb_contact_field][et_pb_contact_field field_id=&#8220;Message&#8220; field_title=&#8220;Nachricht&#8220; field_type=&#8220;text&#8220; fullwidth_field=&#8220;on&#8220; _builder_version=&#8220;4.11.1&#8243; global_colors_info=&#8220;{}&#8220; button_text_size__hover_enabled=&#8220;off&#8220; button_one_text_size__hover_enabled=&#8220;off&#8220; button_two_text_size__hover_enabled=&#8220;off&#8220; button_text_color__hover_enabled=&#8220;off&#8220; button_one_text_color__hover_enabled=&#8220;off&#8220; button_two_text_color__hover_enabled=&#8220;off&#8220; button_border_width__hover_enabled=&#8220;off&#8220; button_one_border_width__hover_enabled=&#8220;off&#8220; button_two_border_width__hover_enabled=&#8220;off&#8220; button_border_color__hover_enabled=&#8220;off&#8220; button_one_border_color__hover_enabled=&#8220;off&#8220; button_two_border_color__hover_enabled=&#8220;off&#8220; button_border_radius__hover_enabled=&#8220;off&#8220; button_one_border_radius__hover_enabled=&#8220;off&#8220; button_two_border_radius__hover_enabled=&#8220;off&#8220; button_letter_spacing__hover_enabled=&#8220;off&#8220; button_one_letter_spacing__hover_enabled=&#8220;off&#8220; button_two_letter_spacing__hover_enabled=&#8220;off&#8220; button_bg_color__hover_enabled=&#8220;off&#8220; button_one_bg_color__hover_enabled=&#8220;off&#8220; button_two_bg_color__hover_enabled=&#8220;off&#8220;][\/et_pb_contact_field][et_pb_contact_field field_id=&#8220;rodo&#8220; field_title=&#8220;  &#8220; field_type=&#8220;checkbox&#8220; checkbox_options=&#8220;%91{%22value%22:%22  Durch Klick auf den Button erkl\u00e4ren Sie sich damit einverstanden, dass wir Ihre Angaben verarbeiten.  Um sich mit unserer Datenschutzerkl\u00e4rung bekannt zu machen, lesen Sie bitte, die unten aufgef\u00fchrte %22,%22checked%22:0,%22dragID%22:-1,%22link_url%22:%22https:\/\/katami-containers.eu\/de\/datenschutzerklaerung-und-cookies\/%22,%22link_text%22:%22Datenschutzerkl\u00e4rung. *%22}%93&#8243; fullwidth_field=&#8220;on&#8220; _builder_version=&#8220;4.11.1&#8243; _module_preset=&#8220;default&#8220; global_colors_info=&#8220;{}&#8220;][\/et_pb_contact_field][\/et_pb_contact_form][\/et_pb_column][\/et_pb_row][\/et_pb_section]<\/p>\n","protected":false},"excerpt":{"rendered":"<p>Haben Sie Fragen, m\u00f6chten etwas bestellen oder w\u00fcnschen eine Beratung? Wir sind f\u00fcr Sie gerne da.ul. Foluszowa 108G65-751 Zielona G\u00f3ra +48 697 616 904 +48 607 177 876 +49 174 6767 180 +48 535 547 756 info@katami-containers.eu<\/p>\n","protected":false},"author":2,"featured_media":0,"parent":0,"menu_order":0,"comment_status":"closed","ping_status":"closed","template":"","meta":{"_et_pb_use_builder":"on","_et_pb_old_content":"","_et_gb_content_width":"","footnotes":""},"class_list":["post-1100","page","type-page","status-publish","hentry"],"yoast_head":"<!-- This site is optimized with the Yoast SEO plugin v25.9 - https:\/\/yoast.com\/wordpress\/plugins\/seo\/ -->\n<title>Kontakt - KATAMI<\/title>\n<meta name=\"robots\" content=\"index, follow, max-snippet:-1, max-image-preview:large, max-video-preview:-1\" \/>\n<link rel=\"canonical\" href=\"https:\/\/katami-containers.eu\/de\/kontakt\/\" \/>\n<meta property=\"og:locale\" content=\"de_DE\" \/>\n<meta property=\"og:type\" content=\"article\" \/>\n<meta property=\"og:title\" content=\"Kontakt - KATAMI\" \/>\n<meta property=\"og:description\" content=\"Haben Sie Fragen, m\u00f6chten etwas bestellen oder w\u00fcnschen eine Beratung? Wir sind f\u00fcr Sie gerne da.ul. Foluszowa 108G65-751 Zielona G\u00f3ra +48 697 616 904 +48 607 177 876 +49 174 6767 180 +48 535 547 756 info@katami-containers.eu\" \/>\n<meta property=\"og:url\" content=\"https:\/\/katami-containers.eu\/de\/kontakt\/\" \/>\n<meta property=\"og:site_name\" content=\"KATAMI\" \/>\n<meta property=\"article:modified_time\" content=\"2022-03-09T07:48:30+00:00\" \/>\n<meta property=\"og:image\" content=\"https:\/\/katami-containers.eu\/wp-content\/uploads\/pl.svg\" \/>\n<meta name=\"twitter:card\" content=\"summary_large_image\" \/>\n<meta name=\"twitter:label1\" content=\"Gesch\u00e4tzte Lesezeit\" \/>\n\t<meta name=\"twitter:data1\" content=\"4\u00a0Minuten\" \/>\n<script type=\"application\/ld+json\" class=\"yoast-schema-graph\">{\"@context\":\"https:\/\/schema.org\",\"@graph\":[{\"@type\":\"WebPage\",\"@id\":\"https:\/\/katami-containers.eu\/de\/kontakt\/\",\"url\":\"https:\/\/katami-containers.eu\/de\/kontakt\/\",\"name\":\"Kontakt - KATAMI\",\"isPartOf\":{\"@id\":\"https:\/\/katami-containers.eu\/#website\"},\"primaryImageOfPage\":{\"@id\":\"https:\/\/katami-containers.eu\/de\/kontakt\/#primaryimage\"},\"image\":{\"@id\":\"https:\/\/katami-containers.eu\/de\/kontakt\/#primaryimage\"},\"thumbnailUrl\":\"https:\/\/katami-containers.eu\/wp-content\/uploads\/pl.svg\",\"datePublished\":\"2021-10-05T18:28:43+00:00\",\"dateModified\":\"2022-03-09T07:48:30+00:00\",\"breadcrumb\":{\"@id\":\"https:\/\/katami-containers.eu\/de\/kontakt\/#breadcrumb\"},\"inLanguage\":\"de\",\"potentialAction\":[{\"@type\":\"ReadAction\",\"target\":[\"https:\/\/katami-containers.eu\/de\/kontakt\/\"]}]},{\"@type\":\"ImageObject\",\"inLanguage\":\"de\",\"@id\":\"https:\/\/katami-containers.eu\/de\/kontakt\/#primaryimage\",\"url\":\"https:\/\/katami-containers.eu\/wp-content\/uploads\/pl.svg\",\"contentUrl\":\"https:\/\/katami-containers.eu\/wp-content\/uploads\/pl.svg\"},{\"@type\":\"BreadcrumbList\",\"@id\":\"https:\/\/katami-containers.eu\/de\/kontakt\/#breadcrumb\",\"itemListElement\":[{\"@type\":\"ListItem\",\"position\":1,\"name\":\"Home\",\"item\":\"https:\/\/katami-containers.eu\/de\/\"},{\"@type\":\"ListItem\",\"position\":2,\"name\":\"Kontakt\"}]},{\"@type\":\"WebSite\",\"@id\":\"https:\/\/katami-containers.eu\/#website\",\"url\":\"https:\/\/katami-containers.eu\/\",\"name\":\"KATAMI\",\"description\":\"Producent kontener\u00f3w: biurowe, socjalne, handlowe i inne\",\"potentialAction\":[{\"@type\":\"SearchAction\",\"target\":{\"@type\":\"EntryPoint\",\"urlTemplate\":\"https:\/\/katami-containers.eu\/?s={search_term_string}\"},\"query-input\":{\"@type\":\"PropertyValueSpecification\",\"valueRequired\":true,\"valueName\":\"search_term_string\"}}],\"inLanguage\":\"de\"}]}<\/script>\n<!-- \/ Yoast SEO plugin. -->","yoast_head_json":{"title":"Kontakt - KATAMI","robots":{"index":"index","follow":"follow","max-snippet":"max-snippet:-1","max-image-preview":"max-image-preview:large","max-video-preview":"max-video-preview:-1"},"canonical":"https:\/\/katami-containers.eu\/de\/kontakt\/","og_locale":"de_DE","og_type":"article","og_title":"Kontakt - KATAMI","og_description":"Haben Sie Fragen, m\u00f6chten etwas bestellen oder w\u00fcnschen eine Beratung? Wir sind f\u00fcr Sie gerne da.ul. Foluszowa 108G65-751 Zielona G\u00f3ra +48 697 616 904 +48 607 177 876 +49 174 6767 180 +48 535 547 756 info@katami-containers.eu","og_url":"https:\/\/katami-containers.eu\/de\/kontakt\/","og_site_name":"KATAMI","article_modified_time":"2022-03-09T07:48:30+00:00","og_image":[{"url":"https:\/\/katami-containers.eu\/wp-content\/uploads\/pl.svg","type":"","width":"","height":""}],"twitter_card":"summary_large_image","twitter_misc":{"Gesch\u00e4tzte Lesezeit":"4\u00a0Minuten"},"schema":{"@context":"https:\/\/schema.org","@graph":[{"@type":"WebPage","@id":"https:\/\/katami-containers.eu\/de\/kontakt\/","url":"https:\/\/katami-containers.eu\/de\/kontakt\/","name":"Kontakt - KATAMI","isPartOf":{"@id":"https:\/\/katami-containers.eu\/#website"},"primaryImageOfPage":{"@id":"https:\/\/katami-containers.eu\/de\/kontakt\/#primaryimage"},"image":{"@id":"https:\/\/katami-containers.eu\/de\/kontakt\/#primaryimage"},"thumbnailUrl":"https:\/\/katami-containers.eu\/wp-content\/uploads\/pl.svg","datePublished":"2021-10-05T18:28:43+00:00","dateModified":"2022-03-09T07:48:30+00:00","breadcrumb":{"@id":"https:\/\/katami-containers.eu\/de\/kontakt\/#breadcrumb"},"inLanguage":"de","potentialAction":[{"@type":"ReadAction","target":["https:\/\/katami-containers.eu\/de\/kontakt\/"]}]},{"@type":"ImageObject","inLanguage":"de","@id":"https:\/\/katami-containers.eu\/de\/kontakt\/#primaryimage","url":"https:\/\/katami-containers.eu\/wp-content\/uploads\/pl.svg","contentUrl":"https:\/\/katami-containers.eu\/wp-content\/uploads\/pl.svg"},{"@type":"BreadcrumbList","@id":"https:\/\/katami-containers.eu\/de\/kontakt\/#breadcrumb","itemListElement":[{"@type":"ListItem","position":1,"name":"Home","item":"https:\/\/katami-containers.eu\/de\/"},{"@type":"ListItem","position":2,"name":"Kontakt"}]},{"@type":"WebSite","@id":"https:\/\/katami-containers.eu\/#website","url":"https:\/\/katami-containers.eu\/","name":"KATAMI","description":"Producent kontener\u00f3w: biurowe, socjalne, handlowe i inne","potentialAction":[{"@type":"SearchAction","target":{"@type":"EntryPoint","urlTemplate":"https:\/\/katami-containers.eu\/?s={search_term_string}"},"query-input":{"@type":"PropertyValueSpecification","valueRequired":true,"valueName":"search_term_string"}}],"inLanguage":"de"}]}},"_links":{"self":[{"href":"https:\/\/katami-containers.eu\/de\/wp-json\/wp\/v2\/pages\/1100","targetHints":{"allow":["GET"]}}],"collection":[{"href":"https:\/\/katami-containers.eu\/de\/wp-json\/wp\/v2\/pages"}],"about":[{"href":"https:\/\/katami-containers.eu\/de\/wp-json\/wp\/v2\/types\/page"}],"author":[{"embeddable":true,"href":"https:\/\/katami-containers.eu\/de\/wp-json\/wp\/v2\/users\/2"}],"replies":[{"embeddable":true,"href":"https:\/\/katami-containers.eu\/de\/wp-json\/wp\/v2\/comments?post=1100"}],"version-history":[{"count":4,"href":"https:\/\/katami-containers.eu\/de\/wp-json\/wp\/v2\/pages\/1100\/revisions"}],"predecessor-version":[{"id":1625,"href":"https:\/\/katami-containers.eu\/de\/wp-json\/wp\/v2\/pages\/1100\/revisions\/1625"}],"wp:attachment":[{"href":"https:\/\/katami-containers.eu\/de\/wp-json\/wp\/v2\/media?parent=1100"}],"curies":[{"name":"wp","href":"https:\/\/api.w.org\/{rel}","templated":true}]}}