{"id":1112,"date":"2021-10-05T20:28:06","date_gmt":"2021-10-05T18:28:06","guid":{"rendered":"https:\/\/katami-containers.eu\/nasze-realizacje\/"},"modified":"2025-09-23T11:33:22","modified_gmt":"2025-09-23T09:33:22","slug":"unsere-containergalerie","status":"publish","type":"page","link":"https:\/\/katami-containers.eu\/de\/unsere-containergalerie\/","title":{"rendered":"UNSERE CONTAINERGALERIE"},"content":{"rendered":"<p>[et_pb_section fb_built=&#8220;1&#8243; _builder_version=&#8220;4.16&#8243; _module_preset=&#8220;default&#8220; background_image=&#8220;https:\/\/katami-containers.eu\/wp-content\/uploads\/topv4.jpg&#8220; global_colors_info=&#8220;{}&#8220;][et_pb_row _builder_version=&#8220;4.16&#8243; _module_preset=&#8220;default&#8220; global_colors_info=&#8220;{}&#8220;][et_pb_column type=&#8220;4_4&#8243; _builder_version=&#8220;4.16&#8243; _module_preset=&#8220;default&#8220; global_colors_info=&#8220;{}&#8220;][et_pb_text module_class=&#8220;hi-modultext&#8220; _builder_version=&#8220;4.16&#8243; _module_preset=&#8220;default&#8220; header_text_color=&#8220;#000000&#8243; global_colors_info=&#8220;{}&#8220;]<\/p>\n<h1 style=\"text-align: center;\">UNSERE CONTAINERGALERIE<\/h1>\n<p>[\/et_pb_text][\/et_pb_column][\/et_pb_row][\/et_pb_section][et_pb_section fb_built=&#8220;1&#8243; _builder_version=&#8220;4.16&#8243; _module_preset=&#8220;default&#8220; custom_margin=&#8220;||0px||false|false&#8220; custom_padding=&#8220;||0px||false|false&#8220; global_colors_info=&#8220;{}&#8220;][et_pb_row column_structure=&#8220;1_2,1_2&#8243; _builder_version=&#8220;4.16&#8243; _module_preset=&#8220;default&#8220; global_colors_info=&#8220;{}&#8220;][et_pb_column type=&#8220;1_2&#8243; _builder_version=&#8220;4.16&#8243; _module_preset=&#8220;default&#8220; global_colors_info=&#8220;{}&#8220;][et_pb_text _builder_version=&#8220;4.16&#8243; _module_preset=&#8220;default&#8220; global_colors_info=&#8220;{}&#8220;]<\/p>\n<p>Wir verwenden f\u00fcr jedes Projekt bew\u00e4hrte und solide erstklassige Materialien. Wir legen gro\u00dfen Wert auf \u00c4sthetik, deshalb werden unsere Container mit der gr\u00f6\u00dften Sorgfalt und Liebe zum Detail hergestellt.<br \/>Wir passen jeden Container an die Bed\u00fcrfnisse des Kunden an.<br \/>Sehen Sie sich die Galerie unserer Projekte an, bitte. Wir pr\u00e4sentieren hier die Beispiele bisher get\u00e4tigten Bestellungen f\u00fcr B\u00fcro-, Sozial- und Wohncontainer, Gewerbepavillons, Hauswirtschaftsr\u00e4ume und Containermodule.<\/p>\n<p>[\/et_pb_text][\/et_pb_column][et_pb_column type=&#8220;1_2&#8243; module_class=&#8220;kolumna-cta&#8220; _builder_version=&#8220;4.16&#8243; _module_preset=&#8220;default&#8220; global_colors_info=&#8220;{}&#8220;][et_pb_text _builder_version=&#8220;4.16&#8243; _module_preset=&#8220;default&#8220; global_colors_info=&#8220;{}&#8220;][\/et_pb_text][et_pb_code module_class=&#8220;dooferty&#8220; _builder_version=&#8220;4.16&#8243; _module_preset=&#8220;default&#8220; global_colors_info=&#8220;{}&#8220;]<a class=\"przycisk parallelogram\" href=\"https:\/\/katami-containers.eu\/de\/fragen-nach-angebot\/\"><!-- [et_pb_line_break_holder] -->  <span class=\"skew-fix\"><\/p>\n<h5>Nach Details fragen<\/h5>\n<p><\/span><!-- [et_pb_line_break_holder] --><\/a>[\/et_pb_code][\/et_pb_column][\/et_pb_row][\/et_pb_section][et_pb_section fb_built=&#8220;1&#8243; _builder_version=&#8220;4.16&#8243; _module_preset=&#8220;default&#8220; global_colors_info=&#8220;{}&#8220;][et_pb_row use_custom_gutter=&#8220;on&#8220; gutter_width=&#8220;2&#8243; _builder_version=&#8220;4.16&#8243; _module_preset=&#8220;default&#8220; max_width=&#8220;1600px&#8220; global_colors_info=&#8220;{}&#8220;][et_pb_column type=&#8220;4_4&#8243; _builder_version=&#8220;4.16&#8243; _module_preset=&#8220;default&#8220; global_colors_info=&#8220;{}&#8220;][et_pb_gallery gallery_ids=&#8220;1334,1338,1342,1346,1350,1354,1358,1362,1366,1370,1374,1378,1382,1386,1390,1394,1398,1402,1406,1410,1414,1418,1422,1426,1430,1434,1438,1442,1446,1450,1454,1458,1462,1466,1470,1474,1478,1482&#8243; posts_number=&#8220;40&#8243; show_title_and_caption=&#8220;off&#8220; show_pagination=&#8220;off&#8220; _builder_version=&#8220;4.16&#8243; _module_preset=&#8220;default&#8220; global_colors_info=&#8220;{}&#8220;][\/et_pb_gallery][\/et_pb_column][\/et_pb_row][\/et_pb_section]<\/p>\n","protected":false},"excerpt":{"rendered":"<p>UNSERE CONTAINERGALERIEWir verwenden f\u00fcr jedes Projekt bew\u00e4hrte und solide erstklassige Materialien. Wir legen gro\u00dfen Wert auf \u00c4sthetik, deshalb werden unsere Container mit der gr\u00f6\u00dften Sorgfalt und Liebe zum Detail hergestellt.Wir passen jeden Container an die Bed\u00fcrfnisse des Kunden an.Sehen Sie sich die Galerie unserer Projekte an, bitte. Wir pr\u00e4sentieren hier die Beispiele bisher get\u00e4tigten Bestellungen [&hellip;]<\/p>\n","protected":false},"author":2,"featured_media":1478,"parent":0,"menu_order":0,"comment_status":"closed","ping_status":"closed","template":"","meta":{"_et_pb_use_builder":"on","_et_pb_old_content":"","_et_gb_content_width":"","footnotes":""},"class_list":["post-1112","page","type-page","status-publish","has-post-thumbnail","hentry"],"yoast_head":"<!-- This site is optimized with the Yoast SEO plugin v25.9 - https:\/\/yoast.com\/wordpress\/plugins\/seo\/ -->\n<title>UNSERE CONTAINERGALERIE - KATAMI<\/title>\n<meta name=\"robots\" content=\"index, follow, max-snippet:-1, max-image-preview:large, max-video-preview:-1\" \/>\n<link rel=\"canonical\" href=\"https:\/\/katami-containers.eu\/de\/unsere-containergalerie\/\" \/>\n<meta property=\"og:locale\" content=\"de_DE\" \/>\n<meta property=\"og:type\" content=\"article\" \/>\n<meta property=\"og:title\" content=\"UNSERE CONTAINERGALERIE - KATAMI\" \/>\n<meta property=\"og:description\" content=\"UNSERE CONTAINERGALERIEWir verwenden f\u00fcr jedes Projekt bew\u00e4hrte und solide erstklassige Materialien. Wir legen gro\u00dfen Wert auf \u00c4sthetik, deshalb werden unsere Container mit der gr\u00f6\u00dften Sorgfalt und Liebe zum Detail hergestellt.Wir passen jeden Container an die Bed\u00fcrfnisse des Kunden an.Sehen Sie sich die Galerie unserer Projekte an, bitte. Wir pr\u00e4sentieren hier die Beispiele bisher get\u00e4tigten Bestellungen [&hellip;]\" \/>\n<meta property=\"og:url\" content=\"https:\/\/katami-containers.eu\/de\/unsere-containergalerie\/\" \/>\n<meta property=\"og:site_name\" content=\"KATAMI\" \/>\n<meta property=\"article:modified_time\" content=\"2025-09-23T09:33:22+00:00\" \/>\n<meta property=\"og:image\" content=\"https:\/\/katami-containers.eu\/wp-content\/uploads\/37.jpg\" \/>\n\t<meta property=\"og:image:width\" content=\"1918\" \/>\n\t<meta property=\"og:image:height\" content=\"1080\" \/>\n\t<meta property=\"og:image:type\" content=\"image\/jpeg\" \/>\n<meta name=\"twitter:card\" content=\"summary_large_image\" \/>\n<meta name=\"twitter:label1\" content=\"Gesch\u00e4tzte Lesezeit\" \/>\n\t<meta name=\"twitter:data1\" content=\"9\u00a0Minuten\" \/>\n<script type=\"application\/ld+json\" class=\"yoast-schema-graph\">{\"@context\":\"https:\/\/schema.org\",\"@graph\":[{\"@type\":\"WebPage\",\"@id\":\"https:\/\/katami-containers.eu\/de\/unsere-containergalerie\/\",\"url\":\"https:\/\/katami-containers.eu\/de\/unsere-containergalerie\/\",\"name\":\"UNSERE CONTAINERGALERIE - KATAMI\",\"isPartOf\":{\"@id\":\"https:\/\/katami-containers.eu\/#website\"},\"primaryImageOfPage\":{\"@id\":\"https:\/\/katami-containers.eu\/de\/unsere-containergalerie\/#primaryimage\"},\"image\":{\"@id\":\"https:\/\/katami-containers.eu\/de\/unsere-containergalerie\/#primaryimage\"},\"thumbnailUrl\":\"https:\/\/katami-containers.eu\/wp-content\/uploads\/37.jpg\",\"datePublished\":\"2021-10-05T18:28:06+00:00\",\"dateModified\":\"2025-09-23T09:33:22+00:00\",\"breadcrumb\":{\"@id\":\"https:\/\/katami-containers.eu\/de\/unsere-containergalerie\/#breadcrumb\"},\"inLanguage\":\"de\",\"potentialAction\":[{\"@type\":\"ReadAction\",\"target\":[\"https:\/\/katami-containers.eu\/de\/unsere-containergalerie\/\"]}]},{\"@type\":\"ImageObject\",\"inLanguage\":\"de\",\"@id\":\"https:\/\/katami-containers.eu\/de\/unsere-containergalerie\/#primaryimage\",\"url\":\"https:\/\/katami-containers.eu\/wp-content\/uploads\/37.jpg\",\"contentUrl\":\"https:\/\/katami-containers.eu\/wp-content\/uploads\/37.jpg\",\"width\":1918,\"height\":1080,\"caption\":\"UNSERE CONTAINERGALERIE\"},{\"@type\":\"BreadcrumbList\",\"@id\":\"https:\/\/katami-containers.eu\/de\/unsere-containergalerie\/#breadcrumb\",\"itemListElement\":[{\"@type\":\"ListItem\",\"position\":1,\"name\":\"Home\",\"item\":\"https:\/\/katami-containers.eu\/de\/\"},{\"@type\":\"ListItem\",\"position\":2,\"name\":\"UNSERE CONTAINERGALERIE\"}]},{\"@type\":\"WebSite\",\"@id\":\"https:\/\/katami-containers.eu\/#website\",\"url\":\"https:\/\/katami-containers.eu\/\",\"name\":\"KATAMI\",\"description\":\"Producent kontener\u00f3w: biurowe, socjalne, handlowe i inne\",\"potentialAction\":[{\"@type\":\"SearchAction\",\"target\":{\"@type\":\"EntryPoint\",\"urlTemplate\":\"https:\/\/katami-containers.eu\/?s={search_term_string}\"},\"query-input\":{\"@type\":\"PropertyValueSpecification\",\"valueRequired\":true,\"valueName\":\"search_term_string\"}}],\"inLanguage\":\"de\"}]}<\/script>\n<!-- \/ Yoast SEO plugin. -->","yoast_head_json":{"title":"UNSERE CONTAINERGALERIE - KATAMI","robots":{"index":"index","follow":"follow","max-snippet":"max-snippet:-1","max-image-preview":"max-image-preview:large","max-video-preview":"max-video-preview:-1"},"canonical":"https:\/\/katami-containers.eu\/de\/unsere-containergalerie\/","og_locale":"de_DE","og_type":"article","og_title":"UNSERE CONTAINERGALERIE - KATAMI","og_description":"UNSERE CONTAINERGALERIEWir verwenden f\u00fcr jedes Projekt bew\u00e4hrte und solide erstklassige Materialien. Wir legen gro\u00dfen Wert auf \u00c4sthetik, deshalb werden unsere Container mit der gr\u00f6\u00dften Sorgfalt und Liebe zum Detail hergestellt.Wir passen jeden Container an die Bed\u00fcrfnisse des Kunden an.Sehen Sie sich die Galerie unserer Projekte an, bitte. Wir pr\u00e4sentieren hier die Beispiele bisher get\u00e4tigten Bestellungen [&hellip;]","og_url":"https:\/\/katami-containers.eu\/de\/unsere-containergalerie\/","og_site_name":"KATAMI","article_modified_time":"2025-09-23T09:33:22+00:00","og_image":[{"width":1918,"height":1080,"url":"https:\/\/katami-containers.eu\/wp-content\/uploads\/37.jpg","type":"image\/jpeg"}],"twitter_card":"summary_large_image","twitter_misc":{"Gesch\u00e4tzte Lesezeit":"9\u00a0Minuten"},"schema":{"@context":"https:\/\/schema.org","@graph":[{"@type":"WebPage","@id":"https:\/\/katami-containers.eu\/de\/unsere-containergalerie\/","url":"https:\/\/katami-containers.eu\/de\/unsere-containergalerie\/","name":"UNSERE CONTAINERGALERIE - KATAMI","isPartOf":{"@id":"https:\/\/katami-containers.eu\/#website"},"primaryImageOfPage":{"@id":"https:\/\/katami-containers.eu\/de\/unsere-containergalerie\/#primaryimage"},"image":{"@id":"https:\/\/katami-containers.eu\/de\/unsere-containergalerie\/#primaryimage"},"thumbnailUrl":"https:\/\/katami-containers.eu\/wp-content\/uploads\/37.jpg","datePublished":"2021-10-05T18:28:06+00:00","dateModified":"2025-09-23T09:33:22+00:00","breadcrumb":{"@id":"https:\/\/katami-containers.eu\/de\/unsere-containergalerie\/#breadcrumb"},"inLanguage":"de","potentialAction":[{"@type":"ReadAction","target":["https:\/\/katami-containers.eu\/de\/unsere-containergalerie\/"]}]},{"@type":"ImageObject","inLanguage":"de","@id":"https:\/\/katami-containers.eu\/de\/unsere-containergalerie\/#primaryimage","url":"https:\/\/katami-containers.eu\/wp-content\/uploads\/37.jpg","contentUrl":"https:\/\/katami-containers.eu\/wp-content\/uploads\/37.jpg","width":1918,"height":1080,"caption":"UNSERE CONTAINERGALERIE"},{"@type":"BreadcrumbList","@id":"https:\/\/katami-containers.eu\/de\/unsere-containergalerie\/#breadcrumb","itemListElement":[{"@type":"ListItem","position":1,"name":"Home","item":"https:\/\/katami-containers.eu\/de\/"},{"@type":"ListItem","position":2,"name":"UNSERE CONTAINERGALERIE"}]},{"@type":"WebSite","@id":"https:\/\/katami-containers.eu\/#website","url":"https:\/\/katami-containers.eu\/","name":"KATAMI","description":"Producent kontener\u00f3w: biurowe, socjalne, handlowe i inne","potentialAction":[{"@type":"SearchAction","target":{"@type":"EntryPoint","urlTemplate":"https:\/\/katami-containers.eu\/?s={search_term_string}"},"query-input":{"@type":"PropertyValueSpecification","valueRequired":true,"valueName":"search_term_string"}}],"inLanguage":"de"}]}},"_links":{"self":[{"href":"https:\/\/katami-containers.eu\/de\/wp-json\/wp\/v2\/pages\/1112","targetHints":{"allow":["GET"]}}],"collection":[{"href":"https:\/\/katami-containers.eu\/de\/wp-json\/wp\/v2\/pages"}],"about":[{"href":"https:\/\/katami-containers.eu\/de\/wp-json\/wp\/v2\/types\/page"}],"author":[{"embeddable":true,"href":"https:\/\/katami-containers.eu\/de\/wp-json\/wp\/v2\/users\/2"}],"replies":[{"embeddable":true,"href":"https:\/\/katami-containers.eu\/de\/wp-json\/wp\/v2\/comments?post=1112"}],"version-history":[{"count":7,"href":"https:\/\/katami-containers.eu\/de\/wp-json\/wp\/v2\/pages\/1112\/revisions"}],"predecessor-version":[{"id":4204,"href":"https:\/\/katami-containers.eu\/de\/wp-json\/wp\/v2\/pages\/1112\/revisions\/4204"}],"wp:featuredmedia":[{"embeddable":true,"href":"https:\/\/katami-containers.eu\/de\/wp-json\/wp\/v2\/media\/1478"}],"wp:attachment":[{"href":"https:\/\/katami-containers.eu\/de\/wp-json\/wp\/v2\/media?parent=1112"}],"curies":[{"name":"wp","href":"https:\/\/api.w.org\/{rel}","templated":true}]}}