{"id":1118,"date":"2021-11-30T15:28:46","date_gmt":"2021-11-30T14:28:46","guid":{"rendered":"https:\/\/katami-containers.eu\/polityka-prywatnosci\/"},"modified":"2025-09-23T20:27:23","modified_gmt":"2025-09-23T18:27:23","slug":"datenschutzerklaerung-und-cookies","status":"publish","type":"page","link":"https:\/\/katami-containers.eu\/de\/datenschutzerklaerung-und-cookies\/","title":{"rendered":"Datenschutzerkl\u00e4rung und Cookies"},"content":{"rendered":"<p>Die Angabe von beliebigen personenbezogenen Daten ist immer freiwillig.<\/p>\n<p>Jederzeit haben Sie das Recht auf Aktualisierung oder v\u00f6llige L\u00f6schung Ihrer personenbezogenen Daten.<\/p>\n<h4>\u00a01. Administrator personenbezogener Daten romektransport.pl<\/h4>\n<p>Der Administrator der personenbezogenen Daten der Website romektransport.pl (im Folgenden: Administrator) ist:<\/p>\n<p>Firma Handlowo-Us\u0142ugowa KATAMI Katarzyna Mizera<br \/>\nul. Foluszowa 108G<br \/>\n65-751 Zielona G\u00f3ra<\/p>\n<p>St.-Nr. (NIP) 9291690409<br \/>\nGewerbeanmeldungsnummer (REGON) 362710280<\/p>\n<p>Diese Wirtschaftst\u00e4tigkeit ist im CEDIG eingetragen. ( CEDIG = Centralna Ewidencja i Informacja o Dzia\u0142alno\u015bci Gospodarczej ( das polnische Zentralregister f\u00fcr die Gewerbet\u00e4tigkeit nat\u00fcrlicher Personen ).<\/p>\n<h4>\u00a02. Cookies<\/h4>\n<p>Sog. Cookies sind IT-Daten, insbesondere Textdateien, die auf dem Endger\u00e4t des Nutzers romektransport.pl gespeichert werden.<\/p>\n<p>Die Cookies erm\u00f6glichen:<\/p>\n<p>\u2013 Nutzung der im Rahmen der Website verf\u00fcgbaren Dienste (z. B. Authentifizierung)<br \/>\n\u2013 Erhebung von Informationen zur Nutzung der Website<br \/>\n\u2013 Speichern der vom Nutzer ausgew\u00e4hlten Einstellungen und Personalisierung der Benutzeroberfl\u00e4che<br \/>\n\u2013 Bereitstellung von Werbeinhalten f\u00fcr den Nutzer, auf seine Interessen zugeschnitten sind.<\/p>\n<p>Auf romektransport.pl finden Sie insbesondere Cookies von folgenden Diensten:<\/p>\n<p>\u2013 Google Analytics, Google Adwords<\/p>\n<p>Der Nutzer hat immer die M\u00f6glichkeit, Cookies zu l\u00f6schen und \/ oder deren Speicherung zu blockieren. Solche Einstellungen werden von jedem Internetbrowser angeboten.<\/p>\n<p>&nbsp;<\/p>\n<h4>3. Erhobene Daten<\/h4>\n<p>Die Website speichert die folgenden Informationen zu statistischen Zwecken:<\/p>\n<ul>\n<li>Ger\u00e4tetyp<\/li>\n<li>Betriebssystem<\/li>\n<li>Art des Webbrowsers<\/li>\n<li>Bildschirmaufl\u00f6sung<\/li>\n<li>IP-Adresse<\/li>\n<\/ul>\n<p>Diese Daten werden verwendet, um den Betrieb der Site zu optimieren.<\/p>\n<h4>4. Welche Daten verarbeiten wir?<\/h4>\n<p>Wir verarbeiten nur die Daten, die Sie uns zur Verf\u00fcgung stellen. Um unsere Dienstleistungen nutzen zu k\u00f6nnen, m\u00fcssen Sie Ihre E-Mail-Adresse, Ihren Vor- und Nachnamen sowie Ihre Telefonnummer angeben. Die Verarbeitung dieser Daten ist notwendig, damit wir mit Ihnen den Kontakt bez\u00fcglich der gesendeten Anfrage aufnehmen k\u00f6nnen.<\/p>\n<p>Die Angabe dieser Daten ist freiwillig.<\/p>\n<p>Die angegebenen Daten helfen uns, das an Sie gerichtete Angebot zu personalisieren und erleichtern uns die Kontaktaufnahme mit Ihnen.<\/p>\n<h4>5. Weitergabe personenbezogener Daten<\/h4>\n<p>In besonderen Situationen, in denen das geltende Recht den Administrator zum Weitergabe der .erhobenen Daten an staatliche Beh\u00f6rden verpflichtet, stellt der Administrator diese Daten zur Verf\u00fcgung.<\/p>\n<p>Mit Ausnahme dieser Situationen werden personenbezogene Daten nur in dem Umfang, zu den Zwecken und an die Dritte offengelegt, die in dieser Datenschutzrichtlinie aufgef\u00fchrt sind.<\/p>\n<h4>6. \u00c4nderung der Sicherheitsrichtlinie<\/h4>\n<p>Das Portal beh\u00e4lt sich das Recht vor, die Datenschutzrichtlinie zu \u00e4ndern, sofern:<\/p>\n<p>\u2013 dies das geltende Recht erfordert,<\/p>\n<p>\u2013 die technologischen Bedingungen f\u00fcr den Betrieb der Website ge\u00e4ndert werden,<\/p>\n<p>\u2013 oder die \u00c4nderung einen h\u00f6heren Standard als das gesetzlich vorgeschriebene Minimum einf\u00fchrt.<\/p>\n<p>Der aktuelle Text der Datenschutzrichtlinie wird immer an https:\/\/romektransport. pl\/polityka-prywatnosci-i-cookies\/; verf\u00fcgbar sein.<\/p>\n<h4>7. Kontakt<\/h4>\n<p>Mit dem Datenadministrator kann man den Kontakt an E-Mail-Adresse biuro@romektransport.pl sowie an die oben genannte physische Adresse aufnehmen.<\/p>\n<h4>8. Sicherheit personenbezogener Daten<\/h4>\n<p>Wir befolgen strenge Sicherheitsverfahren bez\u00fcglich der Speicherung und Offenlegung Ihrer personenbezogenen Daten, die auch darauf abzielen, Ihre Daten vor zuf\u00e4lligem Verlust, Zerst\u00f6rung oder Besch\u00e4digung zu sch\u00fctzen. Die uns zur Verf\u00fcgung gestellten Daten sind mit der SSL-Technologie (Secure Socket Layer) gesch\u00fctzt.<\/p>\n<p>Ihre Rechte<\/p>\n<p>Denken Sie bitte daran:<\/p>\n<ul>\n<li>Sie haben das Recht, Ihre Einwilligung jederzeit zu widerrufen. Wenn Sie Ihre Einwilligung widerrufen m\u00f6chten, schreiben Sie uns bitte.<\/li>\n<li>Sie haben das Recht, den Zugriff auf Ihre pers\u00f6nlichen Daten zu verlangen.<\/li>\n<li>Sie haben das Recht, Ihre pers\u00f6nlichen Daten zu korrigieren und sogar zu l\u00f6schen.<\/li>\n<\/ul>\n<p>Wenn Sie Zweifel oder Fragen haben, kontaktieren Sie uns bitte.<\/p>\n<p>&nbsp;<\/p>\n<p>&nbsp;<\/p>\n","protected":false},"excerpt":{"rendered":"<p>Die Angabe von beliebigen personenbezogenen Daten ist immer freiwillig. Jederzeit haben Sie das Recht auf Aktualisierung oder v\u00f6llige L\u00f6schung Ihrer personenbezogenen Daten. \u00a01. Administrator personenbezogener Daten romektransport.pl Der Administrator der personenbezogenen Daten der Website romektransport.pl (im Folgenden: Administrator) ist: Firma Handlowo-Us\u0142ugowa KATAMI Katarzyna Mizera ul. Foluszowa 108G 65-751 Zielona G\u00f3ra St.-Nr. (NIP) 9291690409 Gewerbeanmeldungsnummer (REGON) [&hellip;]<\/p>\n","protected":false},"author":2,"featured_media":3427,"parent":0,"menu_order":0,"comment_status":"closed","ping_status":"closed","template":"","meta":{"_et_pb_use_builder":"","_et_pb_old_content":"","_et_gb_content_width":"","footnotes":""},"class_list":["post-1118","page","type-page","status-publish","has-post-thumbnail","hentry"],"yoast_head":"<!-- This site is optimized with the Yoast SEO plugin v25.9 - https:\/\/yoast.com\/wordpress\/plugins\/seo\/ -->\n<title>Datenschutzerkl\u00e4rung und Cookies - KATAMI<\/title>\n<meta name=\"robots\" content=\"index, follow, max-snippet:-1, max-image-preview:large, max-video-preview:-1\" \/>\n<link rel=\"canonical\" href=\"https:\/\/katami-containers.eu\/de\/datenschutzerklaerung-und-cookies\/\" \/>\n<meta property=\"og:locale\" content=\"de_DE\" \/>\n<meta property=\"og:type\" content=\"article\" \/>\n<meta property=\"og:title\" content=\"Datenschutzerkl\u00e4rung und Cookies - KATAMI\" \/>\n<meta property=\"og:description\" content=\"Die Angabe von beliebigen personenbezogenen Daten ist immer freiwillig. Jederzeit haben Sie das Recht auf Aktualisierung oder v\u00f6llige L\u00f6schung Ihrer personenbezogenen Daten. \u00a01. Administrator personenbezogener Daten romektransport.pl Der Administrator der personenbezogenen Daten der Website romektransport.pl (im Folgenden: Administrator) ist: Firma Handlowo-Us\u0142ugowa KATAMI Katarzyna Mizera ul. Foluszowa 108G 65-751 Zielona G\u00f3ra St.-Nr. (NIP) 9291690409 Gewerbeanmeldungsnummer (REGON) [&hellip;]\" \/>\n<meta property=\"og:url\" content=\"https:\/\/katami-containers.eu\/de\/datenschutzerklaerung-und-cookies\/\" \/>\n<meta property=\"og:site_name\" content=\"KATAMI\" \/>\n<meta property=\"article:modified_time\" content=\"2025-09-23T18:27:23+00:00\" \/>\n<meta property=\"og:image\" content=\"https:\/\/katami-containers.eu\/wp-content\/uploads\/katami-kontener-zdjecie-blog.webp\" \/>\n\t<meta property=\"og:image:width\" content=\"2000\" \/>\n\t<meta property=\"og:image:height\" content=\"1500\" \/>\n\t<meta property=\"og:image:type\" content=\"image\/webp\" \/>\n<meta name=\"twitter:card\" content=\"summary_large_image\" \/>\n<meta name=\"twitter:label1\" content=\"Gesch\u00e4tzte Lesezeit\" \/>\n\t<meta name=\"twitter:data1\" content=\"4\u00a0Minuten\" \/>\n<script type=\"application\/ld+json\" class=\"yoast-schema-graph\">{\"@context\":\"https:\/\/schema.org\",\"@graph\":[{\"@type\":\"WebPage\",\"@id\":\"https:\/\/katami-containers.eu\/de\/datenschutzerklaerung-und-cookies\/\",\"url\":\"https:\/\/katami-containers.eu\/de\/datenschutzerklaerung-und-cookies\/\",\"name\":\"Datenschutzerkl\u00e4rung und Cookies - KATAMI\",\"isPartOf\":{\"@id\":\"https:\/\/katami-containers.eu\/#website\"},\"primaryImageOfPage\":{\"@id\":\"https:\/\/katami-containers.eu\/de\/datenschutzerklaerung-und-cookies\/#primaryimage\"},\"image\":{\"@id\":\"https:\/\/katami-containers.eu\/de\/datenschutzerklaerung-und-cookies\/#primaryimage\"},\"thumbnailUrl\":\"https:\/\/katami-containers.eu\/wp-content\/uploads\/katami-kontener-zdjecie-blog.webp\",\"datePublished\":\"2021-11-30T14:28:46+00:00\",\"dateModified\":\"2025-09-23T18:27:23+00:00\",\"breadcrumb\":{\"@id\":\"https:\/\/katami-containers.eu\/de\/datenschutzerklaerung-und-cookies\/#breadcrumb\"},\"inLanguage\":\"de\",\"potentialAction\":[{\"@type\":\"ReadAction\",\"target\":[\"https:\/\/katami-containers.eu\/de\/datenschutzerklaerung-und-cookies\/\"]}]},{\"@type\":\"ImageObject\",\"inLanguage\":\"de\",\"@id\":\"https:\/\/katami-containers.eu\/de\/datenschutzerklaerung-und-cookies\/#primaryimage\",\"url\":\"https:\/\/katami-containers.eu\/wp-content\/uploads\/katami-kontener-zdjecie-blog.webp\",\"contentUrl\":\"https:\/\/katami-containers.eu\/wp-content\/uploads\/katami-kontener-zdjecie-blog.webp\",\"width\":2000,\"height\":1500,\"caption\":\"Kontener biurowo-socjalny stoj\u0105cy na nawierzchni z kostki\"},{\"@type\":\"BreadcrumbList\",\"@id\":\"https:\/\/katami-containers.eu\/de\/datenschutzerklaerung-und-cookies\/#breadcrumb\",\"itemListElement\":[{\"@type\":\"ListItem\",\"position\":1,\"name\":\"Home\",\"item\":\"https:\/\/katami-containers.eu\/de\/\"},{\"@type\":\"ListItem\",\"position\":2,\"name\":\"Datenschutzerkl\u00e4rung und Cookies\"}]},{\"@type\":\"WebSite\",\"@id\":\"https:\/\/katami-containers.eu\/#website\",\"url\":\"https:\/\/katami-containers.eu\/\",\"name\":\"KATAMI\",\"description\":\"Producent kontener\u00f3w: biurowe, socjalne, handlowe i inne\",\"potentialAction\":[{\"@type\":\"SearchAction\",\"target\":{\"@type\":\"EntryPoint\",\"urlTemplate\":\"https:\/\/katami-containers.eu\/?s={search_term_string}\"},\"query-input\":{\"@type\":\"PropertyValueSpecification\",\"valueRequired\":true,\"valueName\":\"search_term_string\"}}],\"inLanguage\":\"de\"}]}<\/script>\n<!-- \/ Yoast SEO plugin. -->","yoast_head_json":{"title":"Datenschutzerkl\u00e4rung und Cookies - KATAMI","robots":{"index":"index","follow":"follow","max-snippet":"max-snippet:-1","max-image-preview":"max-image-preview:large","max-video-preview":"max-video-preview:-1"},"canonical":"https:\/\/katami-containers.eu\/de\/datenschutzerklaerung-und-cookies\/","og_locale":"de_DE","og_type":"article","og_title":"Datenschutzerkl\u00e4rung und Cookies - KATAMI","og_description":"Die Angabe von beliebigen personenbezogenen Daten ist immer freiwillig. Jederzeit haben Sie das Recht auf Aktualisierung oder v\u00f6llige L\u00f6schung Ihrer personenbezogenen Daten. \u00a01. Administrator personenbezogener Daten romektransport.pl Der Administrator der personenbezogenen Daten der Website romektransport.pl (im Folgenden: Administrator) ist: Firma Handlowo-Us\u0142ugowa KATAMI Katarzyna Mizera ul. Foluszowa 108G 65-751 Zielona G\u00f3ra St.-Nr. (NIP) 9291690409 Gewerbeanmeldungsnummer (REGON) [&hellip;]","og_url":"https:\/\/katami-containers.eu\/de\/datenschutzerklaerung-und-cookies\/","og_site_name":"KATAMI","article_modified_time":"2025-09-23T18:27:23+00:00","og_image":[{"width":2000,"height":1500,"url":"https:\/\/katami-containers.eu\/wp-content\/uploads\/katami-kontener-zdjecie-blog.webp","type":"image\/webp"}],"twitter_card":"summary_large_image","twitter_misc":{"Gesch\u00e4tzte Lesezeit":"4\u00a0Minuten"},"schema":{"@context":"https:\/\/schema.org","@graph":[{"@type":"WebPage","@id":"https:\/\/katami-containers.eu\/de\/datenschutzerklaerung-und-cookies\/","url":"https:\/\/katami-containers.eu\/de\/datenschutzerklaerung-und-cookies\/","name":"Datenschutzerkl\u00e4rung und Cookies - KATAMI","isPartOf":{"@id":"https:\/\/katami-containers.eu\/#website"},"primaryImageOfPage":{"@id":"https:\/\/katami-containers.eu\/de\/datenschutzerklaerung-und-cookies\/#primaryimage"},"image":{"@id":"https:\/\/katami-containers.eu\/de\/datenschutzerklaerung-und-cookies\/#primaryimage"},"thumbnailUrl":"https:\/\/katami-containers.eu\/wp-content\/uploads\/katami-kontener-zdjecie-blog.webp","datePublished":"2021-11-30T14:28:46+00:00","dateModified":"2025-09-23T18:27:23+00:00","breadcrumb":{"@id":"https:\/\/katami-containers.eu\/de\/datenschutzerklaerung-und-cookies\/#breadcrumb"},"inLanguage":"de","potentialAction":[{"@type":"ReadAction","target":["https:\/\/katami-containers.eu\/de\/datenschutzerklaerung-und-cookies\/"]}]},{"@type":"ImageObject","inLanguage":"de","@id":"https:\/\/katami-containers.eu\/de\/datenschutzerklaerung-und-cookies\/#primaryimage","url":"https:\/\/katami-containers.eu\/wp-content\/uploads\/katami-kontener-zdjecie-blog.webp","contentUrl":"https:\/\/katami-containers.eu\/wp-content\/uploads\/katami-kontener-zdjecie-blog.webp","width":2000,"height":1500,"caption":"Kontener biurowo-socjalny stoj\u0105cy na nawierzchni z kostki"},{"@type":"BreadcrumbList","@id":"https:\/\/katami-containers.eu\/de\/datenschutzerklaerung-und-cookies\/#breadcrumb","itemListElement":[{"@type":"ListItem","position":1,"name":"Home","item":"https:\/\/katami-containers.eu\/de\/"},{"@type":"ListItem","position":2,"name":"Datenschutzerkl\u00e4rung und Cookies"}]},{"@type":"WebSite","@id":"https:\/\/katami-containers.eu\/#website","url":"https:\/\/katami-containers.eu\/","name":"KATAMI","description":"Producent kontener\u00f3w: biurowe, socjalne, handlowe i inne","potentialAction":[{"@type":"SearchAction","target":{"@type":"EntryPoint","urlTemplate":"https:\/\/katami-containers.eu\/?s={search_term_string}"},"query-input":{"@type":"PropertyValueSpecification","valueRequired":true,"valueName":"search_term_string"}}],"inLanguage":"de"}]}},"_links":{"self":[{"href":"https:\/\/katami-containers.eu\/de\/wp-json\/wp\/v2\/pages\/1118","targetHints":{"allow":["GET"]}}],"collection":[{"href":"https:\/\/katami-containers.eu\/de\/wp-json\/wp\/v2\/pages"}],"about":[{"href":"https:\/\/katami-containers.eu\/de\/wp-json\/wp\/v2\/types\/page"}],"author":[{"embeddable":true,"href":"https:\/\/katami-containers.eu\/de\/wp-json\/wp\/v2\/users\/2"}],"replies":[{"embeddable":true,"href":"https:\/\/katami-containers.eu\/de\/wp-json\/wp\/v2\/comments?post=1118"}],"version-history":[{"count":3,"href":"https:\/\/katami-containers.eu\/de\/wp-json\/wp\/v2\/pages\/1118\/revisions"}],"predecessor-version":[{"id":1327,"href":"https:\/\/katami-containers.eu\/de\/wp-json\/wp\/v2\/pages\/1118\/revisions\/1327"}],"wp:featuredmedia":[{"embeddable":true,"href":"https:\/\/katami-containers.eu\/de\/wp-json\/wp\/v2\/media\/3427"}],"wp:attachment":[{"href":"https:\/\/katami-containers.eu\/de\/wp-json\/wp\/v2\/media?parent=1118"}],"curies":[{"name":"wp","href":"https:\/\/api.w.org\/{rel}","templated":true}]}}