{"id":1849,"date":"2023-06-19T12:42:42","date_gmt":"2023-06-19T10:42:42","guid":{"rendered":"https:\/\/katami-containers.eu\/?page_id=1849"},"modified":"2025-09-23T20:15:13","modified_gmt":"2025-09-23T18:15:13","slug":"wach-container","status":"publish","type":"page","link":"https:\/\/katami-containers.eu\/de\/container\/wach-container\/","title":{"rendered":"Wach-Container"},"content":{"rendered":"<p>[et_pb_section fb_built=&#8220;1&#8243; _builder_version=&#8220;4.19.0&#8243; _module_preset=&#8220;default&#8220; global_colors_info=&#8220;{}&#8220;][et_pb_row _builder_version=&#8220;4.19.0&#8243; _module_preset=&#8220;default&#8220; locked=&#8220;off&#8220; global_colors_info=&#8220;{}&#8220;][et_pb_column type=&#8220;4_4&#8243; _builder_version=&#8220;4.19.0&#8243; _module_preset=&#8220;default&#8220; global_colors_info=&#8220;{}&#8220;][et_pb_code _builder_version=&#8220;4.19.0&#8243; _module_preset=&#8220;default&#8220; global_colors_info=&#8220;{}&#8220;]<\/p>\n<div itemscope itemtype=\"https:\/\/schema.org\/BreadcrumbList\"><!-- [et_pb_line_break_holder] -->  <span itemprop=\"itemListElement\" itemscope<!-- [et_pb_line_break_holder] -->      itemtype=&#8220;https:\/\/schema.org\/ListItem&#8220;><!-- [et_pb_line_break_holder] -->    <a itemprop=\"item\" href=\"https:\/\/katami-containers.eu\/de\/\"><!-- [et_pb_line_break_holder] -->    <span itemprop=\"name\">Home<\/span><\/a><!-- [et_pb_line_break_holder] -->    <meta itemprop=\"position\" content=\"1\" \/><!-- [et_pb_line_break_holder] -->  <\/span> >><!-- [et_pb_line_break_holder] -->  <span itemprop=\"itemListElement\" itemscope<!-- [et_pb_line_break_holder] -->      itemtype=&#8220;https:\/\/schema.org\/ListItem&#8220;><!-- [et_pb_line_break_holder] -->    <a itemprop=\"item\" href=\"https:\/\/katami-containers.eu\/de\/container\/\"><!-- [et_pb_line_break_holder] -->    <span itemprop=\"name\"> Container<\/span><\/a><!-- [et_pb_line_break_holder] -->    <meta itemprop=\"position\" content=\"2\" \/><!-- [et_pb_line_break_holder] -->  <\/span><!-- [et_pb_line_break_holder] -->  >> <b>Wach-Container<\/b><!-- [et_pb_line_break_holder] --><\/div>\n<p>[\/et_pb_code][\/et_pb_column][\/et_pb_row][et_pb_row column_structure=&#8220;3_5,2_5&#8243; _builder_version=&#8220;4.19.0&#8243; _module_preset=&#8220;default&#8220; global_colors_info=&#8220;{}&#8220;][et_pb_column type=&#8220;3_5&#8243; _builder_version=&#8220;4.19.0&#8243; _module_preset=&#8220;default&#8220; global_colors_info=&#8220;{}&#8220;][et_pb_text _builder_version=&#8220;4.19.0&#8243; _module_preset=&#8220;default&#8220; global_colors_info=&#8220;{}&#8220;]<\/p>\n<h1>W\u00e4chtercontainer \u2013 ein komfortabler Arbeitsplatz<\/h1>\n<p><span style=\"font-weight: 400;\">M\u00f6chten Sie Ihrem angestellten Wachpersonal ein angenehmes Arbeitsumfeld bieten? Der KATAMI-<\/span><b>Container<\/b><span style=\"font-weight: 400;\"> kann auch als <\/span><b>W\u00e4chtercontainer aus Container<\/b><span style=\"font-weight: 400;\"> oder als Portierloge verwendet werden. Dank ihrer Funktionalit\u00e4t und hochwertigen Verarbeitung erm\u00f6glichen sie die \u00dcberwachung an den unterschiedlichsten Orten. Die <\/span><b>W\u00e4chtercontainer<\/b><span style=\"font-weight: 400;\"> sind, wie die anderen <\/span><b>Container<\/b><span style=\"font-weight: 400;\"> aus unserem Sortiment, aus <\/span><span style=\"font-weight: 400;\">Schichtplatten gefertigt, die eine sichere Nutzung unabh\u00e4ngig von der Jahreszeit erm\u00f6glichen. Jeder <\/span><b>W\u00e4chtercontainer<\/b><span style=\"font-weight: 400;\"> ist ein funktionaler und sicherer Arbeitsplatz. Sind Sie interessiert? Nehmen Sie Kontakt mit uns auf. Erfahren Sie, wie unsere W\u00e4chtercontainer Modernit\u00e4t mit Zweckm\u00e4\u00dfigkeit vereinen.<\/span><span style=\"font-weight: 400;\"><br \/><\/span><\/p>\n<p>[\/et_pb_text][\/et_pb_column][et_pb_column type=&#8220;2_5&#8243; _builder_version=&#8220;4.19.0&#8243; _module_preset=&#8220;default&#8220; global_colors_info=&#8220;{}&#8220;][et_pb_image src=&#8220;https:\/\/katami-containers.eu\/wp-content\/uploads\/Bilder-Anlieferung-22.06.22.jpg&#8220; title_text=&#8220;Bilder Anlieferung 22.06.22&#8243; _builder_version=&#8220;4.19.0&#8243; _module_preset=&#8220;default&#8220; global_colors_info=&#8220;{}&#8220;][\/et_pb_image][\/et_pb_column][\/et_pb_row][et_pb_row _builder_version=&#8220;4.19.0&#8243; _module_preset=&#8220;default&#8220; global_colors_info=&#8220;{}&#8220;][et_pb_column type=&#8220;4_4&#8243; _builder_version=&#8220;4.19.0&#8243; _module_preset=&#8220;default&#8220; global_colors_info=&#8220;{}&#8220;][et_pb_text _builder_version=&#8220;4.19.0&#8243; _module_preset=&#8220;default&#8220; global_colors_info=&#8220;{}&#8220;]<\/p>\n<h2>W\u00e4chtercontainer \u2013 Qualit\u00e4t der KATAMI-Dienstleistungen<\/h2>\n<p><span style=\"font-weight: 400;\">Das Wachh\u00e4uschen<\/span> <span style=\"font-weight: 400;\">ist ein kleiner<\/span><b> W\u00e4chtercontainer aus Container<\/b><span style=\"font-weight: 400;\">, der in der Regel auf dem Gel\u00e4nde installiert wird, wo sich eine Bauinvestition, ein Parkplatz oder eine Industrieanlage befindet. Kontaktieren Sie uns, wenn Sie Ihre eigene Anlage dieser Art ausstatten m\u00f6chten. <\/span><span style=\"font-weight: 400;\">Wir haben uns um die pr\u00e4zise und \u00e4sthetisch ansprechende Ausf\u00fchrung jedes <\/span><b>W\u00e4chtercontainers <\/b><span style=\"font-weight: 400;\">gek\u00fcmmert, damit der <\/span><span style=\"font-weight: 400;\">KATAMI-<\/span> <b>W\u00e4chtercontainer aus Container <\/b><span style=\"font-weight: 400;\">nicht nur funktionell ist, sondern auch auff\u00e4llig aussieht. Wir bieten einen umfassenden Service, der auch Transport und Montage umfasst. Auf Wunsch des Kunden kann der <\/span><b>W\u00e4chtercontainer<\/b><span style=\"font-weight: 400;\"> mit zus\u00e4tzlichen Einrichtungen ausgestattet werden. M\u00f6chten Sie Ihr Unternehmen zum Besseren ver\u00e4ndern? Entdecken Sie M\u00f6glichkeiten, die Ihnen die Katami-<\/span><b>W\u00e4chtercontainer <\/b><span style=\"font-weight: 400;\">bieten.<\/span><\/p>\n<p>[\/et_pb_text][et_pb_text _builder_version=&#8220;4.19.0&#8243; _module_preset=&#8220;default&#8220; global_colors_info=&#8220;{}&#8220;]<\/p>\n<h2>W\u00e4chtercontainer &#8211; eine einfache und praktische L\u00f6sung<\/h2>\n<p>Der Kauf <strong>eines W\u00e4chtercontainers aus Container ist eine sehr funktionelle<\/strong> L\u00f6sung, nicht nur weil er das ganze Jahr \u00fcber genutzt werden kann. Er zeichnet sich auch durch eine schnelle und einfache Montage aus. Das spart wertvolle Zeit bei der Vorbereitung des Raumes f\u00fcr die Nutzung. Dank der Standardma\u00dfe (5,0 \u00d7 3,0 \u00d7 2,8 m\/6,0 \u00d7 3,0 \u00d7 2,8 m\/7,0 \u00d7 3,0 \u00d7 2,8 m) <strong>des W\u00e4chtercontainers<\/strong> kann er auch mit anderen <strong>Containern<\/strong> gleicher Gr\u00f6\u00dfe frei kombiniert werden, um noch gr\u00f6\u00dfere W\u00e4chterhauskomplexe zu schaffen. Zudem lassen sie sich aufgrund ihrer geringen Gr\u00f6\u00dfe auch in kleinen und beengten Umgebungen unterbringen.<\/p>\n<p>[\/et_pb_text][et_pb_text _builder_version=&#8220;4.19.0&#8243; _module_preset=&#8220;default&#8220; global_colors_info=&#8220;{}&#8220;]<\/p>\n<h2>Annehmlichkeiten im W\u00e4chtercontainer<\/h2>\n<p>Es ist auch erw\u00e4hnenswert, dass unsere zum <b>Verkauf stehenden W\u00e4chtercontainer<\/b> stets mit einer Standard-Elektroinstallation ausgestattet sind. Auf Wunsch der Kunden k\u00f6nnen wir verschiedene Einrichtungen wie eine Toilette mit Waschbecken, Internet- und Telefonanschluss, \u00dcberwachungssysteme sowie sogar Wandjalousien einbauen. Dadurch wird der Nutzungskomfort der <b>Torh\u00e4user<\/b> erheblich erh\u00f6ht. Dar\u00fcber hinaus umfasst die Personalisierung auch die Anzahl und Gr\u00f6\u00dfe der Fenster sowie deren Varianten \u2013 feststehend oder kippbar. Dies erm\u00f6glicht eine bessere Anpassung der <b>Torhaus-Container<\/b> an individuelle Bed\u00fcrfnisse.[\/et_pb_text][et_pb_text _builder_version=&#8220;4.19.0&#8243; _module_preset=&#8220;default&#8220; global_colors_info=&#8220;{}&#8220;]<\/p>\n<h2>H\u00e4ufig gestellte Fragen<\/h2>\n<h3>Sind die Torh\u00e4user isoliert? Welche Art und Dicke der D\u00e4mmung wird verwendet?<\/h3>\n<p>Ja, die <strong>Torh\u00e4user<\/strong> sind vollst\u00e4ndig isoliert. Sowohl die W\u00e4nde als auch der Boden bestehen aus hochwertigen PIR-Platten mit einer St\u00e4rke von 100 mm \u2013 einem der derzeit besten W\u00e4rmed\u00e4mmmaterialien. Zus\u00e4tzlich enth\u00e4lt der Boden eine 10 mm starke OSB-Platte sowie einen strapazierf\u00e4higen Industriebelag.<\/p>\n<p>[\/et_pb_text][et_pb_text _builder_version=&#8220;4.19.0&#8243; _module_preset=&#8220;default&#8220; global_colors_info=&#8220;{}&#8220;]<\/p>\n<h3>Wie lange h\u00e4lt ein zum Verkauf angebotener W\u00e4chtercontainer?<\/h3>\n<p>Die Lebensdauer eines <strong>Wachhauses<\/strong> <strong>vom Hersteller<\/strong> betr\u00e4gt durchschnittlich 20 bis 30 Jahre. Bei entsprechender Pflege und Wartung kann sie jedoch deutlich l\u00e4nger sein. Die Langlebigkeit der von uns gefertigten Torhauscontainer wird durch robuste Materialien wie PIR-Platten und eine stabile Stahlkonstruktion gew\u00e4hrleistet.<\/p>\n<p>[\/et_pb_text][et_pb_text _builder_version=&#8220;4.19.0&#8243; _module_preset=&#8220;default&#8220; global_colors_info=&#8220;{}&#8220;]<\/p>\n<h3>Wie wird ein ma\u00dfgeschneiderter Wachhauscontainer aus Stahl richtig gepflegt?<\/h3>\n<p>Um den Zustand der <strong>Torh\u00e4user<\/strong> langfristig zu erhalten, empfehlen wir:<\/p>\n<ul>\n<li>regelm\u00e4\u00dfige Reinigung und Pflege der Au\u00dfenfl\u00e4chen, insbesondere Korrosionsschutz durch geeignete Beschichtungen;<\/li>\n<li>\u00dcberpr\u00fcfung und Erhaltung der W\u00e4rmed\u00e4mmung (W\u00e4nde, Dach, Fenster- und T\u00fcrdichtungen);<\/li>\n<li>regelm\u00e4\u00dfige Kontrolle der elektrischen Anlagen und Bel\u00fcftungssysteme.<\/li>\n<\/ul>\n<p>[\/et_pb_text][\/et_pb_column][\/et_pb_row][\/et_pb_section]<\/p>\n","protected":false},"excerpt":{"rendered":"<p>W\u00e4chtercontainer \u2013 ein komfortabler Arbeitsplatz M\u00f6chten Sie Ihrem angestellten Wachpersonal ein angenehmes Arbeitsumfeld bieten? Der KATAMI-Container kann auch als W\u00e4chtercontainer aus Container oder als Portierloge verwendet werden. Dank ihrer Funktionalit\u00e4t und hochwertigen Verarbeitung erm\u00f6glichen sie die \u00dcberwachung an den unterschiedlichsten Orten. Die W\u00e4chtercontainer sind, wie die anderen Container aus unserem Sortiment, aus Schichtplatten gefertigt, die [&hellip;]<\/p>\n","protected":false},"author":3,"featured_media":3397,"parent":1107,"menu_order":0,"comment_status":"closed","ping_status":"closed","template":"","meta":{"_et_pb_use_builder":"on","_et_pb_old_content":"","_et_gb_content_width":"","footnotes":""},"class_list":["post-1849","page","type-page","status-publish","has-post-thumbnail","hentry"],"yoast_head":"<!-- This site is optimized with the Yoast SEO plugin v25.9 - https:\/\/yoast.com\/wordpress\/plugins\/seo\/ -->\n<title>Wach-Container - KATAMI<\/title>\n<meta name=\"description\" content=\"KATAMI Container \u2013 ideal als Torhaus. Funktional und hochwertig, perfekt f\u00fcr die \u00dcberwachung vieler Orte.\" \/>\n<meta name=\"robots\" content=\"index, follow, max-snippet:-1, max-image-preview:large, max-video-preview:-1\" \/>\n<link rel=\"canonical\" href=\"https:\/\/katami-containers.eu\/de\/container\/wach-container\/\" \/>\n<meta property=\"og:locale\" content=\"de_DE\" \/>\n<meta property=\"og:type\" content=\"article\" \/>\n<meta property=\"og:title\" content=\"Wach-Container - KATAMI\" \/>\n<meta property=\"og:description\" content=\"KATAMI Container \u2013 ideal als Torhaus. Funktional und hochwertig, perfekt f\u00fcr die \u00dcberwachung vieler Orte.\" \/>\n<meta property=\"og:url\" content=\"https:\/\/katami-containers.eu\/de\/container\/wach-container\/\" \/>\n<meta property=\"og:site_name\" content=\"KATAMI\" \/>\n<meta property=\"article:modified_time\" content=\"2025-09-23T18:15:13+00:00\" \/>\n<meta property=\"og:image\" content=\"https:\/\/katami-containers.eu\/wp-content\/uploads\/Bilder-Anlieferung-22.06.22.webp\" \/>\n\t<meta property=\"og:image:width\" content=\"1416\" \/>\n\t<meta property=\"og:image:height\" content=\"1062\" \/>\n\t<meta property=\"og:image:type\" content=\"image\/webp\" \/>\n<meta name=\"twitter:card\" content=\"summary_large_image\" \/>\n<meta name=\"twitter:label1\" content=\"Gesch\u00e4tzte Lesezeit\" \/>\n\t<meta name=\"twitter:data1\" content=\"4\u00a0Minuten\" \/>\n<script type=\"application\/ld+json\" class=\"yoast-schema-graph\">{\"@context\":\"https:\/\/schema.org\",\"@graph\":[{\"@type\":\"WebPage\",\"@id\":\"https:\/\/katami-containers.eu\/de\/container\/wach-container\/\",\"url\":\"https:\/\/katami-containers.eu\/de\/container\/wach-container\/\",\"name\":\"Wach-Container - KATAMI\",\"isPartOf\":{\"@id\":\"https:\/\/katami-containers.eu\/#website\"},\"primaryImageOfPage\":{\"@id\":\"https:\/\/katami-containers.eu\/de\/container\/wach-container\/#primaryimage\"},\"image\":{\"@id\":\"https:\/\/katami-containers.eu\/de\/container\/wach-container\/#primaryimage\"},\"thumbnailUrl\":\"https:\/\/katami-containers.eu\/wp-content\/uploads\/Bilder-Anlieferung-22.06.22.webp\",\"datePublished\":\"2023-06-19T10:42:42+00:00\",\"dateModified\":\"2025-09-23T18:15:13+00:00\",\"description\":\"KATAMI Container \u2013 ideal als Torhaus. Funktional und hochwertig, perfekt f\u00fcr die \u00dcberwachung vieler Orte.\",\"breadcrumb\":{\"@id\":\"https:\/\/katami-containers.eu\/de\/container\/wach-container\/#breadcrumb\"},\"inLanguage\":\"de\",\"potentialAction\":[{\"@type\":\"ReadAction\",\"target\":[\"https:\/\/katami-containers.eu\/de\/container\/wach-container\/\"]}]},{\"@type\":\"ImageObject\",\"inLanguage\":\"de\",\"@id\":\"https:\/\/katami-containers.eu\/de\/container\/wach-container\/#primaryimage\",\"url\":\"https:\/\/katami-containers.eu\/wp-content\/uploads\/Bilder-Anlieferung-22.06.22.webp\",\"contentUrl\":\"https:\/\/katami-containers.eu\/wp-content\/uploads\/Bilder-Anlieferung-22.06.22.webp\",\"width\":1416,\"height\":1062,\"caption\":\"Wach-Container\"},{\"@type\":\"BreadcrumbList\",\"@id\":\"https:\/\/katami-containers.eu\/de\/container\/wach-container\/#breadcrumb\",\"itemListElement\":[{\"@type\":\"ListItem\",\"position\":1,\"name\":\"Home\",\"item\":\"https:\/\/katami-containers.eu\/de\/\"},{\"@type\":\"ListItem\",\"position\":2,\"name\":\"CONTAINERANGEBOT\",\"item\":\"https:\/\/katami-containers.eu\/de\/container\/\"},{\"@type\":\"ListItem\",\"position\":3,\"name\":\"Wach-Container\"}]},{\"@type\":\"WebSite\",\"@id\":\"https:\/\/katami-containers.eu\/#website\",\"url\":\"https:\/\/katami-containers.eu\/\",\"name\":\"KATAMI\",\"description\":\"Producent kontener\u00f3w: biurowe, socjalne, handlowe i inne\",\"potentialAction\":[{\"@type\":\"SearchAction\",\"target\":{\"@type\":\"EntryPoint\",\"urlTemplate\":\"https:\/\/katami-containers.eu\/?s={search_term_string}\"},\"query-input\":{\"@type\":\"PropertyValueSpecification\",\"valueRequired\":true,\"valueName\":\"search_term_string\"}}],\"inLanguage\":\"de\"}]}<\/script>\n<!-- \/ Yoast SEO plugin. -->","yoast_head_json":{"title":"Wach-Container - KATAMI","description":"KATAMI Container \u2013 ideal als Torhaus. Funktional und hochwertig, perfekt f\u00fcr die \u00dcberwachung vieler Orte.","robots":{"index":"index","follow":"follow","max-snippet":"max-snippet:-1","max-image-preview":"max-image-preview:large","max-video-preview":"max-video-preview:-1"},"canonical":"https:\/\/katami-containers.eu\/de\/container\/wach-container\/","og_locale":"de_DE","og_type":"article","og_title":"Wach-Container - KATAMI","og_description":"KATAMI Container \u2013 ideal als Torhaus. Funktional und hochwertig, perfekt f\u00fcr die \u00dcberwachung vieler Orte.","og_url":"https:\/\/katami-containers.eu\/de\/container\/wach-container\/","og_site_name":"KATAMI","article_modified_time":"2025-09-23T18:15:13+00:00","og_image":[{"width":1416,"height":1062,"url":"https:\/\/katami-containers.eu\/wp-content\/uploads\/Bilder-Anlieferung-22.06.22.webp","type":"image\/webp"}],"twitter_card":"summary_large_image","twitter_misc":{"Gesch\u00e4tzte Lesezeit":"4\u00a0Minuten"},"schema":{"@context":"https:\/\/schema.org","@graph":[{"@type":"WebPage","@id":"https:\/\/katami-containers.eu\/de\/container\/wach-container\/","url":"https:\/\/katami-containers.eu\/de\/container\/wach-container\/","name":"Wach-Container - KATAMI","isPartOf":{"@id":"https:\/\/katami-containers.eu\/#website"},"primaryImageOfPage":{"@id":"https:\/\/katami-containers.eu\/de\/container\/wach-container\/#primaryimage"},"image":{"@id":"https:\/\/katami-containers.eu\/de\/container\/wach-container\/#primaryimage"},"thumbnailUrl":"https:\/\/katami-containers.eu\/wp-content\/uploads\/Bilder-Anlieferung-22.06.22.webp","datePublished":"2023-06-19T10:42:42+00:00","dateModified":"2025-09-23T18:15:13+00:00","description":"KATAMI Container \u2013 ideal als Torhaus. Funktional und hochwertig, perfekt f\u00fcr die \u00dcberwachung vieler Orte.","breadcrumb":{"@id":"https:\/\/katami-containers.eu\/de\/container\/wach-container\/#breadcrumb"},"inLanguage":"de","potentialAction":[{"@type":"ReadAction","target":["https:\/\/katami-containers.eu\/de\/container\/wach-container\/"]}]},{"@type":"ImageObject","inLanguage":"de","@id":"https:\/\/katami-containers.eu\/de\/container\/wach-container\/#primaryimage","url":"https:\/\/katami-containers.eu\/wp-content\/uploads\/Bilder-Anlieferung-22.06.22.webp","contentUrl":"https:\/\/katami-containers.eu\/wp-content\/uploads\/Bilder-Anlieferung-22.06.22.webp","width":1416,"height":1062,"caption":"Wach-Container"},{"@type":"BreadcrumbList","@id":"https:\/\/katami-containers.eu\/de\/container\/wach-container\/#breadcrumb","itemListElement":[{"@type":"ListItem","position":1,"name":"Home","item":"https:\/\/katami-containers.eu\/de\/"},{"@type":"ListItem","position":2,"name":"CONTAINERANGEBOT","item":"https:\/\/katami-containers.eu\/de\/container\/"},{"@type":"ListItem","position":3,"name":"Wach-Container"}]},{"@type":"WebSite","@id":"https:\/\/katami-containers.eu\/#website","url":"https:\/\/katami-containers.eu\/","name":"KATAMI","description":"Producent kontener\u00f3w: biurowe, socjalne, handlowe i inne","potentialAction":[{"@type":"SearchAction","target":{"@type":"EntryPoint","urlTemplate":"https:\/\/katami-containers.eu\/?s={search_term_string}"},"query-input":{"@type":"PropertyValueSpecification","valueRequired":true,"valueName":"search_term_string"}}],"inLanguage":"de"}]}},"_links":{"self":[{"href":"https:\/\/katami-containers.eu\/de\/wp-json\/wp\/v2\/pages\/1849","targetHints":{"allow":["GET"]}}],"collection":[{"href":"https:\/\/katami-containers.eu\/de\/wp-json\/wp\/v2\/pages"}],"about":[{"href":"https:\/\/katami-containers.eu\/de\/wp-json\/wp\/v2\/types\/page"}],"author":[{"embeddable":true,"href":"https:\/\/katami-containers.eu\/de\/wp-json\/wp\/v2\/users\/3"}],"replies":[{"embeddable":true,"href":"https:\/\/katami-containers.eu\/de\/wp-json\/wp\/v2\/comments?post=1849"}],"version-history":[{"count":11,"href":"https:\/\/katami-containers.eu\/de\/wp-json\/wp\/v2\/pages\/1849\/revisions"}],"predecessor-version":[{"id":4225,"href":"https:\/\/katami-containers.eu\/de\/wp-json\/wp\/v2\/pages\/1849\/revisions\/4225"}],"up":[{"embeddable":true,"href":"https:\/\/katami-containers.eu\/de\/wp-json\/wp\/v2\/pages\/1107"}],"wp:featuredmedia":[{"embeddable":true,"href":"https:\/\/katami-containers.eu\/de\/wp-json\/wp\/v2\/media\/3397"}],"wp:attachment":[{"href":"https:\/\/katami-containers.eu\/de\/wp-json\/wp\/v2\/media?parent=1849"}],"curies":[{"name":"wp","href":"https:\/\/api.w.org\/{rel}","templated":true}]}}