{"id":1882,"date":"2023-06-19T13:57:09","date_gmt":"2023-06-19T11:57:09","guid":{"rendered":"https:\/\/katami-containers.eu\/container\/kiosk\/"},"modified":"2025-09-23T16:09:36","modified_gmt":"2025-09-23T14:09:36","slug":"kiosk","status":"publish","type":"page","link":"https:\/\/katami-containers.eu\/de\/container\/kiosk\/","title":{"rendered":"Kiosk"},"content":{"rendered":"<p>[et_pb_section fb_built=&#8220;1&#8243; admin_label=&#8220;section&#8220; _builder_version=&#8220;4.16&#8243; global_colors_info=&#8220;{}&#8220;][et_pb_row _builder_version=&#8220;4.19.0&#8243; _module_preset=&#8220;default&#8220; locked=&#8220;off&#8220; global_colors_info=&#8220;{}&#8220;][et_pb_column type=&#8220;4_4&#8243; _builder_version=&#8220;4.19.0&#8243; _module_preset=&#8220;default&#8220; global_colors_info=&#8220;{}&#8220;][et_pb_code _builder_version=&#8220;4.19.0&#8243; _module_preset=&#8220;default&#8220; global_colors_info=&#8220;{}&#8220;]<\/p>\n<div itemscope itemtype=\"https:\/\/schema.org\/BreadcrumbList\"><!-- [et_pb_line_break_holder] -->  <span itemprop=\"itemListElement\" itemscope<!-- [et_pb_line_break_holder] -->      itemtype=&#8220;https:\/\/schema.org\/ListItem&#8220;><!-- [et_pb_line_break_holder] -->    <a itemprop=\"item\" href=\"https:\/\/katami-containers.eu\/de\/\"><!-- [et_pb_line_break_holder] -->    <span itemprop=\"name\">Home<\/span><\/a><!-- [et_pb_line_break_holder] -->    <meta itemprop=\"position\" content=\"1\" \/><!-- [et_pb_line_break_holder] -->  <\/span> >><!-- [et_pb_line_break_holder] -->  <span itemprop=\"itemListElement\" itemscope<!-- [et_pb_line_break_holder] -->      itemtype=&#8220;https:\/\/schema.org\/ListItem&#8220;><!-- [et_pb_line_break_holder] -->    <a itemprop=\"item\" href=\"https:\/\/katami-containers.eu\/de\/container\/\"><!-- [et_pb_line_break_holder] -->    <span itemprop=\"name\"> Container<\/span><\/a><!-- [et_pb_line_break_holder] -->    <meta itemprop=\"position\" content=\"2\" \/><!-- [et_pb_line_break_holder] -->  <\/span><!-- [et_pb_line_break_holder] -->  >> <b>Kiosk<\/b><!-- [et_pb_line_break_holder] --><\/div>\n<p>[\/et_pb_code][\/et_pb_column][\/et_pb_row][et_pb_row column_structure=&#8220;3_5,2_5&#8243; _builder_version=&#8220;4.19.0&#8243; _module_preset=&#8220;default&#8220; global_colors_info=&#8220;{}&#8220;][et_pb_column type=&#8220;3_5&#8243; _builder_version=&#8220;4.19.0&#8243; _module_preset=&#8220;default&#8220; global_colors_info=&#8220;{}&#8220;][et_pb_text _builder_version=&#8220;4.19.0&#8243; _module_preset=&#8220;default&#8220; global_colors_info=&#8220;{}&#8220;]<\/p>\n<h1>Transport von Kiosk-Handelsbeh\u00e4ltern f\u00fcr den Handel<\/h1>\n<p style=\"text-align: justify;\">Haben Sie sich f\u00fcr den Kauf eines <b>Kiosks aus Containern<\/b> entschieden und fragen sich, wie Sie diesen an den gew\u00fcnschten Ort transportieren k\u00f6nnen? Wir haben die ideale L\u00f6sung f\u00fcr Sie!<\/p>\n<p style=\"text-align: justify;\">Dank unserer Zusammenarbeit mit der Firma Romek Transport Sp. z o.o. gew\u00e4hrleisten wir einen schnellen, sicheren und professionellen <b><a href=\"https:\/\/katami-containers.eu\/de\/containertransport\/\">Transport von Kioskcontainern<\/a><\/b> direkt an die angegebene Adresse. Sie k\u00f6nnen sicher sein, dass das bestellte Objekt p\u00fcnktlich und in einwandfreiem Zustand bei Ihnen ankommt.<\/p>\n<p style=\"text-align: justify;\">Bestellen Sie noch heute einen <b>ma\u00dfgeschneiderten Gewerbecontainer aus Stahl<\/b>! Wir k\u00fcmmern uns um die schnelle Fertigung und die z\u00fcgige Lieferung an Ihren Zielort.\n<\/p>\n<p>[\/et_pb_text][\/et_pb_column][et_pb_column type=&#8220;2_5&#8243; _builder_version=&#8220;4.19.0&#8243; _module_preset=&#8220;default&#8220; global_colors_info=&#8220;{}&#8220;][et_pb_image src=&#8220;https:\/\/katami-containers.eu\/wp-content\/uploads\/21.jpg&#8220; alt=&#8220;Unsere Projekte&#8220; title_text=&#8220;Unsere Projekte&#8220; _builder_version=&#8220;4.19.0&#8243; _module_preset=&#8220;default&#8220; global_colors_info=&#8220;{}&#8220;][\/et_pb_image][\/et_pb_column][\/et_pb_row][et_pb_row _builder_version=&#8220;4.19.0&#8243; _module_preset=&#8220;default&#8220; global_colors_info=&#8220;{}&#8220;][et_pb_column type=&#8220;4_4&#8243; _builder_version=&#8220;4.19.0&#8243; _module_preset=&#8220;default&#8220; global_colors_info=&#8220;{}&#8220;][et_pb_text _builder_version=&#8220;4.19.0&#8243; _module_preset=&#8220;default&#8220; global_colors_info=&#8220;{}&#8220;]<\/p>\n<h2>Container als Kioske \u2013 eine umweltfreundliche L\u00f6sung f\u00fcr modernes Bauen<\/h2>\n<p style=\"text-align: justify\"><strong>Kiosk-Container erfreuen sich wachsender Beliebtheit, da sie Funktionalit\u00e4t mit \u00f6kologischen Vorteilen verbinden. Hier sind einige Gr\u00fcnde, warum sie als umweltfreundlich gelten:<\/strong><\/p>\n<ul>\n<li>Minimale Abfallmengen \u2013 Beim Bau von Kiosken entstehen deutlich weniger Abf\u00e4lle im Vergleich zu traditionellen Mauerwerksmethoden;<\/li>\n<li>Energieeffizienz \u2013 Container k\u00f6nnen problemlos mit modernen Stromspartechnologien wie Solarpanels ausgestattet werden;<\/li>\n<li>Geringe Betriebskosten \u2013 Dank der langlebigen Konstruktion ist nur selten eine Wartung erforderlich, was die Betriebskosten senkt und gleichzeitig den Ressourcen- und Energieverbrauch f\u00fcr Reparaturen und Modernisierungen minimiert.<\/li>\n<\/ul>\n<p style=\"text-align: justify\">Bestellen Sie Ihren <b>Kiosk bei einem<\/b> vertrauensw\u00fcrdigen <b>Hersteller<\/b> wie der Firma KATAMI. Wir freuen uns darauf, von Ihnen zu h\u00f6ren!<\/p>\n<p>[\/et_pb_text][et_pb_text _builder_version=&#8220;4.19.0&#8243; _module_preset=&#8220;default&#8220; global_colors_info=&#8220;{}&#8220;]<\/p>\n<hr \/>\n<h2>H\u00e4ufig gestellte Fragen<\/h2>\n<p>&nbsp;<\/p>\n<h3>Welche T\u00e4tigkeiten k\u00f6nnen in einem Container-Kiosk ausge\u00fcbt werden?<\/h3>\n<p><b>Container-Kioske<\/b> sind vielseitige Objekte, die an verschiedene Arten von T\u00e4tigkeiten angepasst werden k\u00f6nnen. Sie eignen sich ideal als Einzelhandelsverkaufsstelle, z. B. als Lebensmittelgesch\u00e4ft, Zeitungskiosk oder Souvenirstand. <b>Containerpavillons<\/b> k\u00f6nnen auch als kleine Gastronomiebetriebe genutzt werden \u2013 als Caf\u00e9s, Fast-Food-Imbisse oder Eisdielen. H\u00e4ufig werden sie auch als Dienstleistungsbetriebe genutzt, z. B. als W\u00e4schereien, Reparaturdienste, Kurierdienste oder kleine Kundendienstb\u00fcros. Dank ihrer Mobilit\u00e4t und einfachen Anpassbarkeit k\u00f6nnen <b>Container-Kioske <\/b>auch als Informationsst\u00e4nde bei verschiedenen Veranstaltungen eingesetzt werden.<\/p>\n<h3>Wie w\u00e4hlt man die Gr\u00f6\u00dfe und Anordnung eines Container-Kiosks entsprechend den Anforderungen der T\u00e4tigkeit aus?<\/h3>\n<p>Die Wahl der Gr\u00f6\u00dfe und Anordnung des Objekts sollte von der Art der T\u00e4tigkeit und dem Platzbedarf abh\u00e4ngen. Als <b>Hersteller von Handelscontainern<\/b> bieten wir die M\u00f6glichkeit, die verf\u00fcgbaren Module mit festen Abmessungen frei zu kombinieren, wodurch gr\u00f6\u00dfere, individuell angepasste Konstruktionen entstehen k\u00f6nnen. So l\u00e4sst sich leicht eine funktionale Innenraumaufteilung planen, die Komfort bei der Arbeit und beim Kundenservice gew\u00e4hrleistet.<br \/>\n<script type=\"application\/ld+json\">\n{\n  \"@context\": \"https:\/\/schema.org\",\n  \"@type\": \"FAQPage\",\n  \"mainEntity\": [{\n    \"@type\": \"Question\",\n    \"name\": \"Welche T\u00e4tigkeiten k\u00f6nnen in einem Container-Kiosk ausge\u00fcbt werden?\",\n    \"acceptedAnswer\": {\n      \"@type\": \"Answer\",\n      \"text\": \"Container-Kioske sind vielseitige Objekte, die an verschiedene Arten von T\u00e4tigkeiten angepasst werden k\u00f6nnen. Sie eignen sich ideal als Einzelhandelsverkaufsstelle, z. B. als Lebensmittelgesch\u00e4ft, Zeitungskiosk oder Souvenirstand. Containerpavillons k\u00f6nnen auch als kleine Gastronomiebetriebe genutzt werden \u2013 als Caf\u00e9s, Fast-Food-Imbisse oder Eisdielen. H\u00e4ufig werden sie auch als Dienstleistungsbetriebe genutzt, z. B. als W\u00e4schereien, Reparaturdienste, Kurierdienste oder kleine Kundendienstb\u00fcros. Dank ihrer Mobilit\u00e4t und einfachen Anpassbarkeit k\u00f6nnen Container-Kioske auch als Informationsst\u00e4nde bei verschiedenen Veranstaltungen eingesetzt werden.\"\n    }\n  },{\n    \"@type\": \"Question\",\n    \"name\": \"Wie w\u00e4hlt man die Gr\u00f6\u00dfe und Anordnung eines Container-Kiosks entsprechend den Anforderungen der T\u00e4tigkeit aus?\",\n    \"acceptedAnswer\": {\n      \"@type\": \"Answer\",\n      \"text\": \"Die Wahl der Gr\u00f6\u00dfe und Anordnung des Objekts sollte von der Art der T\u00e4tigkeit und dem Platzbedarf abh\u00e4ngen. Als Hersteller von Handelscontainern bieten wir die M\u00f6glichkeit, die verf\u00fcgbaren Module mit festen Abmessungen frei zu kombinieren, wodurch gr\u00f6\u00dfere, individuell angepasste Konstruktionen entstehen k\u00f6nnen. So l\u00e4sst sich leicht eine funktionale Innenraumaufteilung planen, die Komfort bei der Arbeit und beim Kundenservice gew\u00e4hrleistet.\"\n    }\n  }]\n}\n<\/script>[\/et_pb_text][\/et_pb_column][\/et_pb_row][\/et_pb_section]<\/p>\n","protected":false},"excerpt":{"rendered":"<p>Transport von Kiosk-Handelsbeh\u00e4ltern f\u00fcr den Handel Haben Sie sich f\u00fcr den Kauf eines Kiosks aus Containern entschieden und fragen sich, wie Sie diesen an den gew\u00fcnschten Ort transportieren k\u00f6nnen? Wir haben die ideale L\u00f6sung f\u00fcr Sie! Dank unserer Zusammenarbeit mit der Firma Romek Transport Sp. z o.o. gew\u00e4hrleisten wir einen schnellen, sicheren und professionellen Transport [&hellip;]<\/p>\n","protected":false},"author":3,"featured_media":3418,"parent":1107,"menu_order":0,"comment_status":"closed","ping_status":"closed","template":"","meta":{"_et_pb_use_builder":"on","_et_pb_old_content":"","_et_gb_content_width":"","footnotes":""},"class_list":["post-1882","page","type-page","status-publish","has-post-thumbnail","hentry"],"yoast_head":"<!-- This site is optimized with the Yoast SEO plugin v25.9 - https:\/\/yoast.com\/wordpress\/plugins\/seo\/ -->\n<title>Kiosk - KATAMI<\/title>\n<meta name=\"description\" content=\"KATAMI Handelspavillons \u2013 schnelle und bequeme L\u00f6sung f\u00fcr Ihr Gesch\u00e4ft. Wir bieten hochwertige Kioske zu Top-Preisen an.\" \/>\n<meta name=\"robots\" content=\"index, follow, max-snippet:-1, max-image-preview:large, max-video-preview:-1\" \/>\n<link rel=\"canonical\" href=\"https:\/\/katami-containers.eu\/de\/container\/kiosk\/\" \/>\n<meta property=\"og:locale\" content=\"de_DE\" \/>\n<meta property=\"og:type\" content=\"article\" \/>\n<meta property=\"og:title\" content=\"Kiosk - KATAMI\" \/>\n<meta property=\"og:description\" content=\"KATAMI Handelspavillons \u2013 schnelle und bequeme L\u00f6sung f\u00fcr Ihr Gesch\u00e4ft. Wir bieten hochwertige Kioske zu Top-Preisen an.\" \/>\n<meta property=\"og:url\" content=\"https:\/\/katami-containers.eu\/de\/container\/kiosk\/\" \/>\n<meta property=\"og:site_name\" content=\"KATAMI\" \/>\n<meta property=\"article:modified_time\" content=\"2025-09-23T14:09:36+00:00\" \/>\n<meta property=\"og:image\" content=\"https:\/\/katami-containers.eu\/wp-content\/uploads\/21.webp\" \/>\n\t<meta property=\"og:image:width\" content=\"1600\" \/>\n\t<meta property=\"og:image:height\" content=\"739\" \/>\n\t<meta property=\"og:image:type\" content=\"image\/webp\" \/>\n<meta name=\"twitter:card\" content=\"summary_large_image\" \/>\n<meta name=\"twitter:label1\" content=\"Gesch\u00e4tzte Lesezeit\" \/>\n\t<meta name=\"twitter:data1\" content=\"3\u00a0Minuten\" \/>\n<script type=\"application\/ld+json\" class=\"yoast-schema-graph\">{\"@context\":\"https:\/\/schema.org\",\"@graph\":[{\"@type\":\"WebPage\",\"@id\":\"https:\/\/katami-containers.eu\/de\/container\/kiosk\/\",\"url\":\"https:\/\/katami-containers.eu\/de\/container\/kiosk\/\",\"name\":\"Kiosk - KATAMI\",\"isPartOf\":{\"@id\":\"https:\/\/katami-containers.eu\/#website\"},\"primaryImageOfPage\":{\"@id\":\"https:\/\/katami-containers.eu\/de\/container\/kiosk\/#primaryimage\"},\"image\":{\"@id\":\"https:\/\/katami-containers.eu\/de\/container\/kiosk\/#primaryimage\"},\"thumbnailUrl\":\"https:\/\/katami-containers.eu\/wp-content\/uploads\/21.webp\",\"datePublished\":\"2023-06-19T11:57:09+00:00\",\"dateModified\":\"2025-09-23T14:09:36+00:00\",\"description\":\"KATAMI Handelspavillons \u2013 schnelle und bequeme L\u00f6sung f\u00fcr Ihr Gesch\u00e4ft. Wir bieten hochwertige Kioske zu Top-Preisen an.\",\"breadcrumb\":{\"@id\":\"https:\/\/katami-containers.eu\/de\/container\/kiosk\/#breadcrumb\"},\"inLanguage\":\"de\",\"potentialAction\":[{\"@type\":\"ReadAction\",\"target\":[\"https:\/\/katami-containers.eu\/de\/container\/kiosk\/\"]}]},{\"@type\":\"ImageObject\",\"inLanguage\":\"de\",\"@id\":\"https:\/\/katami-containers.eu\/de\/container\/kiosk\/#primaryimage\",\"url\":\"https:\/\/katami-containers.eu\/wp-content\/uploads\/21.webp\",\"contentUrl\":\"https:\/\/katami-containers.eu\/wp-content\/uploads\/21.webp\",\"width\":1600,\"height\":739,\"caption\":\"Kiosk\"},{\"@type\":\"BreadcrumbList\",\"@id\":\"https:\/\/katami-containers.eu\/de\/container\/kiosk\/#breadcrumb\",\"itemListElement\":[{\"@type\":\"ListItem\",\"position\":1,\"name\":\"Home\",\"item\":\"https:\/\/katami-containers.eu\/de\/\"},{\"@type\":\"ListItem\",\"position\":2,\"name\":\"CONTAINERANGEBOT\",\"item\":\"https:\/\/katami-containers.eu\/de\/container\/\"},{\"@type\":\"ListItem\",\"position\":3,\"name\":\"Kiosk\"}]},{\"@type\":\"WebSite\",\"@id\":\"https:\/\/katami-containers.eu\/#website\",\"url\":\"https:\/\/katami-containers.eu\/\",\"name\":\"KATAMI\",\"description\":\"Producent kontener\u00f3w: biurowe, socjalne, handlowe i inne\",\"potentialAction\":[{\"@type\":\"SearchAction\",\"target\":{\"@type\":\"EntryPoint\",\"urlTemplate\":\"https:\/\/katami-containers.eu\/?s={search_term_string}\"},\"query-input\":{\"@type\":\"PropertyValueSpecification\",\"valueRequired\":true,\"valueName\":\"search_term_string\"}}],\"inLanguage\":\"de\"}]}<\/script>\n<!-- \/ Yoast SEO plugin. -->","yoast_head_json":{"title":"Kiosk - KATAMI","description":"KATAMI Handelspavillons \u2013 schnelle und bequeme L\u00f6sung f\u00fcr Ihr Gesch\u00e4ft. Wir bieten hochwertige Kioske zu Top-Preisen an.","robots":{"index":"index","follow":"follow","max-snippet":"max-snippet:-1","max-image-preview":"max-image-preview:large","max-video-preview":"max-video-preview:-1"},"canonical":"https:\/\/katami-containers.eu\/de\/container\/kiosk\/","og_locale":"de_DE","og_type":"article","og_title":"Kiosk - KATAMI","og_description":"KATAMI Handelspavillons \u2013 schnelle und bequeme L\u00f6sung f\u00fcr Ihr Gesch\u00e4ft. Wir bieten hochwertige Kioske zu Top-Preisen an.","og_url":"https:\/\/katami-containers.eu\/de\/container\/kiosk\/","og_site_name":"KATAMI","article_modified_time":"2025-09-23T14:09:36+00:00","og_image":[{"width":1600,"height":739,"url":"https:\/\/katami-containers.eu\/wp-content\/uploads\/21.webp","type":"image\/webp"}],"twitter_card":"summary_large_image","twitter_misc":{"Gesch\u00e4tzte Lesezeit":"3\u00a0Minuten"},"schema":{"@context":"https:\/\/schema.org","@graph":[{"@type":"WebPage","@id":"https:\/\/katami-containers.eu\/de\/container\/kiosk\/","url":"https:\/\/katami-containers.eu\/de\/container\/kiosk\/","name":"Kiosk - KATAMI","isPartOf":{"@id":"https:\/\/katami-containers.eu\/#website"},"primaryImageOfPage":{"@id":"https:\/\/katami-containers.eu\/de\/container\/kiosk\/#primaryimage"},"image":{"@id":"https:\/\/katami-containers.eu\/de\/container\/kiosk\/#primaryimage"},"thumbnailUrl":"https:\/\/katami-containers.eu\/wp-content\/uploads\/21.webp","datePublished":"2023-06-19T11:57:09+00:00","dateModified":"2025-09-23T14:09:36+00:00","description":"KATAMI Handelspavillons \u2013 schnelle und bequeme L\u00f6sung f\u00fcr Ihr Gesch\u00e4ft. Wir bieten hochwertige Kioske zu Top-Preisen an.","breadcrumb":{"@id":"https:\/\/katami-containers.eu\/de\/container\/kiosk\/#breadcrumb"},"inLanguage":"de","potentialAction":[{"@type":"ReadAction","target":["https:\/\/katami-containers.eu\/de\/container\/kiosk\/"]}]},{"@type":"ImageObject","inLanguage":"de","@id":"https:\/\/katami-containers.eu\/de\/container\/kiosk\/#primaryimage","url":"https:\/\/katami-containers.eu\/wp-content\/uploads\/21.webp","contentUrl":"https:\/\/katami-containers.eu\/wp-content\/uploads\/21.webp","width":1600,"height":739,"caption":"Kiosk"},{"@type":"BreadcrumbList","@id":"https:\/\/katami-containers.eu\/de\/container\/kiosk\/#breadcrumb","itemListElement":[{"@type":"ListItem","position":1,"name":"Home","item":"https:\/\/katami-containers.eu\/de\/"},{"@type":"ListItem","position":2,"name":"CONTAINERANGEBOT","item":"https:\/\/katami-containers.eu\/de\/container\/"},{"@type":"ListItem","position":3,"name":"Kiosk"}]},{"@type":"WebSite","@id":"https:\/\/katami-containers.eu\/#website","url":"https:\/\/katami-containers.eu\/","name":"KATAMI","description":"Producent kontener\u00f3w: biurowe, socjalne, handlowe i inne","potentialAction":[{"@type":"SearchAction","target":{"@type":"EntryPoint","urlTemplate":"https:\/\/katami-containers.eu\/?s={search_term_string}"},"query-input":{"@type":"PropertyValueSpecification","valueRequired":true,"valueName":"search_term_string"}}],"inLanguage":"de"}]}},"_links":{"self":[{"href":"https:\/\/katami-containers.eu\/de\/wp-json\/wp\/v2\/pages\/1882","targetHints":{"allow":["GET"]}}],"collection":[{"href":"https:\/\/katami-containers.eu\/de\/wp-json\/wp\/v2\/pages"}],"about":[{"href":"https:\/\/katami-containers.eu\/de\/wp-json\/wp\/v2\/types\/page"}],"author":[{"embeddable":true,"href":"https:\/\/katami-containers.eu\/de\/wp-json\/wp\/v2\/users\/3"}],"replies":[{"embeddable":true,"href":"https:\/\/katami-containers.eu\/de\/wp-json\/wp\/v2\/comments?post=1882"}],"version-history":[{"count":10,"href":"https:\/\/katami-containers.eu\/de\/wp-json\/wp\/v2\/pages\/1882\/revisions"}],"predecessor-version":[{"id":4218,"href":"https:\/\/katami-containers.eu\/de\/wp-json\/wp\/v2\/pages\/1882\/revisions\/4218"}],"up":[{"embeddable":true,"href":"https:\/\/katami-containers.eu\/de\/wp-json\/wp\/v2\/pages\/1107"}],"wp:featuredmedia":[{"embeddable":true,"href":"https:\/\/katami-containers.eu\/de\/wp-json\/wp\/v2\/media\/3418"}],"wp:attachment":[{"href":"https:\/\/katami-containers.eu\/de\/wp-json\/wp\/v2\/media?parent=1882"}],"curies":[{"name":"wp","href":"https:\/\/api.w.org\/{rel}","templated":true}]}}