{"id":1897,"date":"2023-06-19T14:28:06","date_gmt":"2023-06-19T12:28:06","guid":{"rendered":"https:\/\/katami-containers.eu\/container\/sozialcontainer\/"},"modified":"2025-09-23T11:51:09","modified_gmt":"2025-09-23T09:51:09","slug":"sozialcontainer","status":"publish","type":"page","link":"https:\/\/katami-containers.eu\/de\/container\/sozialcontainer\/","title":{"rendered":"Sozialcontainer"},"content":{"rendered":"<p>[et_pb_section fb_built=&#8220;1&#8243; admin_label=&#8220;section&#8220; _builder_version=&#8220;4.16&#8243; global_colors_info=&#8220;{}&#8220;][et_pb_row _builder_version=&#8220;4.19.0&#8243; _module_preset=&#8220;default&#8220; locked=&#8220;off&#8220; global_colors_info=&#8220;{}&#8220;][et_pb_column type=&#8220;4_4&#8243; _builder_version=&#8220;4.19.0&#8243; _module_preset=&#8220;default&#8220; global_colors_info=&#8220;{}&#8220;][et_pb_code _builder_version=&#8220;4.19.0&#8243; _module_preset=&#8220;default&#8220; global_colors_info=&#8220;{}&#8220;]<\/p>\n<div itemscope itemtype=\"https:\/\/schema.org\/BreadcrumbList\"><!-- [et_pb_line_break_holder] -->  <span itemprop=\"itemListElement\" itemscope<!-- [et_pb_line_break_holder] -->      itemtype=&#8220;https:\/\/schema.org\/ListItem&#8220;><!-- [et_pb_line_break_holder] -->    <a itemprop=\"item\" href=\"https:\/\/katami-containers.eu\/de\/\"><!-- [et_pb_line_break_holder] -->    <span itemprop=\"name\">Home<\/span><\/a><!-- [et_pb_line_break_holder] -->    <meta itemprop=\"position\" content=\"1\" \/><!-- [et_pb_line_break_holder] -->  <\/span> >><!-- [et_pb_line_break_holder] -->  <span itemprop=\"itemListElement\" itemscope<!-- [et_pb_line_break_holder] -->      itemtype=&#8220;https:\/\/schema.org\/ListItem&#8220;><!-- [et_pb_line_break_holder] -->    <a itemprop=\"item\" href=\"https:\/\/katami-containers.eu\/de\/container\/\"><!-- [et_pb_line_break_holder] -->    <span itemprop=\"name\"> Container<\/span><\/a><!-- [et_pb_line_break_holder] -->    <meta itemprop=\"position\" content=\"2\" \/><!-- [et_pb_line_break_holder] -->  <\/span><!-- [et_pb_line_break_holder] -->  >> <b>Sozialcontainer<\/b><!-- [et_pb_line_break_holder] --><\/div>\n<p>[\/et_pb_code][\/et_pb_column][\/et_pb_row][et_pb_row column_structure=&#8220;3_5,2_5&#8243; _builder_version=&#8220;4.19.0&#8243; _module_preset=&#8220;default&#8220; global_colors_info=&#8220;{}&#8220;][et_pb_column type=&#8220;3_5&#8243; _builder_version=&#8220;4.19.0&#8243; _module_preset=&#8220;default&#8220; global_colors_info=&#8220;{}&#8220;][et_pb_text _builder_version=&#8220;4.19.0&#8243; _module_preset=&#8220;default&#8220; global_colors_info=&#8220;{}&#8220;]<\/p>\n<h1>Bau eines Sozialcontainers von Grund auf \u2013 KATAMI<\/h1>\n<p><span style=\"font-weight: 400;\">Unsere Dienstleistungen umfassen den Bau von <\/span><b>Sozialcontainern<\/b><span style=\"font-weight: 400;\"> f\u00fcr Arbeiter und Angestellten. Diese Einrichtungen k\u00f6nnen aus R\u00e4umen wie einem Umkleideraum, einem Esszimmer, einer K\u00fcche oder einem Badezimmer bestehen. F\u00fcr den <\/span><b>Bau von Sozialcontainern<\/b><span style=\"font-weight: 400;\"> verwenden wir Stahlprofile. Ihre W\u00e4nde bestehen aus einer Sandwichplatte mit Kern aus Polyurethanschaum (PIR). Wir sind uns der Tatsache bewusst, dass die Organisation einer Baustelle eine angemessene Planung der technischen Einrichtung erfordert. Rufen Sie uns an und erwerben Sie einen hochwertigen <\/span><b>Bau- und Sozialcontainer<\/b><span style=\"font-weight: 400;\">.<\/span><\/p>\n<p>&nbsp;<\/p>\n<p>[\/et_pb_text][\/et_pb_column][et_pb_column type=&#8220;2_5&#8243; _builder_version=&#8220;4.19.0&#8243; _module_preset=&#8220;default&#8220; global_colors_info=&#8220;{}&#8220;][et_pb_image src=&#8220;https:\/\/katami-containers.eu\/wp-content\/uploads\/02.jpg&#8220; alt=&#8220;Unsere Projekte&#8220; title_text=&#8220;Unsere Projekte&#8220; _builder_version=&#8220;4.19.0&#8243; _module_preset=&#8220;default&#8220; global_colors_info=&#8220;{}&#8220;][\/et_pb_image][\/et_pb_column][\/et_pb_row][et_pb_row _builder_version=&#8220;4.19.0&#8243; _module_preset=&#8220;default&#8220; global_colors_info=&#8220;{}&#8220;][et_pb_column type=&#8220;4_4&#8243; _builder_version=&#8220;4.19.0&#8243; _module_preset=&#8220;default&#8220; global_colors_info=&#8220;{}&#8220;][et_pb_text _builder_version=&#8220;4.19.0&#8243; _module_preset=&#8220;default&#8220; global_colors_info=&#8220;{}&#8220;]<\/p>\n<div style=\"text-align: justify;\">\n<h2>Qualit\u00e4t des mobilen Sozialcontainers<\/h2>\n<p><span style=\"font-weight: 400;\">Als Handels- und Dienstleistungsunternehmen KATAMI sind wir auf die Herstellung und den <\/span><b>Verkauf von Sozialcontainern <\/b><span style=\"font-weight: 400;\">spezialisiert, die h\u00f6chste Sicherheitsstandards erf\u00fcllen. Wir streben st\u00e4ndige Verbesserungen unserer Produkte an, die durch kontinuierliche Marktbeobachtung m\u00f6glich sind. F\u00fcr die Herstellung von Sozialcontainern w\u00e4hlen wir sorgf\u00e4ltig nur die besten Materialien aus. Bemerkenswert ist die Tatsache, dass solche Objekte <\/span><b>mobil <\/b><span style=\"font-weight: 400;\">sind. Was bedeutet das? Jeder <\/span><b>Container f\u00fcr sozialen Wohnungsbau<\/b><span style=\"font-weight: 400;\"> kann frei von Ort zu Ort transportiert werden. Dies er\u00f6ffnet dem Bauherrn neue M\u00f6glichkeiten, einschlie\u00dflich der M\u00f6glichkeit, den Firmensitz zu verlagern. R\u00fcsten Sie sich mit einem ma\u00dfgeschneiderten <\/span><b>Sanit\u00e4r- und Sozialcontainer<\/b><span style=\"font-weight: 400;\"> aus.<\/span><\/p>\n<h2>Vorteile des sozialen Baucontainers<\/h2>\n<p>Die Investition in einen Sozialcontainer ist eine bequeme und praktische L\u00f6sung mit unbestreitbaren Vorteilen, zu denen unter anderem folgende geh\u00f6ren:<\/p>\n<ul>\n<li><strong>Mobilit\u00e4t<\/strong> &#8211; wie bereits erw\u00e4hnt, ist der <b>Mobiler Sozialer Container<\/b> mobil. Dank seiner Transportf\u00e4higkeit mit HDS-Fahrzeugen k\u00f6nnen Sie ihn einfach und schnell zu einer Baustelle oder einem anderen geeigneten Standort transportieren;<\/li>\n<li><strong>Schnelligkeit des Aufbaus<\/strong> &#8211; da der <b>soziale Wohncontainer<\/b> aus vorgefertigten Elementen besteht, kann er schnell aufgestellt und an die erforderlichen Installationen (Strom, Wasser und Abwasser) angeschlossen werden,<\/li>\n<li><strong>Haltbarkeit<\/strong> &#8211; die Konstruktion des <b>Sozialcontainers im B\u00fcro<\/b> besteht aus einem robusten Material wie Stahl, was seine Langlebigkeit und Widerstandsf\u00e4higkeit gegen\u00fcber verschiedenen Wetterbedingungen gew\u00e4hrleistet.<\/li>\n<\/ul>\n<p>Investieren Sie also in einen hochwertigen <b>Sozialcontainer<\/b>. Als <b>Sozialcontainer<\/b> Produzent garantieren wir Ihnen volle Zufriedenheit.<\/p>\n<h2>Welche Optionen gibt es f\u00fcr die Ausstattung eines Sozialcontainers nach individueller Bestellung?<\/h2>\n<p>Jeder<strong> Container f\u00fcr Arbeiter<\/strong> kann individuell an die Anforderungen unserer Kunden angepasst werden. Dank zahlreicher Gestaltungsm\u00f6glichkeiten l\u00e4sst sich ein Raum schaffen, der perfekt auf Ihre Bed\u00fcrfnisse zugeschnitten ist. Hier sind die verf\u00fcgbaren Ausstattungsoptionen f\u00fcr <strong>Sozialcontainer nach Ma\u00df<\/strong>, die wir nach Auftrag fertigen:<\/p>\n<p><strong>1. Fenster und T\u00fcren nach Ma\u00df<\/strong><\/p>\n<p>W\u00e4hlen Sie Gr\u00f6\u00dfe, Anzahl und Typ der Fenster \u2013 ob festverglast oder als Dreh-Kipp-Ausf\u00fchrung. Ben\u00f6tigen Sie einen gr\u00f6\u00dferen Eingang? Kein Problem \u2013 wir bieten sowohl doppelfl\u00fcgelige als auch asymmetrische T\u00fcren an!<\/p>\n<p><strong>2. Moderne Fassade im gew\u00fcnschten Stil<\/strong><\/p>\n<p>Gestalten Sie das \u00e4u\u00dfere Erscheinungsbild des Containers ganz nach Ihren Vorstellungen! Zur Auswahl stehen:<\/p>\n<ul>\n<li>Kunststoff-Fassadenpaneele<\/li>\n<li>Metallpaneel<\/li>\n<li>Flachblechverkleidung<\/li>\n<\/ul>\n<p>Alle Varianten sind in einer breiten Farbpalette erh\u00e4ltlich.<\/p>\n<p><strong>3. Funktionales Innenraumdesign \u2013 ganz nach Ihren W\u00fcnschen<\/strong><\/p>\n<p>Gestalten Sie den Innenraum individuell, z.\u202fB. durch Trennw\u00e4nde mit T\u00fcren. M\u00f6chten Sie eine Toilette mit Waschbecken integrieren? Auch das ist problemlos m\u00f6glich \u2013 wir \u00fcbernehmen die fachgerechte Installation.<\/p>\n<p><strong>4. Moderne Technologien<\/strong><\/p>\n<p>Wir statten Ihren <strong>ma\u00dfgeschneiderten Sozialcontainer<\/strong> auf Wunsch mit moderner Technologie aus:<\/p>\n<ul>\n<li>Internet- und Telefonanschluss<\/li>\n<li>\u00dcberwachungssystem<\/li>\n<li>Au\u00dfenbeleuchtung<\/li>\n<\/ul>\n<p><strong>5. Mehr Privatsph\u00e4re<\/strong><\/p>\n<p>M\u00f6chten Sie das Innere des Containers vor \u00dcberhitzung oder neugierigen Blicken sch\u00fctzen? Wandmontierte Rolll\u00e4den sind eine ideale L\u00f6sung und bieten sowohl Sicht- als auch Sonnenschutz.<\/p>\n<p><strong>Setzen Sie auf Qualit\u00e4t, Funktionalit\u00e4t und vollst\u00e4ndige Personalisierung! Kontaktieren Sie uns und gestalten Sie Ihren individuellen Sozialcontainer \u2013 perfekt abgestimmt auf Ihre Bed\u00fcrfnisse!<\/strong><\/p>\n<h2>Wie laufen Transport und Montage eines Sozialcontainers ab?<\/h2>\n<p>Dank der Zusammenarbeit mit einem erfahrenen Transportunternehmen garantieren wir die sichere und termingerechte <strong><span style=\"text-decoration: underline;\">Lieferung Ihres ganzj\u00e4hrigen Sozialcontainers<\/span><\/strong> an den gew\u00fcnschten Standort. F\u00fcr den Transport nutzen wir spezielle Lkw mit HDS-Kran, der ein schnelles und pr\u00e4zises Be- und Entladen erm\u00f6glicht. W\u00e4hrend des Transports wird der <strong>Sanit\u00e4rer Sozialcontainer<\/strong> sorgf\u00e4ltig gesichert. Nach Ankunft vor Ort erfolgt die Platzierung exakt nach den Kundenw\u00fcnschen \u2013 effizient, sicher und fachgerecht.<\/p>\n<h2>H\u00e4ufig gestellte Fragen<\/h2>\n<h3>Welche Standardma\u00dfe haben Container f\u00fcr Arbeiter?<\/h3>\n<p>Zu den g\u00e4ngigen Gr\u00f6\u00dfen der in unserem Angebot verf\u00fcgbaren Bau- und Sozialcontainer z\u00e4hlen 3\u00d75\u202fm, 3\u00d76\u202fm, 3\u00d77\u202fm und 3\u00d78\u202fm. Diese Einheiten lassen sich problemlos zu gr\u00f6\u00dferen Strukturen kombinieren \u2013 etwa durch das Verbinden zweier Module mit jeweils 3\u00d76\u202fm. Dar\u00fcber hinaus fertigen wir ma\u00dfgeschneiderte Sozialcontainer mit Abmessungen von 2\u00d72\u202fm, die exakt auf individuelle Kundenanforderungen abgestimmt sind.<\/p>\n<h3>Wie bereitet man ein Grundst\u00fcck f\u00fcr das Aufstellen eines Sozialcontainers vor?<\/h3>\n<p>Um das Grundst\u00fcck f\u00fcr einen Sozialcontainer vorzubereiten, sollten folgende Schritte beachtet werden:<\/p>\n<ol>\n<li><strong>Gel\u00e4nde ebnen<\/strong> \u2013 Entfernen Sie Vegetation, Steine und andere Hindernisse und nivellieren Sie den Boden.<\/li>\n<li><strong>Untergrund befestigen<\/strong> \u2013 Am besten eignet sich ein Schotterbett; alternativ kommen auch Betonplatten oder Punktfundamente (z.\u202fB. Betonbl\u00f6cke) in Frage, um Stabilit\u00e4t zu gew\u00e4hrleisten.<\/li>\n<li><strong>Entw\u00e4sserung sicherstellen<\/strong> \u2013 Wichtig ist, dass sich Regenwasser nicht unter dem Container staut.<\/li>\n<li><strong>Zufahrt erm\u00f6glichen<\/strong> \u2013 Sorgen Sie f\u00fcr eine freie Zufahrt f\u00fcr das Transportfahrzeug mit HDS-Kran.<\/li>\n<li><strong>Anschl\u00fcsse vorbereiten (optional)<\/strong> \u2013 Wenn der <strong>Sozialcontainer<\/strong> \u00fcber Strom-, Wasser- oder Abwasseranschl\u00fcsse verf\u00fcgen soll, sollten diese im Vorfeld eingerichtet werden.<\/li>\n<\/ol>\n<h3>Wie lange dauert die Montage eines mobilen Sozialcontainers?<\/h3>\n<p>Die Montage eines <strong>sanit\u00e4ren Sozialcontainers<\/strong> dauert in der Regel 1 bis 2 Tage. Dieser Vorgang umfasst den Transport, das Aufstellen auf dem vorbereiteten Untergrund sowie den Anschluss aller n\u00f6tigen Installationen (Strom, Wasser, Abwasser).<\/p>\n<\/div>\n<p>[\/et_pb_text][\/et_pb_column][\/et_pb_row][\/et_pb_section]<\/p>\n","protected":false},"excerpt":{"rendered":"<p>Bau eines Sozialcontainers von Grund auf \u2013 KATAMI Unsere Dienstleistungen umfassen den Bau von Sozialcontainern f\u00fcr Arbeiter und Angestellten. Diese Einrichtungen k\u00f6nnen aus R\u00e4umen wie einem Umkleideraum, einem Esszimmer, einer K\u00fcche oder einem Badezimmer bestehen. F\u00fcr den Bau von Sozialcontainern verwenden wir Stahlprofile. Ihre W\u00e4nde bestehen aus einer Sandwichplatte mit Kern aus Polyurethanschaum (PIR). Wir [&hellip;]<\/p>\n","protected":false},"author":3,"featured_media":3362,"parent":1107,"menu_order":0,"comment_status":"closed","ping_status":"closed","template":"","meta":{"_et_pb_use_builder":"on","_et_pb_old_content":"","_et_gb_content_width":"","footnotes":""},"class_list":["post-1897","page","type-page","status-publish","has-post-thumbnail","hentry"],"yoast_head":"<!-- This site is optimized with the Yoast SEO plugin v25.9 - https:\/\/yoast.com\/wordpress\/plugins\/seo\/ -->\n<title>Ma\u00dfgeschneiderter Sozialcontainer \u2013 Katami<\/title>\n<meta name=\"description\" content=\"Entdecken Sie Sozialcontainer \u2013 bequem und sicher. Investieren Sie in Qualit\u00e4t und Komfort! Kontaktieren Sie uns noch heute f\u00fcr weitere Informationen.\" \/>\n<meta name=\"robots\" content=\"index, follow, max-snippet:-1, max-image-preview:large, max-video-preview:-1\" \/>\n<link rel=\"canonical\" href=\"https:\/\/katami-containers.eu\/de\/container\/sozialcontainer\/\" \/>\n<meta property=\"og:locale\" content=\"de_DE\" \/>\n<meta property=\"og:type\" content=\"article\" \/>\n<meta property=\"og:title\" content=\"Ma\u00dfgeschneiderter Sozialcontainer \u2013 Katami\" \/>\n<meta property=\"og:description\" content=\"Entdecken Sie Sozialcontainer \u2013 bequem und sicher. Investieren Sie in Qualit\u00e4t und Komfort! Kontaktieren Sie uns noch heute f\u00fcr weitere Informationen.\" \/>\n<meta property=\"og:url\" content=\"https:\/\/katami-containers.eu\/de\/container\/sozialcontainer\/\" \/>\n<meta property=\"og:site_name\" content=\"KATAMI\" \/>\n<meta property=\"article:modified_time\" content=\"2025-09-23T09:51:09+00:00\" \/>\n<meta property=\"og:image\" content=\"https:\/\/katami-containers.eu\/wp-content\/uploads\/08-1280x606-1.webp\" \/>\n\t<meta property=\"og:image:width\" content=\"1280\" \/>\n\t<meta property=\"og:image:height\" content=\"606\" \/>\n\t<meta property=\"og:image:type\" content=\"image\/webp\" \/>\n<meta name=\"twitter:card\" content=\"summary_large_image\" \/>\n<meta name=\"twitter:label1\" content=\"Gesch\u00e4tzte Lesezeit\" \/>\n\t<meta name=\"twitter:data1\" content=\"6\u00a0Minuten\" \/>\n<script type=\"application\/ld+json\" class=\"yoast-schema-graph\">{\"@context\":\"https:\/\/schema.org\",\"@graph\":[{\"@type\":\"WebPage\",\"@id\":\"https:\/\/katami-containers.eu\/de\/container\/sozialcontainer\/\",\"url\":\"https:\/\/katami-containers.eu\/de\/container\/sozialcontainer\/\",\"name\":\"Ma\u00dfgeschneiderter Sozialcontainer \u2013 Katami\",\"isPartOf\":{\"@id\":\"https:\/\/katami-containers.eu\/#website\"},\"primaryImageOfPage\":{\"@id\":\"https:\/\/katami-containers.eu\/de\/container\/sozialcontainer\/#primaryimage\"},\"image\":{\"@id\":\"https:\/\/katami-containers.eu\/de\/container\/sozialcontainer\/#primaryimage\"},\"thumbnailUrl\":\"https:\/\/katami-containers.eu\/wp-content\/uploads\/08-1280x606-1.webp\",\"datePublished\":\"2023-06-19T12:28:06+00:00\",\"dateModified\":\"2025-09-23T09:51:09+00:00\",\"description\":\"Entdecken Sie Sozialcontainer \u2013 bequem und sicher. Investieren Sie in Qualit\u00e4t und Komfort! Kontaktieren Sie uns noch heute f\u00fcr weitere Informationen.\",\"breadcrumb\":{\"@id\":\"https:\/\/katami-containers.eu\/de\/container\/sozialcontainer\/#breadcrumb\"},\"inLanguage\":\"de\",\"potentialAction\":[{\"@type\":\"ReadAction\",\"target\":[\"https:\/\/katami-containers.eu\/de\/container\/sozialcontainer\/\"]}]},{\"@type\":\"ImageObject\",\"inLanguage\":\"de\",\"@id\":\"https:\/\/katami-containers.eu\/de\/container\/sozialcontainer\/#primaryimage\",\"url\":\"https:\/\/katami-containers.eu\/wp-content\/uploads\/08-1280x606-1.webp\",\"contentUrl\":\"https:\/\/katami-containers.eu\/wp-content\/uploads\/08-1280x606-1.webp\",\"width\":1280,\"height\":606,\"caption\":\"Sozialcontainer\"},{\"@type\":\"BreadcrumbList\",\"@id\":\"https:\/\/katami-containers.eu\/de\/container\/sozialcontainer\/#breadcrumb\",\"itemListElement\":[{\"@type\":\"ListItem\",\"position\":1,\"name\":\"Home\",\"item\":\"https:\/\/katami-containers.eu\/de\/\"},{\"@type\":\"ListItem\",\"position\":2,\"name\":\"CONTAINERANGEBOT\",\"item\":\"https:\/\/katami-containers.eu\/de\/container\/\"},{\"@type\":\"ListItem\",\"position\":3,\"name\":\"Sozialcontainer\"}]},{\"@type\":\"WebSite\",\"@id\":\"https:\/\/katami-containers.eu\/#website\",\"url\":\"https:\/\/katami-containers.eu\/\",\"name\":\"KATAMI\",\"description\":\"Producent kontener\u00f3w: biurowe, socjalne, handlowe i inne\",\"potentialAction\":[{\"@type\":\"SearchAction\",\"target\":{\"@type\":\"EntryPoint\",\"urlTemplate\":\"https:\/\/katami-containers.eu\/?s={search_term_string}\"},\"query-input\":{\"@type\":\"PropertyValueSpecification\",\"valueRequired\":true,\"valueName\":\"search_term_string\"}}],\"inLanguage\":\"de\"}]}<\/script>\n<!-- \/ Yoast SEO plugin. -->","yoast_head_json":{"title":"Ma\u00dfgeschneiderter Sozialcontainer \u2013 Katami","description":"Entdecken Sie Sozialcontainer \u2013 bequem und sicher. Investieren Sie in Qualit\u00e4t und Komfort! Kontaktieren Sie uns noch heute f\u00fcr weitere Informationen.","robots":{"index":"index","follow":"follow","max-snippet":"max-snippet:-1","max-image-preview":"max-image-preview:large","max-video-preview":"max-video-preview:-1"},"canonical":"https:\/\/katami-containers.eu\/de\/container\/sozialcontainer\/","og_locale":"de_DE","og_type":"article","og_title":"Ma\u00dfgeschneiderter Sozialcontainer \u2013 Katami","og_description":"Entdecken Sie Sozialcontainer \u2013 bequem und sicher. Investieren Sie in Qualit\u00e4t und Komfort! Kontaktieren Sie uns noch heute f\u00fcr weitere Informationen.","og_url":"https:\/\/katami-containers.eu\/de\/container\/sozialcontainer\/","og_site_name":"KATAMI","article_modified_time":"2025-09-23T09:51:09+00:00","og_image":[{"width":1280,"height":606,"url":"https:\/\/katami-containers.eu\/wp-content\/uploads\/08-1280x606-1.webp","type":"image\/webp"}],"twitter_card":"summary_large_image","twitter_misc":{"Gesch\u00e4tzte Lesezeit":"6\u00a0Minuten"},"schema":{"@context":"https:\/\/schema.org","@graph":[{"@type":"WebPage","@id":"https:\/\/katami-containers.eu\/de\/container\/sozialcontainer\/","url":"https:\/\/katami-containers.eu\/de\/container\/sozialcontainer\/","name":"Ma\u00dfgeschneiderter Sozialcontainer \u2013 Katami","isPartOf":{"@id":"https:\/\/katami-containers.eu\/#website"},"primaryImageOfPage":{"@id":"https:\/\/katami-containers.eu\/de\/container\/sozialcontainer\/#primaryimage"},"image":{"@id":"https:\/\/katami-containers.eu\/de\/container\/sozialcontainer\/#primaryimage"},"thumbnailUrl":"https:\/\/katami-containers.eu\/wp-content\/uploads\/08-1280x606-1.webp","datePublished":"2023-06-19T12:28:06+00:00","dateModified":"2025-09-23T09:51:09+00:00","description":"Entdecken Sie Sozialcontainer \u2013 bequem und sicher. Investieren Sie in Qualit\u00e4t und Komfort! Kontaktieren Sie uns noch heute f\u00fcr weitere Informationen.","breadcrumb":{"@id":"https:\/\/katami-containers.eu\/de\/container\/sozialcontainer\/#breadcrumb"},"inLanguage":"de","potentialAction":[{"@type":"ReadAction","target":["https:\/\/katami-containers.eu\/de\/container\/sozialcontainer\/"]}]},{"@type":"ImageObject","inLanguage":"de","@id":"https:\/\/katami-containers.eu\/de\/container\/sozialcontainer\/#primaryimage","url":"https:\/\/katami-containers.eu\/wp-content\/uploads\/08-1280x606-1.webp","contentUrl":"https:\/\/katami-containers.eu\/wp-content\/uploads\/08-1280x606-1.webp","width":1280,"height":606,"caption":"Sozialcontainer"},{"@type":"BreadcrumbList","@id":"https:\/\/katami-containers.eu\/de\/container\/sozialcontainer\/#breadcrumb","itemListElement":[{"@type":"ListItem","position":1,"name":"Home","item":"https:\/\/katami-containers.eu\/de\/"},{"@type":"ListItem","position":2,"name":"CONTAINERANGEBOT","item":"https:\/\/katami-containers.eu\/de\/container\/"},{"@type":"ListItem","position":3,"name":"Sozialcontainer"}]},{"@type":"WebSite","@id":"https:\/\/katami-containers.eu\/#website","url":"https:\/\/katami-containers.eu\/","name":"KATAMI","description":"Producent kontener\u00f3w: biurowe, socjalne, handlowe i inne","potentialAction":[{"@type":"SearchAction","target":{"@type":"EntryPoint","urlTemplate":"https:\/\/katami-containers.eu\/?s={search_term_string}"},"query-input":{"@type":"PropertyValueSpecification","valueRequired":true,"valueName":"search_term_string"}}],"inLanguage":"de"}]}},"_links":{"self":[{"href":"https:\/\/katami-containers.eu\/de\/wp-json\/wp\/v2\/pages\/1897","targetHints":{"allow":["GET"]}}],"collection":[{"href":"https:\/\/katami-containers.eu\/de\/wp-json\/wp\/v2\/pages"}],"about":[{"href":"https:\/\/katami-containers.eu\/de\/wp-json\/wp\/v2\/types\/page"}],"author":[{"embeddable":true,"href":"https:\/\/katami-containers.eu\/de\/wp-json\/wp\/v2\/users\/3"}],"replies":[{"embeddable":true,"href":"https:\/\/katami-containers.eu\/de\/wp-json\/wp\/v2\/comments?post=1897"}],"version-history":[{"count":11,"href":"https:\/\/katami-containers.eu\/de\/wp-json\/wp\/v2\/pages\/1897\/revisions"}],"predecessor-version":[{"id":4209,"href":"https:\/\/katami-containers.eu\/de\/wp-json\/wp\/v2\/pages\/1897\/revisions\/4209"}],"up":[{"embeddable":true,"href":"https:\/\/katami-containers.eu\/de\/wp-json\/wp\/v2\/pages\/1107"}],"wp:featuredmedia":[{"embeddable":true,"href":"https:\/\/katami-containers.eu\/de\/wp-json\/wp\/v2\/media\/3362"}],"wp:attachment":[{"href":"https:\/\/katami-containers.eu\/de\/wp-json\/wp\/v2\/media?parent=1897"}],"curies":[{"name":"wp","href":"https:\/\/api.w.org\/{rel}","templated":true}]}}