{"id":3590,"date":"2024-05-02T08:45:23","date_gmt":"2024-05-02T06:45:23","guid":{"rendered":"https:\/\/katami-containers.eu\/container\/moderne-buerocontainer\/"},"modified":"2026-03-05T09:21:01","modified_gmt":"2026-03-05T08:21:01","slug":"buerocontainer","status":"publish","type":"page","link":"https:\/\/katami-containers.eu\/de\/container\/buerocontainer\/","title":{"rendered":"B\u00fcrocontainer"},"content":{"rendered":"<p>[et_pb_section fb_built=&#8220;1&#8243; admin_label=&#8220;section&#8220; _builder_version=&#8220;4.16&#8243; global_colors_info=&#8220;{}&#8220;][et_pb_row _builder_version=&#8220;4.19.0&#8243; _module_preset=&#8220;default&#8220; locked=&#8220;off&#8220; global_colors_info=&#8220;{}&#8220;][et_pb_column type=&#8220;4_4&#8243; _builder_version=&#8220;4.19.0&#8243; _module_preset=&#8220;default&#8220; global_colors_info=&#8220;{}&#8220;][et_pb_code _builder_version=&#8220;4.19.0&#8243; _module_preset=&#8220;default&#8220; global_colors_info=&#8220;{}&#8220;]<\/p>\n<div><!-- [et_pb_line_break_holder] --><!-- [et_pb_line_break_holder] --> <a href=\"https:\/\/katami-containers.eu\/de\/\"><!-- [et_pb_line_break_holder] --> Home<\/a><!-- [et_pb_line_break_holder] --><!-- [et_pb_line_break_holder] --> >><!-- [et_pb_line_break_holder] --><!-- [et_pb_line_break_holder] --> <a href=\"https:\/\/katami-containers.eu\/de\/container\/\"><!-- [et_pb_line_break_holder] --> Container<\/a><!-- [et_pb_line_break_holder] --><!-- [et_pb_line_break_holder] --><!-- [et_pb_line_break_holder] --> >> <b>B\u00fcrocontainer<\/b><!-- [et_pb_line_break_holder] --><\/div>\n<p>[\/et_pb_code][\/et_pb_column][\/et_pb_row][et_pb_row column_structure=&#8220;3_5,2_5&#8243; _builder_version=&#8220;4.19.0&#8243; _module_preset=&#8220;default&#8220; global_colors_info=&#8220;{}&#8220;][et_pb_column type=&#8220;3_5&#8243; _builder_version=&#8220;4.19.0&#8243; _module_preset=&#8220;default&#8220; global_colors_info=&#8220;{}&#8220;][et_pb_text _builder_version=&#8220;4.19.0&#8243; _module_preset=&#8220;default&#8220; global_colors_info=&#8220;{}&#8220;]<\/p>\n<h1>KATAMI &#8211; zuverl\u00e4ssiger Hersteller von B\u00fcrocontainern<\/h1>\n<p style=\"text-align: justify;\">Angesichts der steigenden Mietkosten entscheiden sich Investoren zunehmend f\u00fcr <b>moderne B\u00fcrocontainer<\/b>. Diese L\u00f6sung erfreut sich nicht nur in Polen, sondern auch weltweit immer gr\u00f6\u00dferer Beliebtheit. Als <b>Hersteller von B\u00fcrocontainern<\/b> garantieren wir, dass sie nicht nur dauerhaft und einfach zu installieren, sondern auch sicher und komfortabel zu nutzen sind. Der <b>B\u00fcrocontainer<\/b> ist in vier Gr\u00f6\u00dfen erh\u00e4ltlich &#8211; <b>5\u00d73<\/b>, <b>6\u00d73<\/b>, <b>7\u00d73<\/b>, <b>8\u00d73<\/b>. Investoren, die eine gr\u00f6\u00dfere Fl\u00e4che w\u00fcnschen, k\u00f6nnen sich f\u00fcr die Option der miteinander verbundenen Objekte entscheiden. Und f\u00fcr welchen <b>B\u00fcrocontainer<\/b> werden Sie sich entscheiden? KATAMI ist ein bew\u00e4hrter <b>B\u00fcrocontainer Produzent<\/b>, auf den Sie sich verlassen k\u00f6nnen.<\/p>\n<p>[\/et_pb_text][et_pb_text _builder_version=&#8220;4.19.0&#8243; _module_preset=&#8220;default&#8220; global_colors_info=&#8220;{}&#8220;]<\/p>\n<h2>B\u00fcrocontainer \u2013 Qualit\u00e4t des Objekts<\/h2>\n<p style=\"text-align: justify;\">Was zeichnet den <strong>Bau eines<\/strong> <strong>KATAMI-B\u00fcrocontainers<\/strong> aus? Erstens besteht der Aufbau aus erstklassigen Stahlprofilen. Jedes Objekt kann an Bed\u00fcrfnisse des Unternehmers angepasst werden. Neben der Elektrizit\u00e4t k\u00f6nnen fertige <strong>B\u00fcrocontainer<\/strong> unter anderem mit Satelliten-, \u00dcberwachungs- oder Internetinstallation ausgestattet werden. Suchen Sie nach einem Unternehmen, das hochwertige <strong>B\u00fcrocontainer zum Verkauf<\/strong> anbietet? Machen Sie sich mit unserem Angebot vertraut.<\/p>\n<p>[\/et_pb_text][\/et_pb_column][et_pb_column type=&#8220;2_5&#8243; _builder_version=&#8220;4.19.0&#8243; _module_preset=&#8220;default&#8220; global_colors_info=&#8220;{}&#8220;][et_pb_image src=&#8220;https:\/\/katami-containers.eu\/wp-content\/uploads\/part-13.jpe.jpeg&#8220; alt=&#8220;Unsere Projekte&#8220; title_text=&#8220;part-13.jpe&#8220; _builder_version=&#8220;4.19.0&#8243; _module_preset=&#8220;default&#8220; global_colors_info=&#8220;{}&#8220;][\/et_pb_image][\/et_pb_column][\/et_pb_row][et_pb_row use_custom_gutter=&#8220;on&#8220; gutter_width=&#8220;2&#8243; _builder_version=&#8220;4.27.4&#8243; _module_preset=&#8220;default&#8220; global_colors_info=&#8220;{}&#8220; locked=&#8220;off&#8220;][et_pb_column type=&#8220;4_4&#8243; _builder_version=&#8220;4.27.4&#8243; _module_preset=&#8220;default&#8220; global_colors_info=&#8220;{}&#8220;][et_pb_gallery gallery_ids=&#8220;4347,4351,4355,4359&#8243; show_title_and_caption=&#8220;off&#8220; _builder_version=&#8220;4.27.4&#8243; _module_preset=&#8220;default&#8220; global_colors_info=&#8220;{}&#8220;][\/et_pb_gallery][\/et_pb_column][\/et_pb_row][et_pb_row _builder_version=&#8220;4.19.0&#8243; _module_preset=&#8220;default&#8220; global_colors_info=&#8220;{}&#8220;][et_pb_column type=&#8220;4_4&#8243; _builder_version=&#8220;4.19.0&#8243; _module_preset=&#8220;default&#8220; global_colors_info=&#8220;{}&#8220;][et_pb_text _builder_version=&#8220;4.19.0&#8243; _module_preset=&#8220;default&#8220; global_colors_info=&#8220;{}&#8220;]<\/p>\n<h2>Verkauf von B\u00fcrocontainern &#8211; w\u00e4hlen Sie KATAMI<\/h2>\n<p style=\"text-align:justify;\">Mit der Errichtung eines <b>B\u00fcro- und Sozialcontainers<\/b> gewinnen Sie Nutzfl\u00e4che, die Sie nach Belieben nutzen k\u00f6nnen. Mobilit\u00e4t ist eine der wichtigsten Eigenschaften unserer L\u00f6sungen. Wenn Sie zum Beispiel ein Festivalb\u00fcro oder ein Hauptquartier f\u00fcr Ihre Baustelle ben\u00f6tigen, w\u00e4hlen Sie den <b>kleinen B\u00fcrocontainer<\/b>, der f\u00fcr diese Art von T\u00e4tigkeit ausreichend Platz bietet. Schaffen Sie sich mit Ihrem eigenen <b>B\u00fcrocontainer f\u00fcr den Bau<\/b> einen Wachturm und einen Ort f\u00fcr wichtige Besprechungen, und wenn Ihr Projekt abgeschlossen ist, k\u00f6nnen Sie ihn &#8211; auch mit unserer Hilfe &#8211; problemlos umstellen.\u00a0<\/p>\n<p>[\/et_pb_text][et_pb_text _builder_version=&#8220;4.19.0&#8243; _module_preset=&#8220;default&#8220; global_colors_info=&#8220;{}&#8220;]<\/p>\n<h2>B\u00fcrocontainer zu g\u00fcnstigen Preisen kaufen<\/h2>\n<p style=\"text-align: justify;\">Haben Sie eine genaue Vorstellung davon, wie Ihr <b>kleiner B\u00fcrocontainer<\/b> aussehen soll, machen sich aber Sorgen, dass die Baukosten Ihr Budget \u00fcbersteigen k\u00f6nnten? Keine Sorge! Wir bauen f\u00fcr Sie ein B\u00fcro nach Ihren individuellen Anforderungen \u2013 und das zu einem erschwinglichen Preis. Sie haben die M\u00f6glichkeit, die Anzahl, Gr\u00f6\u00dfe und Art der Fenster (fest oder klappbar) sowie den Typ und die Farbe der Verkleidung (Metall, Kunststoffpaneele oder flache Metallfassade) frei zu w\u00e4hlen. Dar\u00fcber hinaus kann ein speziell f\u00fcr Sie angefertigter <b>neuer B\u00fcrocontainer<\/b> auch mit Wandjalousien oder Au\u00dfenbeleuchtung ausgestattet werden. Die Anpassungsm\u00f6glichkeiten sind nahezu unbegrenzt!<\/p>\n<p style=\"text-align: justify;\"><b>Kaufen<\/b> Sie noch heute <b>preiswerte<\/b> und ma\u00dfgeschneiderte <b>B\u00fcrocontainer<\/b> von unserem Unternehmen!<\/p>\n<p>[\/et_pb_text][et_pb_text _builder_version=&#8220;4.19.0&#8243; _module_preset=&#8220;default&#8220; global_colors_info=&#8220;{}&#8220;]<\/p>\n<hr \/>\n<h2>H\u00e4ufig gestellte Fragen<\/h2>\n<h3>Wie sind die B\u00fcrocontainern nach Ma\u00df ausgestattet?<\/h3>\n<p>Als <b>Hersteller von B\u00fcrocontainern<\/b> achten wir auf jedes Ausstattungsdetail unserer Objekte, daher sind sie standardm\u00e4\u00dfig mit energiesparender LED-Beleuchtung, Doppelsteckdosen und einer kompletten Elektroinstallation mit Verteilerkasten ausgestattet. Die Konstruktionen sind au\u00dferdem mit einer Klimaanlage mit Heizfunktion, Standard-Aluminiumt\u00fcren und Kunststofffenstern mit Doppelverglasung ausgestattet. Dar\u00fcber hinaus <b>verf\u00fcgen die modernen B\u00fcrocontainer <\/b>\u00fcber Griffe, die den Transport und die Montage erleichtern.<\/p>\n<h3>Wie lange k\u00f6nnen ganzj\u00e4hrige B\u00fcrocontainer genutzt werden?<\/h3>\n<p>Als zuverl\u00e4ssiger <b>Hersteller von B\u00fcrocontainern k\u00f6nnen wir <\/b>Ihnen versichern, dass unsere Konstruktionen bei entsprechender Wartung sogar 20 bis 30 Jahre lang genutzt werden k\u00f6nnen.<\/p>\n<h3>Wie hoch sind die Transportkosten f\u00fcr einen B\u00fcrocontainer?<\/h3>\n<p>Der Preis f\u00fcr die <b>Lieferung eines neuen B\u00fcrocontainers <\/b>h\u00e4ngt von vielen Faktoren ab, wie z. B. der Gr\u00f6\u00dfe und Art des Containers, der Transportentfernung und den Kraftstoffkosten.<\/p>\n<p>Zus\u00e4tzlich beeinflussen Zusatzleistungen, wie z. B. der Transport zu schwer zug\u00e4nglichen Orten, die Gesamtkosten. Aufgrund der Variabilit\u00e4t dieser Faktoren lohnt es sich, direkt mit dem <b>Produzenten von B\u00fcrocontainern <\/b>zu sprechen, der alle Bedingungen genau bewertet und eine optimale L\u00f6sung vorschl\u00e4gt. Mehr \u00fcber diesen Dienst finden Sie<a href=\"https:\/\/katami-containers.eu\/de\/containertransport\/\"> hier<\/a>.<br \/>\n<script type=\"application\/ld+json\">\n{\n  \"@context\": \"https:\/\/schema.org\",\n  \"@type\": \"FAQPage\",\n  \"mainEntity\": [{\n    \"@type\": \"Question\",\n    \"name\": \"Wie sind die B\u00fcrocontainern nach Ma\u00df ausgestattet?\",\n    \"acceptedAnswer\": {\n      \"@type\": \"Answer\",\n      \"text\": \"Als Hersteller von B\u00fcrocontainern achten wir auf jedes Ausstattungsdetail unserer Objekte, daher sind sie standardm\u00e4\u00dfig mit energiesparender LED-Beleuchtung, Doppelsteckdosen und einer kompletten Elektroinstallation mit Verteilerkasten ausgestattet. Die Konstruktionen sind au\u00dferdem mit einer Klimaanlage mit Heizfunktion, Standard-Aluminiumt\u00fcren und Kunststofffenstern mit Doppelverglasung ausgestattet. Dar\u00fcber hinaus verf\u00fcgen die modernen B\u00fcrocontainer \u00fcber Griffe, die den Transport und die Montage erleichtern.\"\n    }\n  },{\n    \"@type\": \"Question\",\n    \"name\": \"Wie lange k\u00f6nnen ganzj\u00e4hrige B\u00fcrocontainer genutzt werden?\",\n    \"acceptedAnswer\": {\n      \"@type\": \"Answer\",\n      \"text\": \"Als zuverl\u00e4ssiger Hersteller von B\u00fcrocontainern k\u00f6nnen wir Ihnen versichern, dass unsere Konstruktionen bei entsprechender Wartung sogar 20 bis 30 Jahre lang genutzt werden k\u00f6nnen.\"\n    }\n  },{\n    \"@type\": \"Question\",\n    \"name\": \"Wie hoch sind die Transportkosten f\u00fcr einen B\u00fcrocontainer?\",\n    \"acceptedAnswer\": {\n      \"@type\": \"Answer\",\n      \"text\": \"Der Preis f\u00fcr die Lieferung eines neuen B\u00fcrocontainers h\u00e4ngt von vielen Faktoren ab, wie z. B. der Gr\u00f6\u00dfe und Art des Containers, der Transportentfernung und den Kraftstoffkosten.\nZus\u00e4tzlich beeinflussen Zusatzleistungen, wie z. B. der Transport zu schwer zug\u00e4nglichen Orten, die Gesamtkosten. Aufgrund der Variabilit\u00e4t dieser Faktoren lohnt es sich, direkt mit dem Produzenten von B\u00fcrocontainern zu sprechen, der alle Bedingungen genau bewertet und eine optimale L\u00f6sung vorschl\u00e4gt. Mehr \u00fcber diesen Dienst finden Sie hier.\"\n    }\n  }]\n}\n<\/script>[\/et_pb_text][\/et_pb_column][\/et_pb_row][\/et_pb_section]<\/p>\n","protected":false},"excerpt":{"rendered":"<p>KATAMI &#8211; zuverl\u00e4ssiger Hersteller von B\u00fcrocontainern Angesichts der steigenden Mietkosten entscheiden sich Investoren zunehmend f\u00fcr moderne B\u00fcrocontainer. Diese L\u00f6sung erfreut sich nicht nur in Polen, sondern auch weltweit immer gr\u00f6\u00dferer Beliebtheit. Als Hersteller von B\u00fcrocontainern garantieren wir, dass sie nicht nur dauerhaft und einfach zu installieren, sondern auch sicher und komfortabel zu nutzen sind. Der [&hellip;]<\/p>\n","protected":false},"author":3,"featured_media":3487,"parent":1107,"menu_order":0,"comment_status":"closed","ping_status":"closed","template":"","meta":{"_et_pb_use_builder":"on","_et_pb_old_content":"","_et_gb_content_width":"","footnotes":""},"class_list":["post-3590","page","type-page","status-publish","has-post-thumbnail","hentry"],"yoast_head":"<!-- This site is optimized with the Yoast SEO plugin v25.9 - https:\/\/yoast.com\/wordpress\/plugins\/seo\/ -->\n<title>Moderne B\u00fcrocontainer \u2013 Katami<\/title>\n<meta name=\"description\" content=\"Suchen Sie B\u00fcrocontainer zum Verkauf? Entdecken Sie unser attraktives Sortiment an hochwertigen und vielseitigen B\u00fcrocontainern \u2013 perfekt f\u00fcr Ihre Bed\u00fcrfnisse!\" \/>\n<meta name=\"robots\" content=\"index, follow, max-snippet:-1, max-image-preview:large, max-video-preview:-1\" \/>\n<link rel=\"canonical\" href=\"https:\/\/katami-containers.eu\/de\/container\/buerocontainer\/\" \/>\n<meta property=\"og:locale\" content=\"de_DE\" \/>\n<meta property=\"og:type\" content=\"article\" \/>\n<meta property=\"og:title\" content=\"Moderne B\u00fcrocontainer \u2013 Katami\" \/>\n<meta property=\"og:description\" content=\"Suchen Sie B\u00fcrocontainer zum Verkauf? Entdecken Sie unser attraktives Sortiment an hochwertigen und vielseitigen B\u00fcrocontainern \u2013 perfekt f\u00fcr Ihre Bed\u00fcrfnisse!\" \/>\n<meta property=\"og:url\" content=\"https:\/\/katami-containers.eu\/de\/container\/buerocontainer\/\" \/>\n<meta property=\"og:site_name\" content=\"KATAMI\" \/>\n<meta property=\"article:modified_time\" content=\"2026-03-05T08:21:01+00:00\" \/>\n<meta property=\"og:image\" content=\"https:\/\/katami-containers.eu\/wp-content\/uploads\/part-13.jpe.jpeg\" \/>\n\t<meta property=\"og:image:width\" content=\"1200\" \/>\n\t<meta property=\"og:image:height\" content=\"1600\" \/>\n\t<meta property=\"og:image:type\" content=\"image\/jpeg\" \/>\n<meta name=\"twitter:card\" content=\"summary_large_image\" \/>\n<meta name=\"twitter:label1\" content=\"Gesch\u00e4tzte Lesezeit\" \/>\n\t<meta name=\"twitter:data1\" content=\"5\u00a0Minuten\" \/>\n<script type=\"application\/ld+json\" class=\"yoast-schema-graph\">{\"@context\":\"https:\/\/schema.org\",\"@graph\":[{\"@type\":\"WebPage\",\"@id\":\"https:\/\/katami-containers.eu\/de\/container\/buerocontainer\/\",\"url\":\"https:\/\/katami-containers.eu\/de\/container\/buerocontainer\/\",\"name\":\"Moderne B\u00fcrocontainer \u2013 Katami\",\"isPartOf\":{\"@id\":\"https:\/\/katami-containers.eu\/#website\"},\"primaryImageOfPage\":{\"@id\":\"https:\/\/katami-containers.eu\/de\/container\/buerocontainer\/#primaryimage\"},\"image\":{\"@id\":\"https:\/\/katami-containers.eu\/de\/container\/buerocontainer\/#primaryimage\"},\"thumbnailUrl\":\"https:\/\/katami-containers.eu\/wp-content\/uploads\/part-13.jpe.jpeg\",\"datePublished\":\"2024-05-02T06:45:23+00:00\",\"dateModified\":\"2026-03-05T08:21:01+00:00\",\"description\":\"Suchen Sie B\u00fcrocontainer zum Verkauf? Entdecken Sie unser attraktives Sortiment an hochwertigen und vielseitigen B\u00fcrocontainern \u2013 perfekt f\u00fcr Ihre Bed\u00fcrfnisse!\",\"breadcrumb\":{\"@id\":\"https:\/\/katami-containers.eu\/de\/container\/buerocontainer\/#breadcrumb\"},\"inLanguage\":\"de\",\"potentialAction\":[{\"@type\":\"ReadAction\",\"target\":[\"https:\/\/katami-containers.eu\/de\/container\/buerocontainer\/\"]}]},{\"@type\":\"ImageObject\",\"inLanguage\":\"de\",\"@id\":\"https:\/\/katami-containers.eu\/de\/container\/buerocontainer\/#primaryimage\",\"url\":\"https:\/\/katami-containers.eu\/wp-content\/uploads\/part-13.jpe.jpeg\",\"contentUrl\":\"https:\/\/katami-containers.eu\/wp-content\/uploads\/part-13.jpe.jpeg\",\"width\":1200,\"height\":1600,\"caption\":\"Merkmale unserer Container\"},{\"@type\":\"BreadcrumbList\",\"@id\":\"https:\/\/katami-containers.eu\/de\/container\/buerocontainer\/#breadcrumb\",\"itemListElement\":[{\"@type\":\"ListItem\",\"position\":1,\"name\":\"Home\",\"item\":\"https:\/\/katami-containers.eu\/de\/\"},{\"@type\":\"ListItem\",\"position\":2,\"name\":\"CONTAINERANGEBOT\",\"item\":\"https:\/\/katami-containers.eu\/de\/container\/\"},{\"@type\":\"ListItem\",\"position\":3,\"name\":\"B\u00fcrocontainer\"}]},{\"@type\":\"WebSite\",\"@id\":\"https:\/\/katami-containers.eu\/#website\",\"url\":\"https:\/\/katami-containers.eu\/\",\"name\":\"KATAMI\",\"description\":\"Producent kontener\u00f3w: biurowe, socjalne, handlowe i inne\",\"potentialAction\":[{\"@type\":\"SearchAction\",\"target\":{\"@type\":\"EntryPoint\",\"urlTemplate\":\"https:\/\/katami-containers.eu\/?s={search_term_string}\"},\"query-input\":{\"@type\":\"PropertyValueSpecification\",\"valueRequired\":true,\"valueName\":\"search_term_string\"}}],\"inLanguage\":\"de\"}]}<\/script>\n<!-- \/ Yoast SEO plugin. -->","yoast_head_json":{"title":"Moderne B\u00fcrocontainer \u2013 Katami","description":"Suchen Sie B\u00fcrocontainer zum Verkauf? Entdecken Sie unser attraktives Sortiment an hochwertigen und vielseitigen B\u00fcrocontainern \u2013 perfekt f\u00fcr Ihre Bed\u00fcrfnisse!","robots":{"index":"index","follow":"follow","max-snippet":"max-snippet:-1","max-image-preview":"max-image-preview:large","max-video-preview":"max-video-preview:-1"},"canonical":"https:\/\/katami-containers.eu\/de\/container\/buerocontainer\/","og_locale":"de_DE","og_type":"article","og_title":"Moderne B\u00fcrocontainer \u2013 Katami","og_description":"Suchen Sie B\u00fcrocontainer zum Verkauf? Entdecken Sie unser attraktives Sortiment an hochwertigen und vielseitigen B\u00fcrocontainern \u2013 perfekt f\u00fcr Ihre Bed\u00fcrfnisse!","og_url":"https:\/\/katami-containers.eu\/de\/container\/buerocontainer\/","og_site_name":"KATAMI","article_modified_time":"2026-03-05T08:21:01+00:00","og_image":[{"width":1200,"height":1600,"url":"https:\/\/katami-containers.eu\/wp-content\/uploads\/part-13.jpe.jpeg","type":"image\/jpeg"}],"twitter_card":"summary_large_image","twitter_misc":{"Gesch\u00e4tzte Lesezeit":"5\u00a0Minuten"},"schema":{"@context":"https:\/\/schema.org","@graph":[{"@type":"WebPage","@id":"https:\/\/katami-containers.eu\/de\/container\/buerocontainer\/","url":"https:\/\/katami-containers.eu\/de\/container\/buerocontainer\/","name":"Moderne B\u00fcrocontainer \u2013 Katami","isPartOf":{"@id":"https:\/\/katami-containers.eu\/#website"},"primaryImageOfPage":{"@id":"https:\/\/katami-containers.eu\/de\/container\/buerocontainer\/#primaryimage"},"image":{"@id":"https:\/\/katami-containers.eu\/de\/container\/buerocontainer\/#primaryimage"},"thumbnailUrl":"https:\/\/katami-containers.eu\/wp-content\/uploads\/part-13.jpe.jpeg","datePublished":"2024-05-02T06:45:23+00:00","dateModified":"2026-03-05T08:21:01+00:00","description":"Suchen Sie B\u00fcrocontainer zum Verkauf? Entdecken Sie unser attraktives Sortiment an hochwertigen und vielseitigen B\u00fcrocontainern \u2013 perfekt f\u00fcr Ihre Bed\u00fcrfnisse!","breadcrumb":{"@id":"https:\/\/katami-containers.eu\/de\/container\/buerocontainer\/#breadcrumb"},"inLanguage":"de","potentialAction":[{"@type":"ReadAction","target":["https:\/\/katami-containers.eu\/de\/container\/buerocontainer\/"]}]},{"@type":"ImageObject","inLanguage":"de","@id":"https:\/\/katami-containers.eu\/de\/container\/buerocontainer\/#primaryimage","url":"https:\/\/katami-containers.eu\/wp-content\/uploads\/part-13.jpe.jpeg","contentUrl":"https:\/\/katami-containers.eu\/wp-content\/uploads\/part-13.jpe.jpeg","width":1200,"height":1600,"caption":"Merkmale unserer Container"},{"@type":"BreadcrumbList","@id":"https:\/\/katami-containers.eu\/de\/container\/buerocontainer\/#breadcrumb","itemListElement":[{"@type":"ListItem","position":1,"name":"Home","item":"https:\/\/katami-containers.eu\/de\/"},{"@type":"ListItem","position":2,"name":"CONTAINERANGEBOT","item":"https:\/\/katami-containers.eu\/de\/container\/"},{"@type":"ListItem","position":3,"name":"B\u00fcrocontainer"}]},{"@type":"WebSite","@id":"https:\/\/katami-containers.eu\/#website","url":"https:\/\/katami-containers.eu\/","name":"KATAMI","description":"Producent kontener\u00f3w: biurowe, socjalne, handlowe i inne","potentialAction":[{"@type":"SearchAction","target":{"@type":"EntryPoint","urlTemplate":"https:\/\/katami-containers.eu\/?s={search_term_string}"},"query-input":{"@type":"PropertyValueSpecification","valueRequired":true,"valueName":"search_term_string"}}],"inLanguage":"de"}]}},"_links":{"self":[{"href":"https:\/\/katami-containers.eu\/de\/wp-json\/wp\/v2\/pages\/3590","targetHints":{"allow":["GET"]}}],"collection":[{"href":"https:\/\/katami-containers.eu\/de\/wp-json\/wp\/v2\/pages"}],"about":[{"href":"https:\/\/katami-containers.eu\/de\/wp-json\/wp\/v2\/types\/page"}],"author":[{"embeddable":true,"href":"https:\/\/katami-containers.eu\/de\/wp-json\/wp\/v2\/users\/3"}],"replies":[{"embeddable":true,"href":"https:\/\/katami-containers.eu\/de\/wp-json\/wp\/v2\/comments?post=3590"}],"version-history":[{"count":12,"href":"https:\/\/katami-containers.eu\/de\/wp-json\/wp\/v2\/pages\/3590\/revisions"}],"predecessor-version":[{"id":4364,"href":"https:\/\/katami-containers.eu\/de\/wp-json\/wp\/v2\/pages\/3590\/revisions\/4364"}],"up":[{"embeddable":true,"href":"https:\/\/katami-containers.eu\/de\/wp-json\/wp\/v2\/pages\/1107"}],"wp:featuredmedia":[{"embeddable":true,"href":"https:\/\/katami-containers.eu\/de\/wp-json\/wp\/v2\/media\/3487"}],"wp:attachment":[{"href":"https:\/\/katami-containers.eu\/de\/wp-json\/wp\/v2\/media?parent=3590"}],"curies":[{"name":"wp","href":"https:\/\/api.w.org\/{rel}","templated":true}]}}