{"id":3600,"date":"2024-05-02T09:06:50","date_gmt":"2024-05-02T07:06:50","guid":{"rendered":"https:\/\/katami-containers.eu\/container\/haeuser-fuer-das-grundstueck\/"},"modified":"2025-09-23T10:59:45","modified_gmt":"2025-09-23T08:59:45","slug":"haeuser-fuer-das-grundstueck","status":"publish","type":"page","link":"https:\/\/katami-containers.eu\/de\/container\/haeuser-fuer-das-grundstueck\/","title":{"rendered":"H\u00e4user f\u00fcr das Grundst\u00fcck"},"content":{"rendered":"<p>[et_pb_section fb_built=&#8220;1&#8243; admin_label=&#8220;section&#8220; _builder_version=&#8220;4.16&#8243; global_colors_info=&#8220;{}&#8220;][et_pb_row _builder_version=&#8220;4.19.0&#8243; _module_preset=&#8220;default&#8220; locked=&#8220;off&#8220; global_colors_info=&#8220;{}&#8220;][et_pb_column type=&#8220;4_4&#8243; _builder_version=&#8220;4.19.0&#8243; _module_preset=&#8220;default&#8220; global_colors_info=&#8220;{}&#8220;][et_pb_code _builder_version=&#8220;4.19.0&#8243; _module_preset=&#8220;default&#8220; global_colors_info=&#8220;{}&#8220;]<\/p>\n<div><!-- [et_pb_line_break_holder] --> <!-- [et_pb_line_break_holder] --> <a href=\"https:\/\/katami-containers.eu\/de\/\"><!-- [et_pb_line_break_holder] --> Home<\/a><!-- [et_pb_line_break_holder] --> <!-- [et_pb_line_break_holder] --> >><!-- [et_pb_line_break_holder] --> <!-- [et_pb_line_break_holder] --> <a href=\"https:\/\/katami-containers.eu\/de\/container\/\"><!-- [et_pb_line_break_holder] --> Container<\/a><!-- [et_pb_line_break_holder] --> <!-- [et_pb_line_break_holder] --> <!-- [et_pb_line_break_holder] --> >> <b>H\u00e4user f\u00fcr das Grundst\u00fcck<\/b><!-- [et_pb_line_break_holder] --><\/div>\n<p>[\/et_pb_code][\/et_pb_column][\/et_pb_row][et_pb_row column_structure=&#8220;3_5,2_5&#8243; _builder_version=&#8220;4.19.0&#8243; _module_preset=&#8220;default&#8220; global_colors_info=&#8220;{}&#8220;][et_pb_column type=&#8220;3_5&#8243; _builder_version=&#8220;4.19.0&#8243; _module_preset=&#8220;default&#8220; global_colors_info=&#8220;{}&#8220;][et_pb_text _builder_version=&#8220;4.19.0&#8243; _module_preset=&#8220;default&#8220; global_colors_info=&#8220;{}&#8220;]<\/p>\n<h1>Haus vom Container bis zum Grundst\u00fcck \u2013 Qualit\u00e4t an erster Stelle<\/h1>\n<p style=\"text-align: justify;\">Sind Sie der Besitzer eines Grundst\u00fccks und planen, darauf Ihr eigenes Zuhause zu errichten? <strong>Containerh\u00e4user f\u00fcr das Grundst\u00fcck<\/strong> bieten eine ausgezeichnete Alternative zu klassischen Ferienh\u00e4usern. Wir produzieren sie aus bew\u00e4hrten Materialien h\u00f6chster Qualit\u00e4t \u2013 dadurch kann der K\u00e4ufer sicher sein, dass er sie viele Jahre lang nutzen kann. Welche <strong>H\u00fctten f\u00fcr ein Erholungsgrundst\u00fcck<\/strong> eignen sich am besten? Nachdem Sie sich mit dem Angebot des KATAMI Handels- und Dienstleistungsunternehmens vertraut gemacht haben, werden Sie keine Zweifel mehr haben.<\/p>\n<p>[\/et_pb_text][\/et_pb_column][et_pb_column type=&#8220;2_5&#8243; _builder_version=&#8220;4.19.0&#8243; _module_preset=&#8220;default&#8220; global_colors_info=&#8220;{}&#8220;][et_pb_image src=&#8220;https:\/\/katami-containers.eu\/wp-content\/uploads\/part-5.jpe.jpeg&#8220; alt=&#8220;Unsere Projekte&#8220; title_text=&#8220;part-5.jpe&#8220; _builder_version=&#8220;4.19.0&#8243; _module_preset=&#8220;default&#8220; global_colors_info=&#8220;{}&#8220;][\/et_pb_image][\/et_pb_column][\/et_pb_row][et_pb_row _builder_version=&#8220;4.19.0&#8243; _module_preset=&#8220;default&#8220; global_colors_info=&#8220;{}&#8220;][et_pb_column type=&#8220;4_4&#8243; _builder_version=&#8220;4.19.0&#8243; _module_preset=&#8220;default&#8220; global_colors_info=&#8220;{}&#8220;][et_pb_text _builder_version=&#8220;4.19.0&#8243; _module_preset=&#8220;default&#8220; global_colors_info=&#8220;{}&#8220;]<\/p>\n<h2>Ein Ferienhaus f\u00fcr ein Erholungsgrundst\u00fcck &#8211; eine Idee f\u00fcr den perfekten Urlaub<\/h2>\n<p style=\"text-align: justify;\"><b>Kleine H\u00e4user auf dem Grundst\u00fcck<\/b> sind die perfekte L\u00f6sung f\u00fcr alle, die einen komfortablen R\u00fcckzugsort in unmittelbarer N\u00e4he zur Natur suchen. M\u00f6chten Sie einen solchen Erholungsort auf Ihrem Grundst\u00fcck schaffen? Mit uns k\u00f6nnen Sie diesen Traum im Handumdrehen verwirklichen &#8211; w\u00e4hrend wir f\u00fcr Sie Ihre traumhaften vier W\u00e4nde bauen, k\u00f6nnen Sie sich um Ihre Urlaubsplanung k\u00fcmmern. Denn wir sind Profis auf unserem Gebiet! Stellen Sie ein <b>Ganzjahreshaus<\/b> auf Ihr Grundst\u00fcck. Wir bieten sowohl gr\u00f6\u00dfere als auch kleinere Konstruktionen an. Wir garantieren Ihnen, dass die <b>kleinen KATAMI-H\u00e4user f\u00fcr ein Grundst\u00fcck<\/b> besonders gut f\u00fcr Gebiete mit wenig Platz geeignet sind.<\/p>\n<h2>Vorteile eines Ferienhauses aus Containern auf einem Grundst\u00fcck<\/h2>\n<p>Die Investition in das <strong>Aufstellen eines Wohncontainers auf Ihrem Grundst\u00fcck<\/strong> stellt eine hervorragende Alternative zum Bau eines gemauerten Geb\u00e4udes von Grund auf dar. Im Folgenden finden Sie einige unbestreitbare Vorteile, die f\u00fcr diese L\u00f6sung sprechen:<\/p>\n<ul>\n<li><strong>Stabile Konstruktion <\/strong>\u2013<strong> Ein Wohncontainer f\u00fcr das Grundst\u00fcck<\/strong> besteht aus einem robusten Stahlrahmen, der Langlebigkeit sowie eine hohe Widerstandsf\u00e4higkeit gegen\u00fcber mechanischen Besch\u00e4digungen gew\u00e4hrleistet.<\/li>\n<li><strong>Mobilit\u00e4t <\/strong>\u2013 Da das <strong>Containerhaus auf dem Grundst\u00fcck<\/strong> nicht dauerhaft mit dem Boden verbunden werden muss, l\u00e4sst es sich problemlos an einen anderen Standort transportieren. Dies ist ideal f\u00fcr Menschen, die sich Flexibilit\u00e4t bei der Standortwahl w\u00fcnschen.<\/li>\n<li><strong>Gute W\u00e4rmed\u00e4mmung <\/strong>\u2013 Dank der 10 cm dicken Sandwichpaneele in den W\u00e4nden sowie der hochwertigen Isolierung im Boden (Sandwichpaneele + OSB-Platte + PVC-Bodenbelag) bieten <strong>H\u00fctten f\u00fcr ein Erholungsgrundst\u00fcck<\/strong> ganzj\u00e4hrig thermischen Komfort. Die effiziente D\u00e4mmung tr\u00e4gt dazu bei, die gew\u00fcnschte Innentemperatur zu halten und Energiekosten zu senken.<\/li>\n<li><strong>M\u00f6glichkeit der Erweiterung <\/strong>\u2013 Die <strong>H\u00e4user bereit f\u00fcr ein Grundst\u00fcck<\/strong> sind in verschiedenen Gr\u00f6\u00dfen erh\u00e4ltlich, z.\u202fB. 5 \u00d7 3, 6 \u00d7 3, 7 \u00d7 3 oder 8 \u00d7 3 m. Sie k\u00f6nnen einfach miteinander kombiniert werden, um gr\u00f6\u00dfere Einheiten zu schaffen, die genau auf individuelle Bed\u00fcrfnisse zugeschnitten sind. Zum Beispiel l\u00e4sst sich durch das Verbinden zweier 6 \u00d7 3\u202fm gro\u00dfer Container ein ger\u00e4umiges <strong>Wohncontainerhaus auf dem eigenen Grundst\u00fcck<\/strong> realisieren.<\/li>\n<li><strong>\u00d6kologisch <\/strong>\u2013 Der Containerbau reduziert Materialverluste, wie sie h\u00e4ufig bei der Errichtung traditioneller Geb\u00e4ude auftreten. Durch die Verwendung vorgefertigter Elemente wird der Bauprozess effizienter und ressourcenschonender gestaltet. Statt gro\u00dfe Mengen an Abfall zu erzeugen, wird der Fokus auf Abfallvermeidung gelegt \u2013 ein bewusster Ansatz, der die Umweltbelastung minimiert.<\/li>\n<\/ul>\n<h2>H\u00e4user f\u00fcr das Grundst\u00fcck von KATAMI<\/h2>\n<p style=\"text-align: justify;\"><strong>Das fertige Haus f\u00fcr das Grundst\u00fcck<\/strong> von KATAMI kann errichtet werden. Dies ist eine praktische Option f\u00fcr Kunden, die schnell und sicher die eigenen vier W\u00e4nde schaffen m\u00f6chten. Wenn Sie ein <strong>Containerhaus f\u00fcr Ihr Grundst\u00fcck<\/strong> ben\u00f6tigen, nutzen Sie unsere Dienstleistungen. Als KATAMI Handels- und Dienstleistungsunternehmen legen wir Wert auf Qualit\u00e4t und individuelle Herangehensweise an jedes Projekt. Indem Sie sich f\u00fcr das <strong>fertige Haus f\u00fcr das Grundst\u00fcck<\/strong> KATAMI entscheiden, investieren Sie in Objekte, die Sie viele Jahre lang nutzen k\u00f6nnen.<\/p>\n<h2>H\u00e4ufig gestellte Fragen<\/h2>\n<h3>M\u00fcssen Wohncontainer f\u00fcr das Grundst\u00fcck fest mit dem Boden verbunden sein?<\/h3>\n<p style=\"text-align: justify;\">Nein, <strong>H\u00e4user bereit f\u00fcr ein Grundst\u00fcck<\/strong> ben\u00f6tigen kein festes Fundament. Sie k\u00f6nnen auf Betonbl\u00f6cken oder Punktfundamenten aufgestellt werden, sofern der Untergrund eben und tragf\u00e4hig ist.<\/p>\n<h3>Was beeinflusst den Endpreis eines Ferienhauses auf dem Grundst\u00fcck?<\/h3>\n<p style=\"text-align: justify;\">Der Endpreis eine<strong>r H\u00fctte f\u00fcr ein Grundst\u00fcck<\/strong> h\u00e4ngt von mehreren Faktoren ab: den Abmessungen, dem Ausbaustandard, der Ausstattung, der Raumanzahl, den Installationen sowie eventuellen individuellen Anpassungen.<\/p>\n<h3>Wie lange dauert die Montage eines Containerhauses auf dem Grundst\u00fcck?<\/h3>\n<p style=\"text-align: justify;\">Die Montage eines<strong> Ferienhauses auf einem Erholungsgrundst\u00fcck<\/strong> dauert in der Regel 1 bis 2 Tage. Dieser Prozess umfasst den Transport des Containers auf das Grundst\u00fcck, das Aufstellen mithilfe eines HDS-Krans sowie den Anschluss notwendiger Installationen wie Strom, Wasser und Abwasser.<\/p>\n<p>[\/et_pb_text][\/et_pb_column][\/et_pb_row][\/et_pb_section]<\/p>\n","protected":false},"excerpt":{"rendered":"<p>Haus vom Container bis zum Grundst\u00fcck \u2013 Qualit\u00e4t an erster Stelle Sind Sie der Besitzer eines Grundst\u00fccks und planen, darauf Ihr eigenes Zuhause zu errichten? Containerh\u00e4user f\u00fcr das Grundst\u00fcck bieten eine ausgezeichnete Alternative zu klassischen Ferienh\u00e4usern. Wir produzieren sie aus bew\u00e4hrten Materialien h\u00f6chster Qualit\u00e4t \u2013 dadurch kann der K\u00e4ufer sicher sein, dass er sie viele [&hellip;]<\/p>\n","protected":false},"author":3,"featured_media":3497,"parent":1107,"menu_order":0,"comment_status":"closed","ping_status":"closed","template":"","meta":{"_et_pb_use_builder":"on","_et_pb_old_content":"","_et_gb_content_width":"","footnotes":""},"class_list":["post-3600","page","type-page","status-publish","has-post-thumbnail","hentry"],"yoast_head":"<!-- This site is optimized with the Yoast SEO plugin v25.9 - https:\/\/yoast.com\/wordpress\/plugins\/seo\/ -->\n<title>Containerh\u00e4user f\u00fcr ein Grundst\u00fcck \u2013 Katami<\/title>\n<meta name=\"description\" content=\"Suchen Sie ein Containerhaus f\u00fcr Ihr Grundst\u00fcck? Wir w\u00fcrden uns freuen, wenn Sie sich mit unserem vielf\u00e4ltigen und attraktiven Sortiment vertraut machen w\u00fcrden.\" \/>\n<meta name=\"robots\" content=\"index, follow, max-snippet:-1, max-image-preview:large, max-video-preview:-1\" \/>\n<link rel=\"canonical\" href=\"https:\/\/katami-containers.eu\/de\/container\/haeuser-fuer-das-grundstueck\/\" \/>\n<meta property=\"og:locale\" content=\"de_DE\" \/>\n<meta property=\"og:type\" content=\"article\" \/>\n<meta property=\"og:title\" content=\"Containerh\u00e4user f\u00fcr ein Grundst\u00fcck \u2013 Katami\" \/>\n<meta property=\"og:description\" content=\"Suchen Sie ein Containerhaus f\u00fcr Ihr Grundst\u00fcck? Wir w\u00fcrden uns freuen, wenn Sie sich mit unserem vielf\u00e4ltigen und attraktiven Sortiment vertraut machen w\u00fcrden.\" \/>\n<meta property=\"og:url\" content=\"https:\/\/katami-containers.eu\/de\/container\/haeuser-fuer-das-grundstueck\/\" \/>\n<meta property=\"og:site_name\" content=\"KATAMI\" \/>\n<meta property=\"article:modified_time\" content=\"2025-09-23T08:59:45+00:00\" \/>\n<meta property=\"og:image\" content=\"https:\/\/katami-containers.eu\/wp-content\/uploads\/part-5.jpe.jpeg\" \/>\n\t<meta property=\"og:image:width\" content=\"1600\" \/>\n\t<meta property=\"og:image:height\" content=\"1200\" \/>\n\t<meta property=\"og:image:type\" content=\"image\/jpeg\" \/>\n<meta name=\"twitter:card\" content=\"summary_large_image\" \/>\n<meta name=\"twitter:label1\" content=\"Gesch\u00e4tzte Lesezeit\" \/>\n\t<meta name=\"twitter:data1\" content=\"5\u00a0Minuten\" \/>\n<script type=\"application\/ld+json\" class=\"yoast-schema-graph\">{\"@context\":\"https:\/\/schema.org\",\"@graph\":[{\"@type\":\"WebPage\",\"@id\":\"https:\/\/katami-containers.eu\/de\/container\/haeuser-fuer-das-grundstueck\/\",\"url\":\"https:\/\/katami-containers.eu\/de\/container\/haeuser-fuer-das-grundstueck\/\",\"name\":\"Containerh\u00e4user f\u00fcr ein Grundst\u00fcck \u2013 Katami\",\"isPartOf\":{\"@id\":\"https:\/\/katami-containers.eu\/#website\"},\"primaryImageOfPage\":{\"@id\":\"https:\/\/katami-containers.eu\/de\/container\/haeuser-fuer-das-grundstueck\/#primaryimage\"},\"image\":{\"@id\":\"https:\/\/katami-containers.eu\/de\/container\/haeuser-fuer-das-grundstueck\/#primaryimage\"},\"thumbnailUrl\":\"https:\/\/katami-containers.eu\/wp-content\/uploads\/part-5.jpe.jpeg\",\"datePublished\":\"2024-05-02T07:06:50+00:00\",\"dateModified\":\"2025-09-23T08:59:45+00:00\",\"description\":\"Suchen Sie ein Containerhaus f\u00fcr Ihr Grundst\u00fcck? Wir w\u00fcrden uns freuen, wenn Sie sich mit unserem vielf\u00e4ltigen und attraktiven Sortiment vertraut machen w\u00fcrden.\",\"breadcrumb\":{\"@id\":\"https:\/\/katami-containers.eu\/de\/container\/haeuser-fuer-das-grundstueck\/#breadcrumb\"},\"inLanguage\":\"de\",\"potentialAction\":[{\"@type\":\"ReadAction\",\"target\":[\"https:\/\/katami-containers.eu\/de\/container\/haeuser-fuer-das-grundstueck\/\"]}]},{\"@type\":\"ImageObject\",\"inLanguage\":\"de\",\"@id\":\"https:\/\/katami-containers.eu\/de\/container\/haeuser-fuer-das-grundstueck\/#primaryimage\",\"url\":\"https:\/\/katami-containers.eu\/wp-content\/uploads\/part-5.jpe.jpeg\",\"contentUrl\":\"https:\/\/katami-containers.eu\/wp-content\/uploads\/part-5.jpe.jpeg\",\"width\":1600,\"height\":1200,\"caption\":\"H\u00e4user f\u00fcr das Grundst\u00fcck\"},{\"@type\":\"BreadcrumbList\",\"@id\":\"https:\/\/katami-containers.eu\/de\/container\/haeuser-fuer-das-grundstueck\/#breadcrumb\",\"itemListElement\":[{\"@type\":\"ListItem\",\"position\":1,\"name\":\"Home\",\"item\":\"https:\/\/katami-containers.eu\/de\/\"},{\"@type\":\"ListItem\",\"position\":2,\"name\":\"CONTAINERANGEBOT\",\"item\":\"https:\/\/katami-containers.eu\/de\/container\/\"},{\"@type\":\"ListItem\",\"position\":3,\"name\":\"H\u00e4user f\u00fcr das Grundst\u00fcck\"}]},{\"@type\":\"WebSite\",\"@id\":\"https:\/\/katami-containers.eu\/#website\",\"url\":\"https:\/\/katami-containers.eu\/\",\"name\":\"KATAMI\",\"description\":\"Producent kontener\u00f3w: biurowe, socjalne, handlowe i inne\",\"potentialAction\":[{\"@type\":\"SearchAction\",\"target\":{\"@type\":\"EntryPoint\",\"urlTemplate\":\"https:\/\/katami-containers.eu\/?s={search_term_string}\"},\"query-input\":{\"@type\":\"PropertyValueSpecification\",\"valueRequired\":true,\"valueName\":\"search_term_string\"}}],\"inLanguage\":\"de\"}]}<\/script>\n<!-- \/ Yoast SEO plugin. -->","yoast_head_json":{"title":"Containerh\u00e4user f\u00fcr ein Grundst\u00fcck \u2013 Katami","description":"Suchen Sie ein Containerhaus f\u00fcr Ihr Grundst\u00fcck? Wir w\u00fcrden uns freuen, wenn Sie sich mit unserem vielf\u00e4ltigen und attraktiven Sortiment vertraut machen w\u00fcrden.","robots":{"index":"index","follow":"follow","max-snippet":"max-snippet:-1","max-image-preview":"max-image-preview:large","max-video-preview":"max-video-preview:-1"},"canonical":"https:\/\/katami-containers.eu\/de\/container\/haeuser-fuer-das-grundstueck\/","og_locale":"de_DE","og_type":"article","og_title":"Containerh\u00e4user f\u00fcr ein Grundst\u00fcck \u2013 Katami","og_description":"Suchen Sie ein Containerhaus f\u00fcr Ihr Grundst\u00fcck? Wir w\u00fcrden uns freuen, wenn Sie sich mit unserem vielf\u00e4ltigen und attraktiven Sortiment vertraut machen w\u00fcrden.","og_url":"https:\/\/katami-containers.eu\/de\/container\/haeuser-fuer-das-grundstueck\/","og_site_name":"KATAMI","article_modified_time":"2025-09-23T08:59:45+00:00","og_image":[{"width":1600,"height":1200,"url":"https:\/\/katami-containers.eu\/wp-content\/uploads\/part-5.jpe.jpeg","type":"image\/jpeg"}],"twitter_card":"summary_large_image","twitter_misc":{"Gesch\u00e4tzte Lesezeit":"5\u00a0Minuten"},"schema":{"@context":"https:\/\/schema.org","@graph":[{"@type":"WebPage","@id":"https:\/\/katami-containers.eu\/de\/container\/haeuser-fuer-das-grundstueck\/","url":"https:\/\/katami-containers.eu\/de\/container\/haeuser-fuer-das-grundstueck\/","name":"Containerh\u00e4user f\u00fcr ein Grundst\u00fcck \u2013 Katami","isPartOf":{"@id":"https:\/\/katami-containers.eu\/#website"},"primaryImageOfPage":{"@id":"https:\/\/katami-containers.eu\/de\/container\/haeuser-fuer-das-grundstueck\/#primaryimage"},"image":{"@id":"https:\/\/katami-containers.eu\/de\/container\/haeuser-fuer-das-grundstueck\/#primaryimage"},"thumbnailUrl":"https:\/\/katami-containers.eu\/wp-content\/uploads\/part-5.jpe.jpeg","datePublished":"2024-05-02T07:06:50+00:00","dateModified":"2025-09-23T08:59:45+00:00","description":"Suchen Sie ein Containerhaus f\u00fcr Ihr Grundst\u00fcck? Wir w\u00fcrden uns freuen, wenn Sie sich mit unserem vielf\u00e4ltigen und attraktiven Sortiment vertraut machen w\u00fcrden.","breadcrumb":{"@id":"https:\/\/katami-containers.eu\/de\/container\/haeuser-fuer-das-grundstueck\/#breadcrumb"},"inLanguage":"de","potentialAction":[{"@type":"ReadAction","target":["https:\/\/katami-containers.eu\/de\/container\/haeuser-fuer-das-grundstueck\/"]}]},{"@type":"ImageObject","inLanguage":"de","@id":"https:\/\/katami-containers.eu\/de\/container\/haeuser-fuer-das-grundstueck\/#primaryimage","url":"https:\/\/katami-containers.eu\/wp-content\/uploads\/part-5.jpe.jpeg","contentUrl":"https:\/\/katami-containers.eu\/wp-content\/uploads\/part-5.jpe.jpeg","width":1600,"height":1200,"caption":"H\u00e4user f\u00fcr das Grundst\u00fcck"},{"@type":"BreadcrumbList","@id":"https:\/\/katami-containers.eu\/de\/container\/haeuser-fuer-das-grundstueck\/#breadcrumb","itemListElement":[{"@type":"ListItem","position":1,"name":"Home","item":"https:\/\/katami-containers.eu\/de\/"},{"@type":"ListItem","position":2,"name":"CONTAINERANGEBOT","item":"https:\/\/katami-containers.eu\/de\/container\/"},{"@type":"ListItem","position":3,"name":"H\u00e4user f\u00fcr das Grundst\u00fcck"}]},{"@type":"WebSite","@id":"https:\/\/katami-containers.eu\/#website","url":"https:\/\/katami-containers.eu\/","name":"KATAMI","description":"Producent kontener\u00f3w: biurowe, socjalne, handlowe i inne","potentialAction":[{"@type":"SearchAction","target":{"@type":"EntryPoint","urlTemplate":"https:\/\/katami-containers.eu\/?s={search_term_string}"},"query-input":{"@type":"PropertyValueSpecification","valueRequired":true,"valueName":"search_term_string"}}],"inLanguage":"de"}]}},"_links":{"self":[{"href":"https:\/\/katami-containers.eu\/de\/wp-json\/wp\/v2\/pages\/3600","targetHints":{"allow":["GET"]}}],"collection":[{"href":"https:\/\/katami-containers.eu\/de\/wp-json\/wp\/v2\/pages"}],"about":[{"href":"https:\/\/katami-containers.eu\/de\/wp-json\/wp\/v2\/types\/page"}],"author":[{"embeddable":true,"href":"https:\/\/katami-containers.eu\/de\/wp-json\/wp\/v2\/users\/3"}],"replies":[{"embeddable":true,"href":"https:\/\/katami-containers.eu\/de\/wp-json\/wp\/v2\/comments?post=3600"}],"version-history":[{"count":7,"href":"https:\/\/katami-containers.eu\/de\/wp-json\/wp\/v2\/pages\/3600\/revisions"}],"predecessor-version":[{"id":4197,"href":"https:\/\/katami-containers.eu\/de\/wp-json\/wp\/v2\/pages\/3600\/revisions\/4197"}],"up":[{"embeddable":true,"href":"https:\/\/katami-containers.eu\/de\/wp-json\/wp\/v2\/pages\/1107"}],"wp:featuredmedia":[{"embeddable":true,"href":"https:\/\/katami-containers.eu\/de\/wp-json\/wp\/v2\/media\/3497"}],"wp:attachment":[{"href":"https:\/\/katami-containers.eu\/de\/wp-json\/wp\/v2\/media?parent=3600"}],"curies":[{"name":"wp","href":"https:\/\/api.w.org\/{rel}","templated":true}]}}