{"id":3603,"date":"2024-05-02T09:18:32","date_gmt":"2024-05-02T07:18:32","guid":{"rendered":"https:\/\/katami-containers.eu\/merkmale-unserer-container\/"},"modified":"2025-09-23T11:15:04","modified_gmt":"2025-09-23T09:15:04","slug":"merkmale-unserer-container","status":"publish","type":"page","link":"https:\/\/katami-containers.eu\/de\/merkmale-unserer-container\/","title":{"rendered":"Merkmale unserer Container"},"content":{"rendered":"<p>[et_pb_section fb_built=&#8220;1&#8243; admin_label=&#8220;section&#8220; _builder_version=&#8220;4.16&#8243; global_colors_info=&#8220;{}&#8220;][et_pb_row _builder_version=&#8220;4.19.0&#8243; _module_preset=&#8220;default&#8220; locked=&#8220;off&#8220; global_colors_info=&#8220;{}&#8220;][et_pb_column type=&#8220;4_4&#8243; _builder_version=&#8220;4.19.0&#8243; _module_preset=&#8220;default&#8220; global_colors_info=&#8220;{}&#8220;][et_pb_code _builder_version=&#8220;4.19.0&#8243; _module_preset=&#8220;default&#8220; global_colors_info=&#8220;{}&#8220;]<\/p>\n<div><!-- [et_pb_line_break_holder] --><!-- [et_pb_line_break_holder] --> <a href=\"https:\/\/katami-containers.eu\/de\/\"><!-- [et_pb_line_break_holder] --> Home<\/a><!-- [et_pb_line_break_holder] --><!-- [et_pb_line_break_holder] --><!-- [et_pb_line_break_holder] --> >> <b>Merkmale unserer Container<\/b><!-- [et_pb_line_break_holder] --><\/div>\n<p>[\/et_pb_code][\/et_pb_column][\/et_pb_row][et_pb_row column_structure=&#8220;3_5,2_5&#8243; _builder_version=&#8220;4.19.0&#8243; _module_preset=&#8220;default&#8220; global_colors_info=&#8220;{}&#8220;][et_pb_column type=&#8220;3_5&#8243; _builder_version=&#8220;4.19.0&#8243; _module_preset=&#8220;default&#8220; global_colors_info=&#8220;{}&#8220;][et_pb_text _builder_version=&#8220;4.19.0&#8243; _module_preset=&#8220;default&#8220; global_colors_info=&#8220;{}&#8220;]<\/p>\n<p style=\"text-align: justify;\">Der Containerbau ist eine wirtschaftliche Alternative zu traditionellen gemauerten Geb\u00e4uden. Warum wird empfohlen, diesen Haustyp zu w\u00e4hlen? Hier einige Beispiele f\u00fcr die Vorteile des Einsatzes der Containertechnologie.<\/p>\n<ul>\n<li><strong>Mobilit\u00e4t<\/strong> \u2013 Containerh\u00e4user sind nicht fest mit dem Boden verbunden. Im Gegensatz zu Geb\u00e4uden, die mit herk\u00f6mmlichen Methoden errichtet wurden, k\u00f6nnen sie von Ort zu Ort bewegt werden.<\/li>\n<li><strong>Schnelle Ausf\u00fchrung<\/strong> \u2013 Containerh\u00e4user sind Konstruktionen, die innerhalb weniger Wochen auf dem Grundst\u00fcck errichtet werden k\u00f6nnen. Dies ergibt sich daraus, dass diese Objekte aus vorgefertigten Elementen entstehen.<\/li>\n<li><strong>Ausbaum\u00f6glichkeit Hinzuf\u00fcgung weiterer Container<\/strong> \u2013 Wir haben Container in verschiedenen Gr\u00f6\u00dfen \u2013 5\u00d73, 6\u00d73, 7\u00d73 und 8&#215;3. Ein Bauherr, der sich f\u00fcr den Bau eines gr\u00f6\u00dferen Objekts entscheidet, kann mehrere Container miteinander verbinden (z. B. 2 Container 6\u00d73).<\/li>\n<li><strong>Hohe Qualit\u00e4t der Komponenten<\/strong> \u2013 Die KATAMI-Container werden von Kunden in Polen, Deutschland und den Niederlanden gesch\u00e4tzt. Dies ist auf die Qualit\u00e4t nicht nur unserer Dienstleistungen, sondern auch der Komponenten zur\u00fcckzuf\u00fchren, die wir t\u00e4glich verwenden.<\/li>\n<li><strong>Kein Einfluss von Wetterbedingungen auf den Bauprozess<\/strong> \u2013 Im Gegensatz zum klassischen Bauwesen, bei dem Wetterbedingungen das Tempo der Arbeiten beeinflussen k\u00f6nnen, stellt dieser Faktor beim Aufstellen von Containern kein Problem dar.<\/li>\n<\/ul>\n<p>[\/et_pb_text][\/et_pb_column][et_pb_column type=&#8220;2_5&#8243; _builder_version=&#8220;4.19.0&#8243; _module_preset=&#8220;default&#8220; global_colors_info=&#8220;{}&#8220;][et_pb_image src=&#8220;https:\/\/katami-containers.eu\/wp-content\/uploads\/part-13.jpe.jpeg&#8220; alt=&#8220;Unsere Projekte&#8220; title_text=&#8220;part-13.jpe&#8220; _builder_version=&#8220;4.19.0&#8243; _module_preset=&#8220;default&#8220; global_colors_info=&#8220;{}&#8220;][\/et_pb_image][\/et_pb_column][\/et_pb_row][et_pb_row column_structure=&#8220;1_4,1_4,1_4,1_4&#8243; _builder_version=&#8220;4.19.0&#8243; _module_preset=&#8220;default&#8220; global_colors_info=&#8220;{}&#8220;][et_pb_column type=&#8220;1_4&#8243; _builder_version=&#8220;4.19.0&#8243; _module_preset=&#8220;default&#8220; global_colors_info=&#8220;{}&#8220;][et_pb_image src=&#8220;https:\/\/katami-containers.eu\/wp-content\/uploads\/home.svg&#8220; title_text=&#8220;home&#8220; url=&#8220;https:\/\/katami-containers.eu\/de\/merkmale-unserer-container\/haeuser-bis-35-m2\/&#8220; _builder_version=&#8220;4.19.0&#8243; _module_preset=&#8220;default&#8220; global_colors_info=&#8220;{}&#8220;][\/et_pb_image][et_pb_text _builder_version=&#8220;4.19.0&#8243; _module_preset=&#8220;default&#8220; link_option_url=&#8220;https:\/\/katami-containers.eu\/cechy-naszych-kontenerow\/domki-do-35m2\/&#8220; global_colors_info=&#8220;{}&#8220;]<\/p>\n<h3 style=\"text-align: center;\"><strong>H\u00c4USER BIS 35 M2<\/strong><\/h3>\n<p>[\/et_pb_text][\/et_pb_column][et_pb_column type=&#8220;1_4&#8243; _builder_version=&#8220;4.19.0&#8243; _module_preset=&#8220;default&#8220; global_colors_info=&#8220;{}&#8220;][et_pb_image src=&#8220;https:\/\/katami-containers.eu\/wp-content\/uploads\/home.svg&#8220; title_text=&#8220;home&#8220; url=&#8220;https:\/\/katami-containers.eu\/de\/merkmale-unserer-container\/modulare-haeuser\/&#8220; _builder_version=&#8220;4.19.0&#8243; _module_preset=&#8220;default&#8220; global_colors_info=&#8220;{}&#8220;][\/et_pb_image][et_pb_text _builder_version=&#8220;4.19.0&#8243; _module_preset=&#8220;default&#8220; link_option_url=&#8220;https:\/\/katami-containers.eu\/cechy-naszych-kontenerow\/domki-modulowe\/&#8220; global_colors_info=&#8220;{}&#8220;]<\/p>\n<h3 style=\"text-align: center;\"><strong>MODULARE H\u00c4USER<\/strong><\/h3>\n<p>[\/et_pb_text][\/et_pb_column][et_pb_column type=&#8220;1_4&#8243; _builder_version=&#8220;4.19.0&#8243; _module_preset=&#8220;default&#8220; global_colors_info=&#8220;{}&#8220;][et_pb_image src=&#8220;https:\/\/katami-containers.eu\/wp-content\/uploads\/home.svg&#8220; title_text=&#8220;home&#8220; url=&#8220;https:\/\/katami-containers.eu\/de\/merkmale-unserer-container\/mobilheime\/&#8220; _builder_version=&#8220;4.19.0&#8243; _module_preset=&#8220;default&#8220; global_colors_info=&#8220;{}&#8220;][\/et_pb_image][et_pb_text _builder_version=&#8220;4.19.0&#8243; _module_preset=&#8220;default&#8220; link_option_url=&#8220;https:\/\/katami-containers.eu\/cechy-naszych-kontenerow\/domki-mobilne\/&#8220; global_colors_info=&#8220;{}&#8220;]<\/p>\n<h3 style=\"text-align: center;\"><strong>MOBILHEIME<\/strong><\/h3>\n<p>[\/et_pb_text][\/et_pb_column][et_pb_column type=&#8220;1_4&#8243; _builder_version=&#8220;4.19.0&#8243; _module_preset=&#8220;default&#8220; global_colors_info=&#8220;{}&#8220;][et_pb_image src=&#8220;https:\/\/katami-containers.eu\/wp-content\/uploads\/home.svg&#8220; title_text=&#8220;home&#8220; url=&#8220;https:\/\/katami-containers.eu\/de\/merkmale-unserer-container\/fertige-haeuser\/&#8220; _builder_version=&#8220;4.19.0&#8243; _module_preset=&#8220;default&#8220; global_colors_info=&#8220;{}&#8220;][\/et_pb_image][et_pb_text _builder_version=&#8220;4.19.0&#8243; _module_preset=&#8220;default&#8220; link_option_url=&#8220;https:\/\/katami-containers.eu\/cechy-naszych-kontenerow\/domki-gotowe\/&#8220; global_colors_info=&#8220;{}&#8220;]<\/p>\n<h3 style=\"text-align: center;\"><strong>FERTIGE H\u00c4USER<\/strong><\/h3>\n<p>[\/et_pb_text][\/et_pb_column][\/et_pb_row][et_pb_row column_structure=&#8220;1_2,1_2&#8243; _builder_version=&#8220;4.19.0&#8243; _module_preset=&#8220;default&#8220; global_colors_info=&#8220;{}&#8220;][et_pb_column type=&#8220;1_2&#8243; _builder_version=&#8220;4.19.0&#8243; _module_preset=&#8220;default&#8220; global_colors_info=&#8220;{}&#8220;][et_pb_image src=&#8220;https:\/\/katami-containers.eu\/wp-content\/uploads\/part-8.jpe.jpeg&#8220; alt=&#8220;Unsere Projekte&#8220; title_text=&#8220;part-8.jpe&#8220; align=&#8220;center&#8220; _builder_version=&#8220;4.19.0&#8243; _module_preset=&#8220;default&#8220; global_colors_info=&#8220;{}&#8220;][\/et_pb_image][\/et_pb_column][et_pb_column type=&#8220;1_2&#8243; _builder_version=&#8220;4.19.0&#8243; _module_preset=&#8220;default&#8220; global_colors_info=&#8220;{}&#8220;][et_pb_text _builder_version=&#8220;4.19.0&#8243; _module_preset=&#8220;default&#8220; global_colors_info=&#8220;{}&#8220;]<\/p>\n<h2>Handels- und Dienstleistungsunternehmen KATAMI &#8211; Qualit\u00e4t an erster Stelle<\/h2>\n<p style=\"text-align: justify;\">Sind Sie ein Unternehmer und ben\u00f6tigen ein eigenes B\u00fcro, Lager oder eine eigene Baustelleneinrichtung? Oder m\u00f6chten Sie sich in einem eigenen Ferienhaus erholen? Dank unserer langj\u00e4hrigen Pr\u00e4senz auf dem Markt haben wir Erfahrungen gesammelt, die wir nutzen, um allen Kundenanforderungen gerecht zu werden. Warum empfehlen wir Ihnen, sich f\u00fcr das Handels- und Dienstleistungsunternehmen KATAMI zu entscheiden?<\/p>\n<ul>\n<li>F\u00fcr den Bau der Tragkonstruktion verwenden wir Stahlprofile, die zuvor gereinigt und mit Korrosionsschutzfarbe lackiert wurden.<\/li>\n<li>Unsere Container haben Sicherheitsglas in Fenstern und T\u00fcren. Diese Elemente sind mit VSG-Folie beschichtet.<\/li>\n<li>Die W\u00e4nde der Container bestehen aus 100 mm dicken PIR-Platten. Sie gelten derzeit als die besten D\u00e4mmstoffe. Nach der Montage werden die PIR-Platten ordnungsgem\u00e4\u00df abgedichtet.<\/li>\n<li>Der Boden besteht aus drei Schichten: 100 mm dicken PIR-Platten, 15 mm dicken OSB-Platten und einem industriellen Bodenbelag. Dies tr\u00e4gt zum erheblichen Nutzungskomfort bei.<\/li>\n<li>Sowohl Fenster als auch T\u00fcren werden an zus\u00e4tzlichen St\u00fctzen in der Konstruktion befestigt. Dadurch zeichnen sich die KATAMI-Container durch au\u00dfergew\u00f6hnliche Stabilit\u00e4t aus. Nach der Montage werden sie mit hochwertigem W\u00fcrth-Montageschaum und Den Braven-Klebeband gr\u00fcndlich abgedichtet.<\/li>\n<li>Bei der Fertigstellung jeder Konstruktion verwenden wir handgefertigte Blechabschlusselemente.<\/li>\n<li>Jeder Container ist mit Blitzschutzanlage, Transport\u00f6sen und Haken zur Befestigung von Gurten w\u00e4hrend des Transports ausgestattet.<\/li>\n<\/ul>\n<p style=\"text-align: justify;\">M\u00f6chten Sie Einzelheiten unseres Angebots erfahren? Kontaktieren Sie uns gerne telefonisch oder per E-Mail \u2013 wir helfen gerne weiter.<\/p>\n<p>[\/et_pb_text][\/et_pb_column][\/et_pb_row][et_pb_row _builder_version=&#8220;4.19.0&#8243; _module_preset=&#8220;default&#8220; global_colors_info=&#8220;{}&#8220;][et_pb_column type=&#8220;4_4&#8243; _builder_version=&#8220;4.19.0&#8243; _module_preset=&#8220;default&#8220; global_colors_info=&#8220;{}&#8220;][et_pb_gallery gallery_ids=&#8220;3516,3520,3532,3524&#8243; show_title_and_caption=&#8220;off&#8220; show_pagination=&#8220;off&#8220; _builder_version=&#8220;4.19.0&#8243; _module_preset=&#8220;default&#8220; global_colors_info=&#8220;{}&#8220;][\/et_pb_gallery][\/et_pb_column][\/et_pb_row][\/et_pb_section]<\/p>\n","protected":false},"excerpt":{"rendered":"<p>Der Containerbau ist eine wirtschaftliche Alternative zu traditionellen gemauerten Geb\u00e4uden. Warum wird empfohlen, diesen Haustyp zu w\u00e4hlen? Hier einige Beispiele f\u00fcr die Vorteile des Einsatzes der Containertechnologie. Mobilit\u00e4t \u2013 Containerh\u00e4user sind nicht fest mit dem Boden verbunden. Im Gegensatz zu Geb\u00e4uden, die mit herk\u00f6mmlichen Methoden errichtet wurden, k\u00f6nnen sie von Ort zu Ort bewegt werden. [&hellip;]<\/p>\n","protected":false},"author":3,"featured_media":3487,"parent":0,"menu_order":0,"comment_status":"closed","ping_status":"closed","template":"","meta":{"_et_pb_use_builder":"on","_et_pb_old_content":"","_et_gb_content_width":"","footnotes":""},"class_list":["post-3603","page","type-page","status-publish","has-post-thumbnail","hentry"],"yoast_head":"<!-- This site is optimized with the Yoast SEO plugin v25.9 - https:\/\/yoast.com\/wordpress\/plugins\/seo\/ -->\n<title>Merkmale unserer Container \u2013 Katami<\/title>\n<meta name=\"description\" content=\"Der Containerbau ist eine moderne L\u00f6sung unter Verwendung von Containern. Entdecken Sie die Vorteile dieser Technologie!\" \/>\n<meta name=\"robots\" content=\"index, follow, max-snippet:-1, max-image-preview:large, max-video-preview:-1\" \/>\n<link rel=\"canonical\" href=\"https:\/\/katami-containers.eu\/de\/merkmale-unserer-container\/\" \/>\n<meta property=\"og:locale\" content=\"de_DE\" \/>\n<meta property=\"og:type\" content=\"article\" \/>\n<meta property=\"og:title\" content=\"Merkmale unserer Container \u2013 Katami\" \/>\n<meta property=\"og:description\" content=\"Der Containerbau ist eine moderne L\u00f6sung unter Verwendung von Containern. Entdecken Sie die Vorteile dieser Technologie!\" \/>\n<meta property=\"og:url\" content=\"https:\/\/katami-containers.eu\/de\/merkmale-unserer-container\/\" \/>\n<meta property=\"og:site_name\" content=\"KATAMI\" \/>\n<meta property=\"article:modified_time\" content=\"2025-09-23T09:15:04+00:00\" \/>\n<meta property=\"og:image\" content=\"https:\/\/katami-containers.eu\/wp-content\/uploads\/part-13.jpe.jpeg\" \/>\n\t<meta property=\"og:image:width\" content=\"1200\" \/>\n\t<meta property=\"og:image:height\" content=\"1600\" \/>\n\t<meta property=\"og:image:type\" content=\"image\/jpeg\" \/>\n<meta name=\"twitter:card\" content=\"summary_large_image\" \/>\n<meta name=\"twitter:label1\" content=\"Gesch\u00e4tzte Lesezeit\" \/>\n\t<meta name=\"twitter:data1\" content=\"5\u00a0Minuten\" \/>\n<script type=\"application\/ld+json\" class=\"yoast-schema-graph\">{\"@context\":\"https:\/\/schema.org\",\"@graph\":[{\"@type\":\"WebPage\",\"@id\":\"https:\/\/katami-containers.eu\/de\/merkmale-unserer-container\/\",\"url\":\"https:\/\/katami-containers.eu\/de\/merkmale-unserer-container\/\",\"name\":\"Merkmale unserer Container \u2013 Katami\",\"isPartOf\":{\"@id\":\"https:\/\/katami-containers.eu\/#website\"},\"primaryImageOfPage\":{\"@id\":\"https:\/\/katami-containers.eu\/de\/merkmale-unserer-container\/#primaryimage\"},\"image\":{\"@id\":\"https:\/\/katami-containers.eu\/de\/merkmale-unserer-container\/#primaryimage\"},\"thumbnailUrl\":\"https:\/\/katami-containers.eu\/wp-content\/uploads\/part-13.jpe.jpeg\",\"datePublished\":\"2024-05-02T07:18:32+00:00\",\"dateModified\":\"2025-09-23T09:15:04+00:00\",\"description\":\"Der Containerbau ist eine moderne L\u00f6sung unter Verwendung von Containern. Entdecken Sie die Vorteile dieser Technologie!\",\"breadcrumb\":{\"@id\":\"https:\/\/katami-containers.eu\/de\/merkmale-unserer-container\/#breadcrumb\"},\"inLanguage\":\"de\",\"potentialAction\":[{\"@type\":\"ReadAction\",\"target\":[\"https:\/\/katami-containers.eu\/de\/merkmale-unserer-container\/\"]}]},{\"@type\":\"ImageObject\",\"inLanguage\":\"de\",\"@id\":\"https:\/\/katami-containers.eu\/de\/merkmale-unserer-container\/#primaryimage\",\"url\":\"https:\/\/katami-containers.eu\/wp-content\/uploads\/part-13.jpe.jpeg\",\"contentUrl\":\"https:\/\/katami-containers.eu\/wp-content\/uploads\/part-13.jpe.jpeg\",\"width\":1200,\"height\":1600,\"caption\":\"Merkmale unserer Container\"},{\"@type\":\"BreadcrumbList\",\"@id\":\"https:\/\/katami-containers.eu\/de\/merkmale-unserer-container\/#breadcrumb\",\"itemListElement\":[{\"@type\":\"ListItem\",\"position\":1,\"name\":\"Home\",\"item\":\"https:\/\/katami-containers.eu\/de\/\"},{\"@type\":\"ListItem\",\"position\":2,\"name\":\"Merkmale unserer Container\"}]},{\"@type\":\"WebSite\",\"@id\":\"https:\/\/katami-containers.eu\/#website\",\"url\":\"https:\/\/katami-containers.eu\/\",\"name\":\"KATAMI\",\"description\":\"Producent kontener\u00f3w: biurowe, socjalne, handlowe i inne\",\"potentialAction\":[{\"@type\":\"SearchAction\",\"target\":{\"@type\":\"EntryPoint\",\"urlTemplate\":\"https:\/\/katami-containers.eu\/?s={search_term_string}\"},\"query-input\":{\"@type\":\"PropertyValueSpecification\",\"valueRequired\":true,\"valueName\":\"search_term_string\"}}],\"inLanguage\":\"de\"}]}<\/script>\n<!-- \/ Yoast SEO plugin. -->","yoast_head_json":{"title":"Merkmale unserer Container \u2013 Katami","description":"Der Containerbau ist eine moderne L\u00f6sung unter Verwendung von Containern. Entdecken Sie die Vorteile dieser Technologie!","robots":{"index":"index","follow":"follow","max-snippet":"max-snippet:-1","max-image-preview":"max-image-preview:large","max-video-preview":"max-video-preview:-1"},"canonical":"https:\/\/katami-containers.eu\/de\/merkmale-unserer-container\/","og_locale":"de_DE","og_type":"article","og_title":"Merkmale unserer Container \u2013 Katami","og_description":"Der Containerbau ist eine moderne L\u00f6sung unter Verwendung von Containern. Entdecken Sie die Vorteile dieser Technologie!","og_url":"https:\/\/katami-containers.eu\/de\/merkmale-unserer-container\/","og_site_name":"KATAMI","article_modified_time":"2025-09-23T09:15:04+00:00","og_image":[{"width":1200,"height":1600,"url":"https:\/\/katami-containers.eu\/wp-content\/uploads\/part-13.jpe.jpeg","type":"image\/jpeg"}],"twitter_card":"summary_large_image","twitter_misc":{"Gesch\u00e4tzte Lesezeit":"5\u00a0Minuten"},"schema":{"@context":"https:\/\/schema.org","@graph":[{"@type":"WebPage","@id":"https:\/\/katami-containers.eu\/de\/merkmale-unserer-container\/","url":"https:\/\/katami-containers.eu\/de\/merkmale-unserer-container\/","name":"Merkmale unserer Container \u2013 Katami","isPartOf":{"@id":"https:\/\/katami-containers.eu\/#website"},"primaryImageOfPage":{"@id":"https:\/\/katami-containers.eu\/de\/merkmale-unserer-container\/#primaryimage"},"image":{"@id":"https:\/\/katami-containers.eu\/de\/merkmale-unserer-container\/#primaryimage"},"thumbnailUrl":"https:\/\/katami-containers.eu\/wp-content\/uploads\/part-13.jpe.jpeg","datePublished":"2024-05-02T07:18:32+00:00","dateModified":"2025-09-23T09:15:04+00:00","description":"Der Containerbau ist eine moderne L\u00f6sung unter Verwendung von Containern. Entdecken Sie die Vorteile dieser Technologie!","breadcrumb":{"@id":"https:\/\/katami-containers.eu\/de\/merkmale-unserer-container\/#breadcrumb"},"inLanguage":"de","potentialAction":[{"@type":"ReadAction","target":["https:\/\/katami-containers.eu\/de\/merkmale-unserer-container\/"]}]},{"@type":"ImageObject","inLanguage":"de","@id":"https:\/\/katami-containers.eu\/de\/merkmale-unserer-container\/#primaryimage","url":"https:\/\/katami-containers.eu\/wp-content\/uploads\/part-13.jpe.jpeg","contentUrl":"https:\/\/katami-containers.eu\/wp-content\/uploads\/part-13.jpe.jpeg","width":1200,"height":1600,"caption":"Merkmale unserer Container"},{"@type":"BreadcrumbList","@id":"https:\/\/katami-containers.eu\/de\/merkmale-unserer-container\/#breadcrumb","itemListElement":[{"@type":"ListItem","position":1,"name":"Home","item":"https:\/\/katami-containers.eu\/de\/"},{"@type":"ListItem","position":2,"name":"Merkmale unserer Container"}]},{"@type":"WebSite","@id":"https:\/\/katami-containers.eu\/#website","url":"https:\/\/katami-containers.eu\/","name":"KATAMI","description":"Producent kontener\u00f3w: biurowe, socjalne, handlowe i inne","potentialAction":[{"@type":"SearchAction","target":{"@type":"EntryPoint","urlTemplate":"https:\/\/katami-containers.eu\/?s={search_term_string}"},"query-input":{"@type":"PropertyValueSpecification","valueRequired":true,"valueName":"search_term_string"}}],"inLanguage":"de"}]}},"_links":{"self":[{"href":"https:\/\/katami-containers.eu\/de\/wp-json\/wp\/v2\/pages\/3603","targetHints":{"allow":["GET"]}}],"collection":[{"href":"https:\/\/katami-containers.eu\/de\/wp-json\/wp\/v2\/pages"}],"about":[{"href":"https:\/\/katami-containers.eu\/de\/wp-json\/wp\/v2\/types\/page"}],"author":[{"embeddable":true,"href":"https:\/\/katami-containers.eu\/de\/wp-json\/wp\/v2\/users\/3"}],"replies":[{"embeddable":true,"href":"https:\/\/katami-containers.eu\/de\/wp-json\/wp\/v2\/comments?post=3603"}],"version-history":[{"count":9,"href":"https:\/\/katami-containers.eu\/de\/wp-json\/wp\/v2\/pages\/3603\/revisions"}],"predecessor-version":[{"id":4200,"href":"https:\/\/katami-containers.eu\/de\/wp-json\/wp\/v2\/pages\/3603\/revisions\/4200"}],"wp:featuredmedia":[{"embeddable":true,"href":"https:\/\/katami-containers.eu\/de\/wp-json\/wp\/v2\/media\/3487"}],"wp:attachment":[{"href":"https:\/\/katami-containers.eu\/de\/wp-json\/wp\/v2\/media?parent=3603"}],"curies":[{"name":"wp","href":"https:\/\/api.w.org\/{rel}","templated":true}]}}