{"id":3607,"date":"2024-05-02T09:41:17","date_gmt":"2024-05-02T07:41:17","guid":{"rendered":"https:\/\/katami-containers.eu\/merkmale-unserer-container\/haeuser-bis-35-m2\/"},"modified":"2025-09-23T15:57:48","modified_gmt":"2025-09-23T13:57:48","slug":"haeuser-bis-35-m2","status":"publish","type":"page","link":"https:\/\/katami-containers.eu\/de\/merkmale-unserer-container\/haeuser-bis-35-m2\/","title":{"rendered":"H\u00e4user bis 35 m2"},"content":{"rendered":"<p>[et_pb_section fb_built=&#8220;1&#8243; admin_label=&#8220;section&#8220; _builder_version=&#8220;4.16&#8243; global_colors_info=&#8220;{}&#8220;][et_pb_row _builder_version=&#8220;4.19.0&#8243; _module_preset=&#8220;default&#8220; locked=&#8220;off&#8220; global_colors_info=&#8220;{}&#8220;][et_pb_column type=&#8220;4_4&#8243; _builder_version=&#8220;4.19.0&#8243; _module_preset=&#8220;default&#8220; global_colors_info=&#8220;{}&#8220;][et_pb_code _builder_version=&#8220;4.19.0&#8243; _module_preset=&#8220;default&#8220; global_colors_info=&#8220;{}&#8220;]<\/p>\n<div><!-- [et_pb_line_break_holder] --><!-- [et_pb_line_break_holder] --> <a href=\"https:\/\/katami-containers.eu\/de\/\"><!-- [et_pb_line_break_holder] --> Home<\/a><!-- [et_pb_line_break_holder] --><!-- [et_pb_line_break_holder] --> >><!-- [et_pb_line_break_holder] --><!-- [et_pb_line_break_holder] --> <a href=\"https:\/\/katami-containers.eu\/de\/merkmale-unserer-container\/\"><!-- [et_pb_line_break_holder] --> Merkmale unserer Container<\/a><!-- [et_pb_line_break_holder] --><!-- [et_pb_line_break_holder] --><!-- [et_pb_line_break_holder] --> >> <b>H\u00e4user bis 35 m2<\/b><!-- [et_pb_line_break_holder] --><\/div>\n<p>[\/et_pb_code][\/et_pb_column][\/et_pb_row][et_pb_row column_structure=&#8220;3_5,2_5&#8243; _builder_version=&#8220;4.19.0&#8243; _module_preset=&#8220;default&#8220; global_colors_info=&#8220;{}&#8220;][et_pb_column type=&#8220;3_5&#8243; _builder_version=&#8220;4.19.0&#8243; _module_preset=&#8220;default&#8220; global_colors_info=&#8220;{}&#8220;][et_pb_text _builder_version=&#8220;4.19.0&#8243; _module_preset=&#8220;default&#8220; global_colors_info=&#8220;{}&#8220;]<\/p>\n<h1>Ganzj\u00e4hriges Containerhaus mit einer Fl\u00e4che von 35 m\u00b2<\/h1>\n<p style=\"text-align: justify;\">M\u00f6chten Sie auf Ihrem Grundst\u00fcck ein <strong>Containerhaus<\/strong> mit einer Fl\u00e4che von <strong>35 m\u00b2 errichten<\/strong>? Wenn ja, empfehlen wir Ihnen, sich mit dem Angebot der Handels- und Dienstleistungsfirma KATAMI vertraut zu machen. Bei uns finden Sie <strong>fertige H\u00e4user bis 35 m\u00b2<\/strong>, die Sie ohne komplizierte Formalit\u00e4ten aufstellen k\u00f6nnen. Diese sind die ideale L\u00f6sung f\u00fcr diejenigen, die einen festen Wohnsitz zu einem erschwinglichen Preis suchen. Dank moderner Bauweise und hochwertiger Materialien bieten unsere <strong>fertigen H\u00e4user bis 35 m\u00b2<\/strong> ganzj\u00e4hrig Komfort und Sicherheit. Jedes Haus kann individuell angepasst werden. Wir bieten verschiedene Anpassungsoptionen f\u00fcr <strong>Containerh\u00e4user bis 35 m\u00b2<\/strong>, wie die Anzahl und Gr\u00f6\u00dfe der Fenster, T\u00fcrarten und Fassadenfarben. Kontaktieren Sie uns, um mehr \u00fcber die Kaufm\u00f6glichkeiten zu erfahren. <strong>Ganzj\u00e4hrige H\u00e4user von 35 m\u00b2<\/strong> sind eine Investition in eine neue Wohnqualit\u00e4t!<\/p>\n<p>[\/et_pb_text][\/et_pb_column][et_pb_column type=&#8220;2_5&#8243; _builder_version=&#8220;4.19.0&#8243; _module_preset=&#8220;default&#8220; global_colors_info=&#8220;{}&#8220;][et_pb_image src=&#8220;https:\/\/katami-containers.eu\/wp-content\/uploads\/21.webp&#8220; alt=&#8220;Containerhaus&#8220; title_text=&#8220;21&#8243; _builder_version=&#8220;4.19.0&#8243; _module_preset=&#8220;default&#8220; global_colors_info=&#8220;{}&#8220;][\/et_pb_image][\/et_pb_column][\/et_pb_row][et_pb_row _builder_version=&#8220;4.19.0&#8243; _module_preset=&#8220;default&#8220; global_colors_info=&#8220;{}&#8220;][et_pb_column type=&#8220;4_4&#8243; _builder_version=&#8220;4.19.0&#8243; _module_preset=&#8220;default&#8220; global_colors_info=&#8220;{}&#8220;][et_pb_text _builder_version=&#8220;4.19.0&#8243; _module_preset=&#8220;default&#8220; global_colors_info=&#8220;{}&#8220;]<\/p>\n<h1>Was sollte eine Person wissen, die sich f\u00fcr den Kauf eines fertigen Hauses von 35m2 entscheidet?<\/h1>\n<p style=\"text-align: justify;\">Nach dem Baugesetz ist die Errichtung von Geb\u00e4uden, die mit dem Erdboden fest verbunden sind, genehmigungspflichtig. Bei <strong>kleinen H\u00e4usern bis zu 35 m\u00b2<\/strong> Grundfl\u00e4che gen\u00fcgt es, die Investition bei der zust\u00e4ndigen Beh\u00f6rde zu melden. Es gibt einen Grund, warum ein <strong>Haus bis 35m\u00b2<\/strong> so beliebt ist. Informieren Sie sich \u00fcber das Angebot der KATAMI Verkaufs- und Servicegesellschaft. Wir garantieren, dass jedes <strong>35 m\u00b2 Haus<\/strong> aus unserem Angebot sowohl als Ganzjahreshaus als auch als Sommerhaus geeignet ist. Dar\u00fcber hinaus ist der Bau eines solchen Geb\u00e4udes viel schneller und kosteng\u00fcnstiger im Vergleich zur Errichtung eines gemauerten \u00c4quivalents. <strong>Kleine H\u00e4user bis 35 m\u00b2<\/strong> sind daher eine hervorragende Option f\u00fcr diejenigen, die bei der Errichtung ihres eigenen Zuhauses sparen m\u00f6chten.\u00a0<\/p>\n<p>[\/et_pb_text][et_pb_text _builder_version=&#8220;4.19.0&#8243; _module_preset=&#8220;default&#8220; global_colors_info=&#8220;{}&#8220;]<\/p>\n<h1>Containerhaus 35m\u00b2 &#8211; sicher und solide<\/h1>\n<p style=\"text-align: justify;\">Planen Sie den Kauf eines <strong>ganzj\u00e4hrigen Hauses 35 m\u00b2<\/strong> ? Entscheiden Sie sich f\u00fcr das Angebot von KATAMI. Wir liefern <strong>35 m\u00b2 H\u00e4user<\/strong> aus vorgefertigten Elementen! Es ist eine perfekte L\u00f6sung f\u00fcr Menschen, die von einem eigenen Zuhause zum erschwinglichen Preis tr\u00e4umen. Jeder <strong>35 m\u00b2 bewohnbare Container<\/strong> hat einen robusten Aufbau, der ihn witterungsbest\u00e4ndig macht. Wir versichern, dass die aus hochwertigen Materialien gebauten Geb\u00e4ude nicht nur solide, sondern auch sicher sind. Wenn Sie in ein solches Geb\u00e4ude investieren, erhalten Sie eine bequeme L\u00f6sung, die perfekt ist, wenn Sie sich den Bau eines gemauerten Objekts nicht leisten k\u00f6nnen. <strong>Fertige H\u00e4user bis 35 m\u00b2<\/strong> sind eine gute Idee, um Ihr Traumhaus zu schaffen, ohne von Grund auf mit teuren Baumaterialien zu bauen.<\/p>\n<p>[\/et_pb_text][et_pb_text _builder_version=&#8220;4.19.0&#8243; _module_preset=&#8220;default&#8220; global_colors_info=&#8220;{}&#8220;]<\/p>\n<h1>Warum lohnt es sich sonst, ein fertiges Haus bis 35 m\u00b2 zu kaufen?<\/h1>\n<p><strong>H\u00e4user bis 35 m\u00b2<\/strong> sind <strong>ganzj\u00e4hrig<\/strong> bewohnbar, da wir sie mit einem besonderen K\u00e4lteschutz ausgestattet haben. Sie verf\u00fcgen unter anderem \u00fcber einen isolierten Boden und eine zus\u00e4tzliche W\u00e4rmed\u00e4mmung. An hei\u00dfen Tagen hingegen senkt die Klimaanlage des Containers die Temperatur effektiv. Dar\u00fcber hinaus zeichnen sich <strong>kleine H\u00e4user bis 35 m\u00b2<\/strong> durch ihre hohe Mobilit\u00e4t aus. Sie k\u00f6nnen leicht demontiert und an einen anderen Ort gebracht werden. Au\u00dferdem kann ein ganzj\u00e4hriges Ferienhaus bis 35 m\u00b2 sogar problemlos erweitert werden, da es m\u00f6glich ist, bei Bedarf ein weiteres Haus zu kaufen und es mit dem bereits errichteten Haus zu kombinieren. Wenn Sie Interesse haben, in eine solche Immobilie zu investieren, laden wir Sie ein, unser Angebot im Detail zu lesen. Wir versichern Ihnen, dass Sie von der Qualit\u00e4t <strong>des fertigen 35 m\u00b2-Hauses<\/strong> nicht entt\u00e4uscht sein werden. Nehmen Sie Kontakt mit uns auf!<\/p>\n<p>&nbsp;<\/p>\n<p>[\/et_pb_text][\/et_pb_column][\/et_pb_row][\/et_pb_section]<\/p>\n","protected":false},"excerpt":{"rendered":"<p>Ganzj\u00e4hriges Containerhaus mit einer Fl\u00e4che von 35 m\u00b2 M\u00f6chten Sie auf Ihrem Grundst\u00fcck ein Containerhaus mit einer Fl\u00e4che von 35 m\u00b2 errichten? Wenn ja, empfehlen wir Ihnen, sich mit dem Angebot der Handels- und Dienstleistungsfirma KATAMI vertraut zu machen. Bei uns finden Sie fertige H\u00e4user bis 35 m\u00b2, die Sie ohne komplizierte Formalit\u00e4ten aufstellen k\u00f6nnen. [&hellip;]<\/p>\n","protected":false},"author":3,"featured_media":1004,"parent":3603,"menu_order":0,"comment_status":"closed","ping_status":"closed","template":"","meta":{"_et_pb_use_builder":"on","_et_pb_old_content":"","_et_gb_content_width":"","footnotes":""},"class_list":["post-3607","page","type-page","status-publish","has-post-thumbnail","hentry"],"yoast_head":"<!-- This site is optimized with the Yoast SEO plugin v25.9 - https:\/\/yoast.com\/wordpress\/plugins\/seo\/ -->\n<title>Fertige H\u00e4user bis 35 m2 \u2013 Katami<\/title>\n<meta name=\"description\" content=\"Planen Sie den Kauf eines 35m\u00b2-H\u00e4uschens? Die perfekte L\u00f6sung f\u00fcr alle, die von einem eigenen Ort zum kleinen Preis tr\u00e4umen. Entdecken Sie jetzt unser Angebot!\" \/>\n<meta name=\"robots\" content=\"index, follow, max-snippet:-1, max-image-preview:large, max-video-preview:-1\" \/>\n<link rel=\"canonical\" href=\"https:\/\/katami-containers.eu\/de\/merkmale-unserer-container\/haeuser-bis-35-m2\/\" \/>\n<meta property=\"og:locale\" content=\"de_DE\" \/>\n<meta property=\"og:type\" content=\"article\" \/>\n<meta property=\"og:title\" content=\"Fertige H\u00e4user bis 35 m2 \u2013 Katami\" \/>\n<meta property=\"og:description\" content=\"Planen Sie den Kauf eines 35m\u00b2-H\u00e4uschens? Die perfekte L\u00f6sung f\u00fcr alle, die von einem eigenen Ort zum kleinen Preis tr\u00e4umen. Entdecken Sie jetzt unser Angebot!\" \/>\n<meta property=\"og:url\" content=\"https:\/\/katami-containers.eu\/de\/merkmale-unserer-container\/haeuser-bis-35-m2\/\" \/>\n<meta property=\"og:site_name\" content=\"KATAMI\" \/>\n<meta property=\"article:modified_time\" content=\"2025-09-23T13:57:48+00:00\" \/>\n<meta property=\"og:image\" content=\"https:\/\/katami-containers.eu\/wp-content\/uploads\/IMG-20210909-WA0011KATAMI352021.jpg\" \/>\n\t<meta property=\"og:image:width\" content=\"1600\" \/>\n\t<meta property=\"og:image:height\" content=\"739\" \/>\n\t<meta property=\"og:image:type\" content=\"image\/jpeg\" \/>\n<meta name=\"twitter:card\" content=\"summary_large_image\" \/>\n<meta name=\"twitter:label1\" content=\"Gesch\u00e4tzte Lesezeit\" \/>\n\t<meta name=\"twitter:data1\" content=\"4\u00a0Minuten\" \/>\n<script type=\"application\/ld+json\" class=\"yoast-schema-graph\">{\"@context\":\"https:\/\/schema.org\",\"@graph\":[{\"@type\":\"WebPage\",\"@id\":\"https:\/\/katami-containers.eu\/de\/merkmale-unserer-container\/haeuser-bis-35-m2\/\",\"url\":\"https:\/\/katami-containers.eu\/de\/merkmale-unserer-container\/haeuser-bis-35-m2\/\",\"name\":\"Fertige H\u00e4user bis 35 m2 \u2013 Katami\",\"isPartOf\":{\"@id\":\"https:\/\/katami-containers.eu\/#website\"},\"primaryImageOfPage\":{\"@id\":\"https:\/\/katami-containers.eu\/de\/merkmale-unserer-container\/haeuser-bis-35-m2\/#primaryimage\"},\"image\":{\"@id\":\"https:\/\/katami-containers.eu\/de\/merkmale-unserer-container\/haeuser-bis-35-m2\/#primaryimage\"},\"thumbnailUrl\":\"https:\/\/katami-containers.eu\/wp-content\/uploads\/IMG-20210909-WA0011KATAMI352021.jpg\",\"datePublished\":\"2024-05-02T07:41:17+00:00\",\"dateModified\":\"2025-09-23T13:57:48+00:00\",\"description\":\"Planen Sie den Kauf eines 35m\u00b2-H\u00e4uschens? Die perfekte L\u00f6sung f\u00fcr alle, die von einem eigenen Ort zum kleinen Preis tr\u00e4umen. Entdecken Sie jetzt unser Angebot!\",\"breadcrumb\":{\"@id\":\"https:\/\/katami-containers.eu\/de\/merkmale-unserer-container\/haeuser-bis-35-m2\/#breadcrumb\"},\"inLanguage\":\"de\",\"potentialAction\":[{\"@type\":\"ReadAction\",\"target\":[\"https:\/\/katami-containers.eu\/de\/merkmale-unserer-container\/haeuser-bis-35-m2\/\"]}]},{\"@type\":\"ImageObject\",\"inLanguage\":\"de\",\"@id\":\"https:\/\/katami-containers.eu\/de\/merkmale-unserer-container\/haeuser-bis-35-m2\/#primaryimage\",\"url\":\"https:\/\/katami-containers.eu\/wp-content\/uploads\/IMG-20210909-WA0011KATAMI352021.jpg\",\"contentUrl\":\"https:\/\/katami-containers.eu\/wp-content\/uploads\/IMG-20210909-WA0011KATAMI352021.jpg\",\"width\":1600,\"height\":739,\"caption\":\"UNSERE CONTAINERGALERIE\"},{\"@type\":\"BreadcrumbList\",\"@id\":\"https:\/\/katami-containers.eu\/de\/merkmale-unserer-container\/haeuser-bis-35-m2\/#breadcrumb\",\"itemListElement\":[{\"@type\":\"ListItem\",\"position\":1,\"name\":\"Home\",\"item\":\"https:\/\/katami-containers.eu\/de\/\"},{\"@type\":\"ListItem\",\"position\":2,\"name\":\"Merkmale unserer Container\",\"item\":\"https:\/\/katami-containers.eu\/de\/merkmale-unserer-container\/\"},{\"@type\":\"ListItem\",\"position\":3,\"name\":\"H\u00e4user bis 35 m2\"}]},{\"@type\":\"WebSite\",\"@id\":\"https:\/\/katami-containers.eu\/#website\",\"url\":\"https:\/\/katami-containers.eu\/\",\"name\":\"KATAMI\",\"description\":\"Producent kontener\u00f3w: biurowe, socjalne, handlowe i inne\",\"potentialAction\":[{\"@type\":\"SearchAction\",\"target\":{\"@type\":\"EntryPoint\",\"urlTemplate\":\"https:\/\/katami-containers.eu\/?s={search_term_string}\"},\"query-input\":{\"@type\":\"PropertyValueSpecification\",\"valueRequired\":true,\"valueName\":\"search_term_string\"}}],\"inLanguage\":\"de\"}]}<\/script>\n<!-- \/ Yoast SEO plugin. -->","yoast_head_json":{"title":"Fertige H\u00e4user bis 35 m2 \u2013 Katami","description":"Planen Sie den Kauf eines 35m\u00b2-H\u00e4uschens? Die perfekte L\u00f6sung f\u00fcr alle, die von einem eigenen Ort zum kleinen Preis tr\u00e4umen. Entdecken Sie jetzt unser Angebot!","robots":{"index":"index","follow":"follow","max-snippet":"max-snippet:-1","max-image-preview":"max-image-preview:large","max-video-preview":"max-video-preview:-1"},"canonical":"https:\/\/katami-containers.eu\/de\/merkmale-unserer-container\/haeuser-bis-35-m2\/","og_locale":"de_DE","og_type":"article","og_title":"Fertige H\u00e4user bis 35 m2 \u2013 Katami","og_description":"Planen Sie den Kauf eines 35m\u00b2-H\u00e4uschens? Die perfekte L\u00f6sung f\u00fcr alle, die von einem eigenen Ort zum kleinen Preis tr\u00e4umen. Entdecken Sie jetzt unser Angebot!","og_url":"https:\/\/katami-containers.eu\/de\/merkmale-unserer-container\/haeuser-bis-35-m2\/","og_site_name":"KATAMI","article_modified_time":"2025-09-23T13:57:48+00:00","og_image":[{"width":1600,"height":739,"url":"https:\/\/katami-containers.eu\/wp-content\/uploads\/IMG-20210909-WA0011KATAMI352021.jpg","type":"image\/jpeg"}],"twitter_card":"summary_large_image","twitter_misc":{"Gesch\u00e4tzte Lesezeit":"4\u00a0Minuten"},"schema":{"@context":"https:\/\/schema.org","@graph":[{"@type":"WebPage","@id":"https:\/\/katami-containers.eu\/de\/merkmale-unserer-container\/haeuser-bis-35-m2\/","url":"https:\/\/katami-containers.eu\/de\/merkmale-unserer-container\/haeuser-bis-35-m2\/","name":"Fertige H\u00e4user bis 35 m2 \u2013 Katami","isPartOf":{"@id":"https:\/\/katami-containers.eu\/#website"},"primaryImageOfPage":{"@id":"https:\/\/katami-containers.eu\/de\/merkmale-unserer-container\/haeuser-bis-35-m2\/#primaryimage"},"image":{"@id":"https:\/\/katami-containers.eu\/de\/merkmale-unserer-container\/haeuser-bis-35-m2\/#primaryimage"},"thumbnailUrl":"https:\/\/katami-containers.eu\/wp-content\/uploads\/IMG-20210909-WA0011KATAMI352021.jpg","datePublished":"2024-05-02T07:41:17+00:00","dateModified":"2025-09-23T13:57:48+00:00","description":"Planen Sie den Kauf eines 35m\u00b2-H\u00e4uschens? Die perfekte L\u00f6sung f\u00fcr alle, die von einem eigenen Ort zum kleinen Preis tr\u00e4umen. Entdecken Sie jetzt unser Angebot!","breadcrumb":{"@id":"https:\/\/katami-containers.eu\/de\/merkmale-unserer-container\/haeuser-bis-35-m2\/#breadcrumb"},"inLanguage":"de","potentialAction":[{"@type":"ReadAction","target":["https:\/\/katami-containers.eu\/de\/merkmale-unserer-container\/haeuser-bis-35-m2\/"]}]},{"@type":"ImageObject","inLanguage":"de","@id":"https:\/\/katami-containers.eu\/de\/merkmale-unserer-container\/haeuser-bis-35-m2\/#primaryimage","url":"https:\/\/katami-containers.eu\/wp-content\/uploads\/IMG-20210909-WA0011KATAMI352021.jpg","contentUrl":"https:\/\/katami-containers.eu\/wp-content\/uploads\/IMG-20210909-WA0011KATAMI352021.jpg","width":1600,"height":739,"caption":"UNSERE CONTAINERGALERIE"},{"@type":"BreadcrumbList","@id":"https:\/\/katami-containers.eu\/de\/merkmale-unserer-container\/haeuser-bis-35-m2\/#breadcrumb","itemListElement":[{"@type":"ListItem","position":1,"name":"Home","item":"https:\/\/katami-containers.eu\/de\/"},{"@type":"ListItem","position":2,"name":"Merkmale unserer Container","item":"https:\/\/katami-containers.eu\/de\/merkmale-unserer-container\/"},{"@type":"ListItem","position":3,"name":"H\u00e4user bis 35 m2"}]},{"@type":"WebSite","@id":"https:\/\/katami-containers.eu\/#website","url":"https:\/\/katami-containers.eu\/","name":"KATAMI","description":"Producent kontener\u00f3w: biurowe, socjalne, handlowe i inne","potentialAction":[{"@type":"SearchAction","target":{"@type":"EntryPoint","urlTemplate":"https:\/\/katami-containers.eu\/?s={search_term_string}"},"query-input":{"@type":"PropertyValueSpecification","valueRequired":true,"valueName":"search_term_string"}}],"inLanguage":"de"}]}},"_links":{"self":[{"href":"https:\/\/katami-containers.eu\/de\/wp-json\/wp\/v2\/pages\/3607","targetHints":{"allow":["GET"]}}],"collection":[{"href":"https:\/\/katami-containers.eu\/de\/wp-json\/wp\/v2\/pages"}],"about":[{"href":"https:\/\/katami-containers.eu\/de\/wp-json\/wp\/v2\/types\/page"}],"author":[{"embeddable":true,"href":"https:\/\/katami-containers.eu\/de\/wp-json\/wp\/v2\/users\/3"}],"replies":[{"embeddable":true,"href":"https:\/\/katami-containers.eu\/de\/wp-json\/wp\/v2\/comments?post=3607"}],"version-history":[{"count":8,"href":"https:\/\/katami-containers.eu\/de\/wp-json\/wp\/v2\/pages\/3607\/revisions"}],"predecessor-version":[{"id":3901,"href":"https:\/\/katami-containers.eu\/de\/wp-json\/wp\/v2\/pages\/3607\/revisions\/3901"}],"up":[{"embeddable":true,"href":"https:\/\/katami-containers.eu\/de\/wp-json\/wp\/v2\/pages\/3603"}],"wp:featuredmedia":[{"embeddable":true,"href":"https:\/\/katami-containers.eu\/de\/wp-json\/wp\/v2\/media\/1004"}],"wp:attachment":[{"href":"https:\/\/katami-containers.eu\/de\/wp-json\/wp\/v2\/media?parent=3607"}],"curies":[{"name":"wp","href":"https:\/\/api.w.org\/{rel}","templated":true}]}}