{"id":3610,"date":"2024-05-02T09:51:12","date_gmt":"2024-05-02T07:51:12","guid":{"rendered":"https:\/\/katami-containers.eu\/merkmale-unserer-container\/fertige-haeuser\/"},"modified":"2025-09-23T20:34:47","modified_gmt":"2025-09-23T18:34:47","slug":"fertige-haeuser","status":"publish","type":"page","link":"https:\/\/katami-containers.eu\/de\/merkmale-unserer-container\/fertige-haeuser\/","title":{"rendered":"Fertige H\u00e4user"},"content":{"rendered":"<p>[et_pb_section fb_built=&#8220;1&#8243; admin_label=&#8220;section&#8220; _builder_version=&#8220;4.16&#8243; global_colors_info=&#8220;{}&#8220;][et_pb_row _builder_version=&#8220;4.19.0&#8243; _module_preset=&#8220;default&#8220; locked=&#8220;off&#8220; global_colors_info=&#8220;{}&#8220;][et_pb_column type=&#8220;4_4&#8243; _builder_version=&#8220;4.19.0&#8243; _module_preset=&#8220;default&#8220; global_colors_info=&#8220;{}&#8220;][et_pb_code _builder_version=&#8220;4.19.0&#8243; _module_preset=&#8220;default&#8220; global_colors_info=&#8220;{}&#8220;]<\/p>\n<div><!-- [et_pb_line_break_holder] --><!-- [et_pb_line_break_holder] --> <a href=\"https:\/\/katami-containers.eu\/de\/\"><!-- [et_pb_line_break_holder] --> Home<\/a><!-- [et_pb_line_break_holder] --><!-- [et_pb_line_break_holder] --> >><!-- [et_pb_line_break_holder] --><!-- [et_pb_line_break_holder] --> <a href=\"https:\/\/katami-containers.eu\/de\/merkmale-unserer-container\/\"><!-- [et_pb_line_break_holder] --> Merkmale unserer Container<\/a><!-- [et_pb_line_break_holder] --><!-- [et_pb_line_break_holder] --><!-- [et_pb_line_break_holder] --> >> <b>Fertige H\u00e4user<\/b><!-- [et_pb_line_break_holder] --><\/div>\n<p>[\/et_pb_code][\/et_pb_column][\/et_pb_row][et_pb_row column_structure=&#8220;3_5,2_5&#8243; _builder_version=&#8220;4.19.0&#8243; _module_preset=&#8220;default&#8220; global_colors_info=&#8220;{}&#8220;][et_pb_column type=&#8220;3_5&#8243; _builder_version=&#8220;4.19.0&#8243; _module_preset=&#8220;default&#8220; global_colors_info=&#8220;{}&#8220;][et_pb_text _builder_version=&#8220;4.19.0&#8243; _module_preset=&#8220;default&#8220; global_colors_info=&#8220;{}&#8220;]<\/p>\n<h1>Kleine Containerh\u00e4user \u2013 auf die Bed\u00fcrfnisse des Kunden eingehend<\/h1>\n<p style=\"text-align: justify;\"><strong>Moderne Containerh\u00e4user<\/strong> sind eine interessante Alternative zur traditionellen Bauweise. Sie erfreuen sich immer gr\u00f6\u00dferer Beliebtheit auf dem Markt und gewinnen von Jahr zu Jahr neue Anh\u00e4nger. Um sich ein <strong>Ganzjahreshaus aus Containern<\/strong> anzuschaffen, reicht es aus, es zu bestellen, auf dem Grundst\u00fcck aufzustellen und die erforderlichen Installationen anzubringen! Nehmen Sie Kontakt mit uns auf und statten Sie sich mit einem <strong>Containerhaus<\/strong> aus, das sowohl f\u00fcr Erholungszwecke als auch f\u00fcr dauerhaftes Wohnen geeignet ist.<\/p>\n<p>[\/et_pb_text][\/et_pb_column][et_pb_column type=&#8220;2_5&#8243; _builder_version=&#8220;4.19.0&#8243; _module_preset=&#8220;default&#8220; global_colors_info=&#8220;{}&#8220;][et_pb_image src=&#8220;https:\/\/katami-containers.eu\/wp-content\/uploads\/08-1080&#215;675-1.webp&#8220; alt=&#8220;Containerhaus&#8220; title_text=&#8220;08-1080&#215;675&#8243; _builder_version=&#8220;4.19.0&#8243; _module_preset=&#8220;default&#8220; global_colors_info=&#8220;{}&#8220;][\/et_pb_image][\/et_pb_column][\/et_pb_row][et_pb_row _builder_version=&#8220;4.19.0&#8243; _module_preset=&#8220;default&#8220; global_colors_info=&#8220;{}&#8220;][et_pb_column type=&#8220;4_4&#8243; _builder_version=&#8220;4.19.0&#8243; _module_preset=&#8220;default&#8220; global_colors_info=&#8220;{}&#8220;][et_pb_text _builder_version=&#8220;4.19.0&#8243; _module_preset=&#8220;default&#8220; global_colors_info=&#8220;{}&#8220;]<\/p>\n<h1>Kleine und gro\u00dfe Containerh\u00e4user<\/h1>\n<p style=\"text-align: justify;\">Suchen Sie nach einem Unternehmen, das <strong>Ferienh\u00e4user aus Containern<\/strong> baut? In unserer T\u00e4tigkeit legen wir Wert auf Qualit\u00e4t und individuelle Herangehensweise an jedes Projekt. Wir liefern <strong>H\u00e4user aus vorgefertigten Elementen<\/strong> sowohl f\u00fcr tempor\u00e4re als auch ganzj\u00e4hrige Nutzung. Sind Sie interessiert? Machen Sie sich mit dem vollst\u00e4ndigen Angebot des Handels- und Dienstleistungsunternehmens KATAMI vertraut.<\/p>\n<p>[\/et_pb_text][et_pb_text _builder_version=&#8220;4.19.0&#8243; _module_preset=&#8220;default&#8220; global_colors_info=&#8220;{}&#8220;]<\/p>\n<h1>Moderne Fertigcontainerh\u00e4user<\/h1>\n<p><span style=\"font-weight: 400;\">Wenn Sie ein Unternehmen suchen, das Dienstleistungen im Bereich <\/span><b>Fertighausbau<\/b><span style=\"font-weight: 400;\"> erbringt, kontaktieren Sie uns und pr\u00fcfen Sie, was wir f\u00fcr Sie vorbereitet haben. Die Fertigcontainerh\u00e4user haben aufgrund ihrer zahlreichen Vorteile an Popularit\u00e4t gewonnen. Der Trend zum Minimalismus und der Wunsch nach Umweltschutz haben zum wachsenden Interesse an <\/span><b>modernen Containerh\u00e4usern<\/b><span style=\"font-weight: 400;\"> beigetragen. <\/span><b>Fertige Containerh\u00e4user <\/b><span style=\"font-weight: 400;\">eignen sich dank ihrer Konstruktion sowohl f\u00fcr Erholungszwecke als auch f\u00fcr dauerhaftes Wohnen. Interessanterweise liegt es am K\u00e4ufer, welche Abmessungen das gekaufte <\/span><b>Haus<\/b><span style=\"font-weight: 400;\"> haben wird &#8211; es kann beispielsweise aus <\/span><b>zwei<\/b><span style=\"font-weight: 400;\"> oder drei <\/span><b>Containern<\/b><span style=\"font-weight: 400;\"> gebaut werden. Kontaktieren Sie uns und erfahren Sie, was unsere <\/span><b>bezugsfertigen H\u00e4user<\/b><span style=\"font-weight: 400;\"> von KATAMI so einzigartig macht.<\/span><span style=\"font-weight: 400;\"><br \/><\/span><\/p>\n<p>[\/et_pb_text][et_pb_text _builder_version=&#8220;4.19.0&#8243; _module_preset=&#8220;default&#8220; global_colors_info=&#8220;{}&#8220;]<\/p>\n<h1>Fertige Containerh\u00e4user von einem bew\u00e4hrten Hersteller<\/h1>\n<p style=\"text-align: justify;\">Ben\u00f6tigen Sie zus\u00e4tzlichen Raum zum Arbeiten oder Wohnen? Entscheiden Sie sich f\u00fcr ganzj\u00e4hrig fertige H\u00fctten! Diese Objekte k\u00f6nnen als:<\/p>\n<ul style=\"text-align: justify;\">\n<li><strong><a href=\"https:\/\/katami-containers.eu\/de\/container\/gartenhaus\/\">Fertige Sommerh\u00e4user<\/a><\/strong> \u2013 Ideal f\u00fcr Wochenend- und Urlaubsaufenthalte; dank solider Isolierung auch f\u00fcr die ganzj\u00e4hrige Nutzung geeignet.<\/li>\n<li><strong><a href=\"https:\/\/katami-containers.eu\/de\/container\/wach-container\/\">Wachh\u00e4user <\/a><\/strong>\u2013 Bieten komfortable Arbeitsbedingungen f\u00fcr Sicherheitsdienste in Wohnsiedlungen, auf Parkpl\u00e4tzen, Baustellen oder Industrieanlagen. Sie sind standardm\u00e4\u00dfig mit einer Klimaanlage ausgestattet, sodass angenehme Arbeitsbedingungen sowohl an hei\u00dfen Tagen als auch in kalten Wintern gew\u00e4hrleistet sind. Auf Wunsch installieren wir auch ein \u00dcberwachungssystem f\u00fcr eine optimale Kontrolle des \u00fcberwachten Gel\u00e4ndes.<\/li>\n<li><strong><a href=\"https:\/\/katami-containers.eu\/de\/container\/sozialcontainer\/\">Sozialr\u00e4ume<\/a> <\/strong>\u2013 Eine funktionale L\u00f6sung f\u00fcr Bauarbeiterteams. Das Innere kann als Umkleideraum, Kantine oder Ruheraum gestaltet werden und sorgt somit f\u00fcr komfortable Bedingungen f\u00fcr die Mitarbeiter.<\/li>\n<li><strong><a href=\"https:\/\/katami-containers.eu\/de\/container\/buerocontainer\/\">B\u00fcros<\/a> <\/strong>\u2013 <strong>H\u00e4user aus vorgefertigten Elementen <\/strong>lassen sich in moderne Arbeitsr\u00e4ume umwandeln, die an jedem beliebigen Standort errichtet werden k\u00f6nnen. Die M\u00f6glichkeit zur Anpassung des Grundrisses sowie zur Installation von Telefon-, Internet- und \u00dcberwachungssystemen macht sie zur idealen L\u00f6sung f\u00fcr Unternehmen, die flexible und komfortable B\u00fcror\u00e4ume ben\u00f6tigen.<\/li>\n<li><strong><a href=\"https:\/\/katami-containers.eu\/de\/container\/kiosk\/\">Verkaufsstellen <\/a><\/strong>\u2013 Eine ausgezeichnete Alternative zu traditionellen Ladenlokalen. <strong>Ganzj\u00e4hrige fertige H\u00fctten<\/strong> k\u00f6nnen als Gesch\u00e4ft, Caf\u00e9 oder Servicepoint eingesetzt werden.<\/li>\n<\/ul>\n<ul>\n<li><strong><a href=\"https:\/\/katami-containers.eu\/de\/container\/haeuser-fuer-das-grundstueck\/\">Gartenh\u00e4user<\/a><\/strong> \u2013 Perfekt f\u00fcr alle, die einen komfortablen R\u00fcckzugsort au\u00dferhalb der Stadt suchen. Diese Objekte bieten zahlreiche Anpassungsm\u00f6glichkeiten f\u00fcr Innenraum und Ausstattung \u2013 sei es als <strong>Wochenendhaus oder als ganzj\u00e4hriges Ferienhaus.<\/strong><\/li>\n<\/ul>\n<p style=\"text-align: justify;\">Als erfahrener Hersteller von <strong>Containerh\u00e4usern f\u00fcr Wohnzwecke<\/strong> verf\u00fcgen wir \u00fcber fundiertes Fachwissen im Bereich des Modulbaus.<\/p>\n<p>[\/et_pb_text][et_pb_text _builder_version=&#8220;4.19.0&#8243; _module_preset=&#8220;default&#8220; global_colors_info=&#8220;{}&#8220;]<\/p>\n<h1>Fertige kleine ganzj\u00e4hrige H\u00e4user mit praktischen Annehmlichkeiten<\/h1>\n<p>Jedes <strong>Fertigcontainerhaus<\/strong> kann an Ihre individuellen Bed\u00fcrfnisse angepasst werden. Wir bieten verschiedene Anpassungsm\u00f6glichkeiten an, wie z.B. die Anzahl und Gr\u00f6\u00dfe der Fenster, die entweder feststehend oder dreh-kippbar sein k\u00f6nnen. Auch die Wahl der T\u00fcren \u2013 entweder zweifl\u00fcgelig oder asymmetrisch \u2013 \u00fcberlassen wir Ihnen. Dar\u00fcber hinaus k\u00f6nnen die <strong>bezugsfertigen H\u00e4user<\/strong> mit Internet-, Telefon- oder \u00dcberwachungsanlagen ausgestattet werden. Auf Wunsch unserer Kunden k\u00f6nnen wir auch eine Toilette mit Waschbecken installieren, was die angebotenen Objekte noch funktionaler macht. Jedes Geb\u00e4ude verf\u00fcgt \u00fcber eine komplette elektrische Installation sowie eine Klimaanlage, die im Sommer f\u00fcr angenehme K\u00fchle und im Winter f\u00fcr W\u00e4rme sorgt. Investieren Sie in unsere <strong>fertigen Containerh\u00e4user<\/strong> und genie\u00dfen Sie Komfort zu jeder Jahreszeit.<\/p>\n<p><span style=\"font-weight: 400;\"><\/span><\/p>\n<p>[\/et_pb_text][et_pb_text _builder_version=&#8220;4.19.0&#8243; _module_preset=&#8220;default&#8220; global_colors_info=&#8220;{}&#8220;]<\/p>\n<h3>Sind fertige Containerh\u00e4user g\u00fcnstiger als traditionelle H\u00e4user?<\/h3>\n<p>Ja, <strong>vorgefertigte Wohncontainer<\/strong> sind in der Regel g\u00fcnstiger als konventionell gebaute H\u00e4user. Dank der bereits vorgefertigten Bauelemente und der einfacheren Konstruktion ist die Errichtung solcher <strong>bezugsfertiger H\u00e4user<\/strong> deutlich schneller und kosteneffizienter. Der Endpreis h\u00e4ngt jedoch stark vom gew\u00fcnschten Ausstattungsstandard ab.<\/p>\n<p>[\/et_pb_text][et_pb_text _builder_version=&#8220;4.19.0&#8243; _module_preset=&#8220;default&#8220; global_colors_info=&#8220;{}&#8220;]<\/p>\n<h3>Ben\u00f6tigt ein Ganzjahreshaus ein Fundament?<\/h3>\n<p>Ja, ein <strong>Fertigcontainerhaus<\/strong>, das ganzj\u00e4hrig genutzt werden soll, erfordert ein stabiles Fundament oder eine andere Form dauerhafter Aufstellung. Dies ist notwendig, um die Stabilit\u00e4t und Sicherheit des <strong>fertigen Hauses<\/strong> zu gew\u00e4hrleisten \u2013 insbesondere im Hinblick auf Windlasten und Bodensenkungen.<\/p>\n<p>[\/et_pb_text][et_pb_text _builder_version=&#8220;4.19.0&#8243; _module_preset=&#8220;default&#8220; global_colors_info=&#8220;{}&#8220;]Je nach Projekt, Bodenverh\u00e4ltnissen und regionalen Anforderungen k\u00f6nnen verschiedene Fundamentarten verwendet werden: klassische Streifenfundamente, Bodenplatten, Punktfundamente oder Fundaments\u00e4ulen.[\/et_pb_text][et_pb_text _builder_version=&#8220;4.19.0&#8243; _module_preset=&#8220;default&#8220; global_colors_info=&#8220;{}&#8220;]<\/p>\n<h3>Wie hoch sind die Unterhaltskosten eines Ganzjahreshauses?<\/h3>\n<p>Die laufenden Kosten f\u00fcr ein solches<strong> fertiges H\u00e4uschen<\/strong> sind in der Regel niedriger als bei traditionellen Massivh\u00e4usern \u2013 insbesondere, wenn das Objekt gut isoliert wurde, z.\u202fB. mit PIR-Platten. Dank der kompakten Bauweise und modernen D\u00e4mmung erw\u00e4rmt sich das Haus schneller und verliert weniger W\u00e4rme, was die Heizkosten senkt.<\/p>\n<p>[\/et_pb_text][\/et_pb_column][\/et_pb_row][\/et_pb_section]<\/p>\n","protected":false},"excerpt":{"rendered":"<p>Kleine Containerh\u00e4user \u2013 auf die Bed\u00fcrfnisse des Kunden eingehend Moderne Containerh\u00e4user sind eine interessante Alternative zur traditionellen Bauweise. Sie erfreuen sich immer gr\u00f6\u00dferer Beliebtheit auf dem Markt und gewinnen von Jahr zu Jahr neue Anh\u00e4nger. Um sich ein Ganzjahreshaus aus Containern anzuschaffen, reicht es aus, es zu bestellen, auf dem Grundst\u00fcck aufzustellen und die erforderlichen [&hellip;]<\/p>\n","protected":false},"author":3,"featured_media":3358,"parent":3603,"menu_order":0,"comment_status":"closed","ping_status":"closed","template":"","meta":{"_et_pb_use_builder":"on","_et_pb_old_content":"","_et_gb_content_width":"","footnotes":""},"class_list":["post-3610","page","type-page","status-publish","has-post-thumbnail","hentry"],"yoast_head":"<!-- This site is optimized with the Yoast SEO plugin v25.9 - https:\/\/yoast.com\/wordpress\/plugins\/seo\/ -->\n<title>Moderne Containerh\u00e4user \u2013 Katami<\/title>\n<meta name=\"description\" content=\"Kontaktieren Sie uns und erwerben Sie das perfekte Containerhaus zum Entspannen oder dauerhaften Wohnen. Machen Sie sich mit unserem Angebot vertraut.\" \/>\n<meta name=\"robots\" content=\"index, follow, max-snippet:-1, max-image-preview:large, max-video-preview:-1\" \/>\n<link rel=\"canonical\" href=\"https:\/\/katami-containers.eu\/de\/merkmale-unserer-container\/fertige-haeuser\/\" \/>\n<meta property=\"og:locale\" content=\"de_DE\" \/>\n<meta property=\"og:type\" content=\"article\" \/>\n<meta property=\"og:title\" content=\"Moderne Containerh\u00e4user \u2013 Katami\" \/>\n<meta property=\"og:description\" content=\"Kontaktieren Sie uns und erwerben Sie das perfekte Containerhaus zum Entspannen oder dauerhaften Wohnen. Machen Sie sich mit unserem Angebot vertraut.\" \/>\n<meta property=\"og:url\" content=\"https:\/\/katami-containers.eu\/de\/merkmale-unserer-container\/fertige-haeuser\/\" \/>\n<meta property=\"og:site_name\" content=\"KATAMI\" \/>\n<meta property=\"article:modified_time\" content=\"2025-09-23T18:34:47+00:00\" \/>\n<meta property=\"og:image\" content=\"https:\/\/katami-containers.eu\/wp-content\/uploads\/08-1080x675-1.webp\" \/>\n\t<meta property=\"og:image:width\" content=\"1080\" \/>\n\t<meta property=\"og:image:height\" content=\"675\" \/>\n\t<meta property=\"og:image:type\" content=\"image\/webp\" \/>\n<meta name=\"twitter:card\" content=\"summary_large_image\" \/>\n<meta name=\"twitter:label1\" content=\"Gesch\u00e4tzte Lesezeit\" \/>\n\t<meta name=\"twitter:data1\" content=\"5\u00a0Minuten\" \/>\n<script type=\"application\/ld+json\" class=\"yoast-schema-graph\">{\"@context\":\"https:\/\/schema.org\",\"@graph\":[{\"@type\":\"WebPage\",\"@id\":\"https:\/\/katami-containers.eu\/de\/merkmale-unserer-container\/fertige-haeuser\/\",\"url\":\"https:\/\/katami-containers.eu\/de\/merkmale-unserer-container\/fertige-haeuser\/\",\"name\":\"Moderne Containerh\u00e4user \u2013 Katami\",\"isPartOf\":{\"@id\":\"https:\/\/katami-containers.eu\/#website\"},\"primaryImageOfPage\":{\"@id\":\"https:\/\/katami-containers.eu\/de\/merkmale-unserer-container\/fertige-haeuser\/#primaryimage\"},\"image\":{\"@id\":\"https:\/\/katami-containers.eu\/de\/merkmale-unserer-container\/fertige-haeuser\/#primaryimage\"},\"thumbnailUrl\":\"https:\/\/katami-containers.eu\/wp-content\/uploads\/08-1080x675-1.webp\",\"datePublished\":\"2024-05-02T07:51:12+00:00\",\"dateModified\":\"2025-09-23T18:34:47+00:00\",\"description\":\"Kontaktieren Sie uns und erwerben Sie das perfekte Containerhaus zum Entspannen oder dauerhaften Wohnen. Machen Sie sich mit unserem Angebot vertraut.\",\"breadcrumb\":{\"@id\":\"https:\/\/katami-containers.eu\/de\/merkmale-unserer-container\/fertige-haeuser\/#breadcrumb\"},\"inLanguage\":\"de\",\"potentialAction\":[{\"@type\":\"ReadAction\",\"target\":[\"https:\/\/katami-containers.eu\/de\/merkmale-unserer-container\/fertige-haeuser\/\"]}]},{\"@type\":\"ImageObject\",\"inLanguage\":\"de\",\"@id\":\"https:\/\/katami-containers.eu\/de\/merkmale-unserer-container\/fertige-haeuser\/#primaryimage\",\"url\":\"https:\/\/katami-containers.eu\/wp-content\/uploads\/08-1080x675-1.webp\",\"contentUrl\":\"https:\/\/katami-containers.eu\/wp-content\/uploads\/08-1080x675-1.webp\",\"width\":1080,\"height\":675,\"caption\":\"Fertige H\u00e4user\"},{\"@type\":\"BreadcrumbList\",\"@id\":\"https:\/\/katami-containers.eu\/de\/merkmale-unserer-container\/fertige-haeuser\/#breadcrumb\",\"itemListElement\":[{\"@type\":\"ListItem\",\"position\":1,\"name\":\"Home\",\"item\":\"https:\/\/katami-containers.eu\/de\/\"},{\"@type\":\"ListItem\",\"position\":2,\"name\":\"Merkmale unserer Container\",\"item\":\"https:\/\/katami-containers.eu\/de\/merkmale-unserer-container\/\"},{\"@type\":\"ListItem\",\"position\":3,\"name\":\"Fertige H\u00e4user\"}]},{\"@type\":\"WebSite\",\"@id\":\"https:\/\/katami-containers.eu\/#website\",\"url\":\"https:\/\/katami-containers.eu\/\",\"name\":\"KATAMI\",\"description\":\"Producent kontener\u00f3w: biurowe, socjalne, handlowe i inne\",\"potentialAction\":[{\"@type\":\"SearchAction\",\"target\":{\"@type\":\"EntryPoint\",\"urlTemplate\":\"https:\/\/katami-containers.eu\/?s={search_term_string}\"},\"query-input\":{\"@type\":\"PropertyValueSpecification\",\"valueRequired\":true,\"valueName\":\"search_term_string\"}}],\"inLanguage\":\"de\"}]}<\/script>\n<!-- \/ Yoast SEO plugin. -->","yoast_head_json":{"title":"Moderne Containerh\u00e4user \u2013 Katami","description":"Kontaktieren Sie uns und erwerben Sie das perfekte Containerhaus zum Entspannen oder dauerhaften Wohnen. Machen Sie sich mit unserem Angebot vertraut.","robots":{"index":"index","follow":"follow","max-snippet":"max-snippet:-1","max-image-preview":"max-image-preview:large","max-video-preview":"max-video-preview:-1"},"canonical":"https:\/\/katami-containers.eu\/de\/merkmale-unserer-container\/fertige-haeuser\/","og_locale":"de_DE","og_type":"article","og_title":"Moderne Containerh\u00e4user \u2013 Katami","og_description":"Kontaktieren Sie uns und erwerben Sie das perfekte Containerhaus zum Entspannen oder dauerhaften Wohnen. Machen Sie sich mit unserem Angebot vertraut.","og_url":"https:\/\/katami-containers.eu\/de\/merkmale-unserer-container\/fertige-haeuser\/","og_site_name":"KATAMI","article_modified_time":"2025-09-23T18:34:47+00:00","og_image":[{"width":1080,"height":675,"url":"https:\/\/katami-containers.eu\/wp-content\/uploads\/08-1080x675-1.webp","type":"image\/webp"}],"twitter_card":"summary_large_image","twitter_misc":{"Gesch\u00e4tzte Lesezeit":"5\u00a0Minuten"},"schema":{"@context":"https:\/\/schema.org","@graph":[{"@type":"WebPage","@id":"https:\/\/katami-containers.eu\/de\/merkmale-unserer-container\/fertige-haeuser\/","url":"https:\/\/katami-containers.eu\/de\/merkmale-unserer-container\/fertige-haeuser\/","name":"Moderne Containerh\u00e4user \u2013 Katami","isPartOf":{"@id":"https:\/\/katami-containers.eu\/#website"},"primaryImageOfPage":{"@id":"https:\/\/katami-containers.eu\/de\/merkmale-unserer-container\/fertige-haeuser\/#primaryimage"},"image":{"@id":"https:\/\/katami-containers.eu\/de\/merkmale-unserer-container\/fertige-haeuser\/#primaryimage"},"thumbnailUrl":"https:\/\/katami-containers.eu\/wp-content\/uploads\/08-1080x675-1.webp","datePublished":"2024-05-02T07:51:12+00:00","dateModified":"2025-09-23T18:34:47+00:00","description":"Kontaktieren Sie uns und erwerben Sie das perfekte Containerhaus zum Entspannen oder dauerhaften Wohnen. Machen Sie sich mit unserem Angebot vertraut.","breadcrumb":{"@id":"https:\/\/katami-containers.eu\/de\/merkmale-unserer-container\/fertige-haeuser\/#breadcrumb"},"inLanguage":"de","potentialAction":[{"@type":"ReadAction","target":["https:\/\/katami-containers.eu\/de\/merkmale-unserer-container\/fertige-haeuser\/"]}]},{"@type":"ImageObject","inLanguage":"de","@id":"https:\/\/katami-containers.eu\/de\/merkmale-unserer-container\/fertige-haeuser\/#primaryimage","url":"https:\/\/katami-containers.eu\/wp-content\/uploads\/08-1080x675-1.webp","contentUrl":"https:\/\/katami-containers.eu\/wp-content\/uploads\/08-1080x675-1.webp","width":1080,"height":675,"caption":"Fertige H\u00e4user"},{"@type":"BreadcrumbList","@id":"https:\/\/katami-containers.eu\/de\/merkmale-unserer-container\/fertige-haeuser\/#breadcrumb","itemListElement":[{"@type":"ListItem","position":1,"name":"Home","item":"https:\/\/katami-containers.eu\/de\/"},{"@type":"ListItem","position":2,"name":"Merkmale unserer Container","item":"https:\/\/katami-containers.eu\/de\/merkmale-unserer-container\/"},{"@type":"ListItem","position":3,"name":"Fertige H\u00e4user"}]},{"@type":"WebSite","@id":"https:\/\/katami-containers.eu\/#website","url":"https:\/\/katami-containers.eu\/","name":"KATAMI","description":"Producent kontener\u00f3w: biurowe, socjalne, handlowe i inne","potentialAction":[{"@type":"SearchAction","target":{"@type":"EntryPoint","urlTemplate":"https:\/\/katami-containers.eu\/?s={search_term_string}"},"query-input":{"@type":"PropertyValueSpecification","valueRequired":true,"valueName":"search_term_string"}}],"inLanguage":"de"}]}},"_links":{"self":[{"href":"https:\/\/katami-containers.eu\/de\/wp-json\/wp\/v2\/pages\/3610","targetHints":{"allow":["GET"]}}],"collection":[{"href":"https:\/\/katami-containers.eu\/de\/wp-json\/wp\/v2\/pages"}],"about":[{"href":"https:\/\/katami-containers.eu\/de\/wp-json\/wp\/v2\/types\/page"}],"author":[{"embeddable":true,"href":"https:\/\/katami-containers.eu\/de\/wp-json\/wp\/v2\/users\/3"}],"replies":[{"embeddable":true,"href":"https:\/\/katami-containers.eu\/de\/wp-json\/wp\/v2\/comments?post=3610"}],"version-history":[{"count":8,"href":"https:\/\/katami-containers.eu\/de\/wp-json\/wp\/v2\/pages\/3610\/revisions"}],"predecessor-version":[{"id":4228,"href":"https:\/\/katami-containers.eu\/de\/wp-json\/wp\/v2\/pages\/3610\/revisions\/4228"}],"up":[{"embeddable":true,"href":"https:\/\/katami-containers.eu\/de\/wp-json\/wp\/v2\/pages\/3603"}],"wp:featuredmedia":[{"embeddable":true,"href":"https:\/\/katami-containers.eu\/de\/wp-json\/wp\/v2\/media\/3358"}],"wp:attachment":[{"href":"https:\/\/katami-containers.eu\/de\/wp-json\/wp\/v2\/media?parent=3610"}],"curies":[{"name":"wp","href":"https:\/\/api.w.org\/{rel}","templated":true}]}}