{"id":3613,"date":"2024-05-02T10:05:24","date_gmt":"2024-05-02T08:05:24","guid":{"rendered":"https:\/\/katami-containers.eu\/merkmale-unserer-container\/modulare-haeuser\/"},"modified":"2025-09-23T11:42:17","modified_gmt":"2025-09-23T09:42:17","slug":"modulare-haeuser","status":"publish","type":"page","link":"https:\/\/katami-containers.eu\/de\/merkmale-unserer-container\/modulare-haeuser\/","title":{"rendered":"Modulare H\u00e4user"},"content":{"rendered":"<p>[et_pb_section fb_built=&#8220;1&#8243; admin_label=&#8220;section&#8220; _builder_version=&#8220;4.16&#8243; global_colors_info=&#8220;{}&#8220;][et_pb_row _builder_version=&#8220;4.19.0&#8243; _module_preset=&#8220;default&#8220; locked=&#8220;off&#8220; global_colors_info=&#8220;{}&#8220;][et_pb_column type=&#8220;4_4&#8243; _builder_version=&#8220;4.19.0&#8243; _module_preset=&#8220;default&#8220; global_colors_info=&#8220;{}&#8220;][et_pb_code _builder_version=&#8220;4.19.0&#8243; _module_preset=&#8220;default&#8220; global_colors_info=&#8220;{}&#8220;]<\/p>\n<div><!-- [et_pb_line_break_holder] --><!-- [et_pb_line_break_holder] --> <a href=\"https:\/\/katami-containers.eu\/de\/\"><!-- [et_pb_line_break_holder] --> Home<\/a><!-- [et_pb_line_break_holder] --><!-- [et_pb_line_break_holder] --> >><!-- [et_pb_line_break_holder] --><!-- [et_pb_line_break_holder] --> <a href=\"https:\/\/katami-containers.eu\/de\/merkmale-unserer-container\/\"><!-- [et_pb_line_break_holder] --> Merkmale unserer Container<\/a><!-- [et_pb_line_break_holder] --><!-- [et_pb_line_break_holder] --><!-- [et_pb_line_break_holder] --> >> <b>Modulare H\u00e4user<\/b><!-- [et_pb_line_break_holder] --><\/div>\n<p><!-- [et_pb_line_break_holder] --><pee><!-- [et_pb_line_break_holder] --><\/pee>[\/et_pb_code][\/et_pb_column][\/et_pb_row][et_pb_row column_structure=&#8220;3_5,2_5&#8243; _builder_version=&#8220;4.19.0&#8243; _module_preset=&#8220;default&#8220; global_colors_info=&#8220;{}&#8220;][et_pb_column type=&#8220;3_5&#8243; _builder_version=&#8220;4.19.0&#8243; _module_preset=&#8220;default&#8220; global_colors_info=&#8220;{}&#8220;][et_pb_text _builder_version=&#8220;4.19.0&#8243; _module_preset=&#8220;default&#8220; global_colors_info=&#8220;{}&#8220;]<\/p>\n<h1>Modulares Containerhaus und Umweltschutz<\/h1>\n<p style=\"text-align: justify;\">Als Gesellschaft achten wir zunehmend auf die Auswirkungen unserer Handlungen auf den Planeten. Wenn es Ihnen wichtig ist, im Einklang mit der Natur zu leben, entscheiden Sie sich f\u00fcr <strong>modulare Containerh\u00e4user<\/strong>, die mithilfe modularer Bautechnik errichtet werden. Wie passt diese Bauweise in einen \u00f6kologischen Lebensstil? Durch die in der Containertechnik verwendeten L\u00f6sungen haben die Objekte eine bessere Isolierung, was Energieverbrauch senkt. Auch wird ein <strong>Modulhaus Container<\/strong> im Gegensatz zu traditionell gebauten Objekten auf der Grundlage zuvor entworfener Elemente gebaut. Dies tr\u00e4gt erheblich zur Ressourceneinsparung bei. Vertrauen Sie auf unsere Erfahrung und setzen Sie auf <strong>modulare H\u00e4user<\/strong> von der Firma KATAMI. Dies ist eine einfache L\u00f6sung f\u00fcr die Wohnbed\u00fcrfnisse unserer Kunden.<\/p>\n<p>[\/et_pb_text][\/et_pb_column][et_pb_column type=&#8220;2_5&#8243; _builder_version=&#8220;4.19.0&#8243; _module_preset=&#8220;default&#8220; global_colors_info=&#8220;{}&#8220;][et_pb_image src=&#8220;https:\/\/katami-containers.eu\/wp-content\/uploads\/06-1080&#215;675-1.webp&#8220; alt=&#8220;Unsere Projekte&#8220; title_text=&#8220;06-1080&#215;675&#8243; _builder_version=&#8220;4.19.0&#8243; _module_preset=&#8220;default&#8220; global_colors_info=&#8220;{}&#8220;][\/et_pb_image][\/et_pb_column][\/et_pb_row][et_pb_row _builder_version=&#8220;4.19.0&#8243; _module_preset=&#8220;default&#8220; global_colors_info=&#8220;{}&#8220;][et_pb_column type=&#8220;4_4&#8243; _builder_version=&#8220;4.19.0&#8243; _module_preset=&#8220;default&#8220; global_colors_info=&#8220;{}&#8220;][et_pb_text _builder_version=&#8220;4.19.0&#8243; _module_preset=&#8220;default&#8220; global_colors_info=&#8220;{}&#8220;]<\/p>\n<h2>Hochwertiges Containerhaus in Modulbauweise<\/h2>\n<p style=\"text-align: justify;\"><b>Modulare Wohncontainer<\/b> sind nicht nur umweltfreundlich, sondern auch \u00e4u\u00dferst praktisch &#8211; es kommt ganz darauf an, f\u00fcr welche Optionen Sie sich entscheiden! Ein <b>modulares Containerhaus<\/b> muss sich vom Standard her nicht von herk\u00f6mmlichen Einfamilienh\u00e4usern unterscheiden &#8211; Sie k\u00f6nnen es problemlos mit Strom und Sanit\u00e4ranlagen ausstatten. Dar\u00fcber hinaus zeichnet es sich durch seine robuste Bauweise aus. Alle Materialien, aus denen ein <b>Modulhaus aus Containern<\/b> gebaut wird, sind f\u00fcr ihre hohe Qualit\u00e4t zertifiziert. Deshalb haben uns schon viele Kunden f\u00fcr die Langlebigkeit der angebotenen Objekte gesch\u00e4tzt. Vertrauen Sie auf unsere langj\u00e4hrige Erfahrung und schlie\u00dfen Sie sich ihnen an! Nehmen Sie Kontakt auf und wir helfen Ihnen weiter. Als KATAMI Handels- und Dienstleistungsunternehmen stehen wir Ihnen f\u00fcr <b>ganzj\u00e4hrige Modulh\u00e4user bis 35 m\u00b2<\/b> und mehr zur Verf\u00fcgung!<\/p>\n<p>[\/et_pb_text][\/et_pb_column][\/et_pb_row][et_pb_row _builder_version=&#8220;4.19.0&#8243; _module_preset=&#8220;default&#8220; global_colors_info=&#8220;{}&#8220;][et_pb_column type=&#8220;4_4&#8243; _builder_version=&#8220;4.19.0&#8243; _module_preset=&#8220;default&#8220; global_colors_info=&#8220;{}&#8220;][et_pb_text _builder_version=&#8220;4.19.0&#8243; _module_preset=&#8220;default&#8220; global_colors_info=&#8220;{}&#8220;]<\/p>\n<h2>Ganzj\u00e4hrige modulaire H\u00e4user &#8211; die ganzj\u00e4hrige Wohnl\u00f6sung<\/h2>\n<p>Wenn Sie ein einzigartiges Haus erstellen m\u00f6chten, das einfach und schnell zu bauen ist, empfehlen wir Ihnen, den Einsatz von <strong>modularen Wohncontainern<\/strong> in Betracht zu ziehen. Diese ungew\u00f6hnliche L\u00f6sung ist derzeit sehr beliebt. Wichtig ist, dass <strong>modulare H\u00e4user ganzj\u00e4hrig<\/strong> bewohnbar sind. Sie k\u00f6nnen mit allen erforderlichen elektrischen und sanit\u00e4ren Anschl\u00fcssen ausgestattet werden. <strong>Modulare Containerh\u00e4user<\/strong> k\u00f6nnen auch beliebig zu gro\u00dfen Wohngeb\u00e4uden erweitert werden. Au\u00dferdem lassen sie sich leicht demontieren und an jeden anderen Ort transportieren. Zu beachten ist, dass <strong>Modulh\u00e4user bis 35 m\u00b2<\/strong> (mit anderen Ausnahmen) vom Projekttr\u00e4ger bei der zust\u00e4ndigen Beh\u00f6rde angemeldet werden m\u00fcssen. Dabei gibt es zwei M\u00f6glichkeiten. Die erste ist eine Anmeldung, in der festgelegt wird, dass der Container nur 180 Tage lang genutzt werden darf. Danach muss das Containerhaus abgerissen und an einen anderen Standort verlegt werden. Die zweite M\u00f6glichkeit besteht darin, sich um eine Baugenehmigung zu bem\u00fchen, damit die Konstruktion dauerhaft aufgestellt werden kann.<\/p>\n<p>&nbsp;<\/p>\n<p>[\/et_pb_text][\/et_pb_column][\/et_pb_row][\/et_pb_section]<\/p>\n","protected":false},"excerpt":{"rendered":"<p>Modulares Containerhaus und Umweltschutz Als Gesellschaft achten wir zunehmend auf die Auswirkungen unserer Handlungen auf den Planeten. Wenn es Ihnen wichtig ist, im Einklang mit der Natur zu leben, entscheiden Sie sich f\u00fcr modulare Containerh\u00e4user, die mithilfe modularer Bautechnik errichtet werden. Wie passt diese Bauweise in einen \u00f6kologischen Lebensstil? Durch die in der Containertechnik verwendeten [&hellip;]<\/p>\n","protected":false},"author":3,"featured_media":3022,"parent":3603,"menu_order":0,"comment_status":"closed","ping_status":"closed","template":"","meta":{"_et_pb_use_builder":"on","_et_pb_old_content":"","_et_gb_content_width":"","footnotes":""},"class_list":["post-3613","page","type-page","status-publish","has-post-thumbnail","hentry"],"yoast_head":"<!-- This site is optimized with the Yoast SEO plugin v25.9 - https:\/\/yoast.com\/wordpress\/plugins\/seo\/ -->\n<title>Modulare Containerh\u00e4user \u2013 Katami<\/title>\n<meta name=\"description\" content=\"Erw\u00e4gen Sie den Kauf eines modularen Containerhauses? Dann Sind Sie hier genau richtig! Sie k\u00f6nnen uns gerne kontaktieren.\" \/>\n<meta name=\"robots\" content=\"index, follow, max-snippet:-1, max-image-preview:large, max-video-preview:-1\" \/>\n<link rel=\"canonical\" href=\"https:\/\/katami-containers.eu\/de\/merkmale-unserer-container\/modulare-haeuser\/\" \/>\n<meta property=\"og:locale\" content=\"de_DE\" \/>\n<meta property=\"og:type\" content=\"article\" \/>\n<meta property=\"og:title\" content=\"Modulare Containerh\u00e4user \u2013 Katami\" \/>\n<meta property=\"og:description\" content=\"Erw\u00e4gen Sie den Kauf eines modularen Containerhauses? Dann Sind Sie hier genau richtig! Sie k\u00f6nnen uns gerne kontaktieren.\" \/>\n<meta property=\"og:url\" content=\"https:\/\/katami-containers.eu\/de\/merkmale-unserer-container\/modulare-haeuser\/\" \/>\n<meta property=\"og:site_name\" content=\"KATAMI\" \/>\n<meta property=\"article:modified_time\" content=\"2025-09-23T09:42:17+00:00\" \/>\n<meta property=\"og:image\" content=\"https:\/\/katami-containers.eu\/wp-content\/uploads\/06-1280x720-1.webp\" \/>\n\t<meta property=\"og:image:width\" content=\"1280\" \/>\n\t<meta property=\"og:image:height\" content=\"720\" \/>\n\t<meta property=\"og:image:type\" content=\"image\/webp\" \/>\n<meta name=\"twitter:card\" content=\"summary_large_image\" \/>\n<meta name=\"twitter:label1\" content=\"Gesch\u00e4tzte Lesezeit\" \/>\n\t<meta name=\"twitter:data1\" content=\"3\u00a0Minuten\" \/>\n<script type=\"application\/ld+json\" class=\"yoast-schema-graph\">{\"@context\":\"https:\/\/schema.org\",\"@graph\":[{\"@type\":\"WebPage\",\"@id\":\"https:\/\/katami-containers.eu\/de\/merkmale-unserer-container\/modulare-haeuser\/\",\"url\":\"https:\/\/katami-containers.eu\/de\/merkmale-unserer-container\/modulare-haeuser\/\",\"name\":\"Modulare Containerh\u00e4user \u2013 Katami\",\"isPartOf\":{\"@id\":\"https:\/\/katami-containers.eu\/#website\"},\"primaryImageOfPage\":{\"@id\":\"https:\/\/katami-containers.eu\/de\/merkmale-unserer-container\/modulare-haeuser\/#primaryimage\"},\"image\":{\"@id\":\"https:\/\/katami-containers.eu\/de\/merkmale-unserer-container\/modulare-haeuser\/#primaryimage\"},\"thumbnailUrl\":\"https:\/\/katami-containers.eu\/wp-content\/uploads\/06-1280x720-1.webp\",\"datePublished\":\"2024-05-02T08:05:24+00:00\",\"dateModified\":\"2025-09-23T09:42:17+00:00\",\"description\":\"Erw\u00e4gen Sie den Kauf eines modularen Containerhauses? Dann Sind Sie hier genau richtig! Sie k\u00f6nnen uns gerne kontaktieren.\",\"breadcrumb\":{\"@id\":\"https:\/\/katami-containers.eu\/de\/merkmale-unserer-container\/modulare-haeuser\/#breadcrumb\"},\"inLanguage\":\"de\",\"potentialAction\":[{\"@type\":\"ReadAction\",\"target\":[\"https:\/\/katami-containers.eu\/de\/merkmale-unserer-container\/modulare-haeuser\/\"]}]},{\"@type\":\"ImageObject\",\"inLanguage\":\"de\",\"@id\":\"https:\/\/katami-containers.eu\/de\/merkmale-unserer-container\/modulare-haeuser\/#primaryimage\",\"url\":\"https:\/\/katami-containers.eu\/wp-content\/uploads\/06-1280x720-1.webp\",\"contentUrl\":\"https:\/\/katami-containers.eu\/wp-content\/uploads\/06-1280x720-1.webp\",\"width\":1280,\"height\":720,\"caption\":\"Modulare H\u00e4user\"},{\"@type\":\"BreadcrumbList\",\"@id\":\"https:\/\/katami-containers.eu\/de\/merkmale-unserer-container\/modulare-haeuser\/#breadcrumb\",\"itemListElement\":[{\"@type\":\"ListItem\",\"position\":1,\"name\":\"Home\",\"item\":\"https:\/\/katami-containers.eu\/de\/\"},{\"@type\":\"ListItem\",\"position\":2,\"name\":\"Merkmale unserer Container\",\"item\":\"https:\/\/katami-containers.eu\/de\/merkmale-unserer-container\/\"},{\"@type\":\"ListItem\",\"position\":3,\"name\":\"Modulare H\u00e4user\"}]},{\"@type\":\"WebSite\",\"@id\":\"https:\/\/katami-containers.eu\/#website\",\"url\":\"https:\/\/katami-containers.eu\/\",\"name\":\"KATAMI\",\"description\":\"Producent kontener\u00f3w: biurowe, socjalne, handlowe i inne\",\"potentialAction\":[{\"@type\":\"SearchAction\",\"target\":{\"@type\":\"EntryPoint\",\"urlTemplate\":\"https:\/\/katami-containers.eu\/?s={search_term_string}\"},\"query-input\":{\"@type\":\"PropertyValueSpecification\",\"valueRequired\":true,\"valueName\":\"search_term_string\"}}],\"inLanguage\":\"de\"}]}<\/script>\n<!-- \/ Yoast SEO plugin. -->","yoast_head_json":{"title":"Modulare Containerh\u00e4user \u2013 Katami","description":"Erw\u00e4gen Sie den Kauf eines modularen Containerhauses? Dann Sind Sie hier genau richtig! Sie k\u00f6nnen uns gerne kontaktieren.","robots":{"index":"index","follow":"follow","max-snippet":"max-snippet:-1","max-image-preview":"max-image-preview:large","max-video-preview":"max-video-preview:-1"},"canonical":"https:\/\/katami-containers.eu\/de\/merkmale-unserer-container\/modulare-haeuser\/","og_locale":"de_DE","og_type":"article","og_title":"Modulare Containerh\u00e4user \u2013 Katami","og_description":"Erw\u00e4gen Sie den Kauf eines modularen Containerhauses? Dann Sind Sie hier genau richtig! Sie k\u00f6nnen uns gerne kontaktieren.","og_url":"https:\/\/katami-containers.eu\/de\/merkmale-unserer-container\/modulare-haeuser\/","og_site_name":"KATAMI","article_modified_time":"2025-09-23T09:42:17+00:00","og_image":[{"width":1280,"height":720,"url":"https:\/\/katami-containers.eu\/wp-content\/uploads\/06-1280x720-1.webp","type":"image\/webp"}],"twitter_card":"summary_large_image","twitter_misc":{"Gesch\u00e4tzte Lesezeit":"3\u00a0Minuten"},"schema":{"@context":"https:\/\/schema.org","@graph":[{"@type":"WebPage","@id":"https:\/\/katami-containers.eu\/de\/merkmale-unserer-container\/modulare-haeuser\/","url":"https:\/\/katami-containers.eu\/de\/merkmale-unserer-container\/modulare-haeuser\/","name":"Modulare Containerh\u00e4user \u2013 Katami","isPartOf":{"@id":"https:\/\/katami-containers.eu\/#website"},"primaryImageOfPage":{"@id":"https:\/\/katami-containers.eu\/de\/merkmale-unserer-container\/modulare-haeuser\/#primaryimage"},"image":{"@id":"https:\/\/katami-containers.eu\/de\/merkmale-unserer-container\/modulare-haeuser\/#primaryimage"},"thumbnailUrl":"https:\/\/katami-containers.eu\/wp-content\/uploads\/06-1280x720-1.webp","datePublished":"2024-05-02T08:05:24+00:00","dateModified":"2025-09-23T09:42:17+00:00","description":"Erw\u00e4gen Sie den Kauf eines modularen Containerhauses? Dann Sind Sie hier genau richtig! Sie k\u00f6nnen uns gerne kontaktieren.","breadcrumb":{"@id":"https:\/\/katami-containers.eu\/de\/merkmale-unserer-container\/modulare-haeuser\/#breadcrumb"},"inLanguage":"de","potentialAction":[{"@type":"ReadAction","target":["https:\/\/katami-containers.eu\/de\/merkmale-unserer-container\/modulare-haeuser\/"]}]},{"@type":"ImageObject","inLanguage":"de","@id":"https:\/\/katami-containers.eu\/de\/merkmale-unserer-container\/modulare-haeuser\/#primaryimage","url":"https:\/\/katami-containers.eu\/wp-content\/uploads\/06-1280x720-1.webp","contentUrl":"https:\/\/katami-containers.eu\/wp-content\/uploads\/06-1280x720-1.webp","width":1280,"height":720,"caption":"Modulare H\u00e4user"},{"@type":"BreadcrumbList","@id":"https:\/\/katami-containers.eu\/de\/merkmale-unserer-container\/modulare-haeuser\/#breadcrumb","itemListElement":[{"@type":"ListItem","position":1,"name":"Home","item":"https:\/\/katami-containers.eu\/de\/"},{"@type":"ListItem","position":2,"name":"Merkmale unserer Container","item":"https:\/\/katami-containers.eu\/de\/merkmale-unserer-container\/"},{"@type":"ListItem","position":3,"name":"Modulare H\u00e4user"}]},{"@type":"WebSite","@id":"https:\/\/katami-containers.eu\/#website","url":"https:\/\/katami-containers.eu\/","name":"KATAMI","description":"Producent kontener\u00f3w: biurowe, socjalne, handlowe i inne","potentialAction":[{"@type":"SearchAction","target":{"@type":"EntryPoint","urlTemplate":"https:\/\/katami-containers.eu\/?s={search_term_string}"},"query-input":{"@type":"PropertyValueSpecification","valueRequired":true,"valueName":"search_term_string"}}],"inLanguage":"de"}]}},"_links":{"self":[{"href":"https:\/\/katami-containers.eu\/de\/wp-json\/wp\/v2\/pages\/3613","targetHints":{"allow":["GET"]}}],"collection":[{"href":"https:\/\/katami-containers.eu\/de\/wp-json\/wp\/v2\/pages"}],"about":[{"href":"https:\/\/katami-containers.eu\/de\/wp-json\/wp\/v2\/types\/page"}],"author":[{"embeddable":true,"href":"https:\/\/katami-containers.eu\/de\/wp-json\/wp\/v2\/users\/3"}],"replies":[{"embeddable":true,"href":"https:\/\/katami-containers.eu\/de\/wp-json\/wp\/v2\/comments?post=3613"}],"version-history":[{"count":6,"href":"https:\/\/katami-containers.eu\/de\/wp-json\/wp\/v2\/pages\/3613\/revisions"}],"predecessor-version":[{"id":4206,"href":"https:\/\/katami-containers.eu\/de\/wp-json\/wp\/v2\/pages\/3613\/revisions\/4206"}],"up":[{"embeddable":true,"href":"https:\/\/katami-containers.eu\/de\/wp-json\/wp\/v2\/pages\/3603"}],"wp:featuredmedia":[{"embeddable":true,"href":"https:\/\/katami-containers.eu\/de\/wp-json\/wp\/v2\/media\/3022"}],"wp:attachment":[{"href":"https:\/\/katami-containers.eu\/de\/wp-json\/wp\/v2\/media?parent=3613"}],"curies":[{"name":"wp","href":"https:\/\/api.w.org\/{rel}","templated":true}]}}