{"id":3620,"date":"2024-05-02T10:57:22","date_gmt":"2024-05-02T08:57:22","guid":{"rendered":"https:\/\/katami-containers.eu\/merkmale-unserer-container\/mobilheime\/"},"modified":"2025-09-23T15:48:24","modified_gmt":"2025-09-23T13:48:24","slug":"mobilheime","status":"publish","type":"page","link":"https:\/\/katami-containers.eu\/de\/merkmale-unserer-container\/mobilheime\/","title":{"rendered":"Mobilheime"},"content":{"rendered":"<p>[et_pb_section fb_built=&#8220;1&#8243; admin_label=&#8220;section&#8220; _builder_version=&#8220;4.16&#8243; global_colors_info=&#8220;{}&#8220;][et_pb_row _builder_version=&#8220;4.19.0&#8243; _module_preset=&#8220;default&#8220; locked=&#8220;off&#8220; global_colors_info=&#8220;{}&#8220;][et_pb_column type=&#8220;4_4&#8243; _builder_version=&#8220;4.19.0&#8243; _module_preset=&#8220;default&#8220; global_colors_info=&#8220;{}&#8220;][et_pb_code _builder_version=&#8220;4.19.0&#8243; _module_preset=&#8220;default&#8220; global_colors_info=&#8220;{}&#8220;]<\/p>\n<div><!-- [et_pb_line_break_holder] --><!-- [et_pb_line_break_holder] --> <a href=\"https:\/\/katami-containers.eu\/de\/\"><!-- [et_pb_line_break_holder] --> Home<\/a><!-- [et_pb_line_break_holder] --><!-- [et_pb_line_break_holder] --> >><!-- [et_pb_line_break_holder] --><!-- [et_pb_line_break_holder] --> <a href=\"https:\/\/katami-containers.eu\/de\/merkmale-unserer-container\/\"><!-- [et_pb_line_break_holder] --> Merkmale unserer Container<\/a><!-- [et_pb_line_break_holder] --><!-- [et_pb_line_break_holder] --><!-- [et_pb_line_break_holder] --> >> <b>Mobilheime<\/b><!-- [et_pb_line_break_holder] --><\/div>\n<p>[\/et_pb_code][\/et_pb_column][\/et_pb_row][et_pb_row column_structure=&#8220;3_5,2_5&#8243; _builder_version=&#8220;4.19.0&#8243; _module_preset=&#8220;default&#8220; global_colors_info=&#8220;{}&#8220;][et_pb_column type=&#8220;3_5&#8243; _builder_version=&#8220;4.19.0&#8243; _module_preset=&#8220;default&#8220; global_colors_info=&#8220;{}&#8220;][et_pb_text _builder_version=&#8220;4.19.0&#8243; _module_preset=&#8220;default&#8220; global_colors_info=&#8220;{}&#8220;]<\/p>\n<h1>Hochwertiges Mobilheim zum Verkauf<\/h1>\n<p style=\"text-align: justify;\">Haben Sie schon einmal dar\u00fcber nachgedacht, ein <strong>Mobilheim<\/strong> zu kaufen? Wir bieten Objekte direkt vom Hersteller <strong>zum Verkauf<\/strong> an! Sie stellen eine praktische L\u00f6sung f\u00fcr diejenigen dar, die ungebunden bleiben, aber gleichzeitig ein festes Dach \u00fcber dem Kopf haben m\u00f6chten. Dies h\u00e4ngt mit der Konstruktion von <strong>kleinen<\/strong> und gro\u00dfen <strong>Mobilheimen<\/strong> zusammen \u2013 diese Objekte k\u00f6nnen problemlos transportiert werden. Der K\u00e4ufer kann f\u00fcr eine bestimmte Zeit an einem Ort wohnen und sich dann entscheiden, die Umgebung zu wechseln. Suchen Sie nach einem Unternehmen, das <strong>fertige Mobilheime<\/strong> auf Bestellung herstellt? Als Hersteller dieser Art von Produkten verf\u00fcgen wir \u00fcber langj\u00e4hrige Erfahrung in der Ausf\u00fchrung verschiedener Projekte. Rufen Sie uns an \u2013 wir h\u00f6ren Ihnen gerne zu. Wir gehen an jeden Auftrag f\u00fcr den <strong>Bau eines Mobilheims<\/strong> individuell heran.<\/p>\n<p>[\/et_pb_text][\/et_pb_column][et_pb_column type=&#8220;2_5&#8243; _builder_version=&#8220;4.19.0&#8243; _module_preset=&#8220;default&#8220; global_colors_info=&#8220;{}&#8220;][et_pb_image src=&#8220;https:\/\/katami-containers.eu\/wp-content\/uploads\/06-1-768&#215;432-1.webp&#8220; alt=&#8220;Unsere Projekte&#8220; title_text=&#8220;06-1-768&#215;432&#8243; _builder_version=&#8220;4.19.0&#8243; _module_preset=&#8220;default&#8220; global_colors_info=&#8220;{}&#8220;][\/et_pb_image][\/et_pb_column][\/et_pb_row][et_pb_row _builder_version=&#8220;4.19.0&#8243; _module_preset=&#8220;default&#8220; global_colors_info=&#8220;{}&#8220;][et_pb_column type=&#8220;4_4&#8243; _builder_version=&#8220;4.19.0&#8243; _module_preset=&#8220;default&#8220; global_colors_info=&#8220;{}&#8220;][et_pb_text _builder_version=&#8220;4.19.0&#8243; _module_preset=&#8220;default&#8220; global_colors_info=&#8220;{}&#8220;]<\/p>\n<h2>Vorteile von kleinen Wohnmobilen<\/h2>\n<p style=\"text-align: justify;\">Als <b>Hersteller von Wohnmobilen<\/b> garantieren wir, dass die Entscheidung, eine solche Konstruktion auf Ihrem Grundst\u00fcck zu errichten, eine Reihe von unbestreitbaren Vorteilen mit sich bringt. Hier sind einige der wichtigsten Vorteile dieser L\u00f6sung:<\/p>\n<ul>\n<li>Kurze Bauzeit \u2013 Der Bau von <b>mobilen Wohncontainern<\/b> erfolgt schnell, da die Bauelemente bereits fertig geliefert werden. Dadurch haben die Wetterbedingungen nur minimalen Einfluss auf den Fertigstellungstermin;<\/li>\n<li>Geringe Baukosten \u2013 Der Bau von <b>mobilen Unterk\u00fcnften<\/b> ist kosteng\u00fcnstiger als die Anwendung traditioneller Baumethoden;<\/li>\n<li>Langlebigkeit \u2013 Die H\u00e4user werden aus hochwertigem Stahl gefertigt, wodurch sie widerstandsf\u00e4hig und best\u00e4ndig gegen\u00fcber schwierigen Wetterbedingungen sind;<\/li>\n<li>Einfache Erweiterung \u2013 Der Raum des Containerhauses l\u00e4sst sich problemlos vergr\u00f6\u00dfern, indem zus\u00e4tzliche Segmente hinzugef\u00fcgt werden.<\/li>\n<\/ul>\n<p style=\"text-align: justify;\">Wenn Sie also auf der Suche nach einem idealen Wohnort f\u00fcr das ganze Jahr oder nur f\u00fcr die Sommermonate sind, werfen Sie einen Blick auf unser attraktives Angebot!<\/p>\n<p style=\"text-align: justify;\">Wir bieten den <b>Verkauf von Mobilheimen<\/b> zu g\u00fcnstigen Preisen an!<\/p>\n<p>[\/et_pb_text][et_pb_text _builder_version=&#8220;4.19.0&#8243; _module_preset=&#8220;default&#8220; global_colors_info=&#8220;{}&#8220;]<\/p>\n<h2>Ganzj\u00e4hriger Hersteller von Wohnmobilen<\/h2>\n<p style=\"text-align: justify;\">Als f\u00fchrender <strong>Hersteller von Wohnmobilen<\/strong> garantieren wir unseren Kunden Objekte aus Materialien h\u00f6chster Qualit\u00e4t. Die stabile Konstruktion besteht aus einem Stahlrahmen, und die D\u00e4cher sowie W\u00e4nde sind aus Sandwichplatten mit einer Isolationsdicke von 10 cm gefertigt. Dadurch bieten unsere <strong>kleinen Mobilheime zum Verkauf<\/strong> eine hervorragende W\u00e4rmeisolierung. Au\u00dferdem sind sie mit Kunststofffenstern mit Doppelverglasung und Aluminiumt\u00fcren ausgestattet. Es ist erw\u00e4hnenswert, dass die <strong>ganzj\u00e4hrigen Mobilheime<\/strong> \u00fcber eine komplette elektrische Installation mit energiesparenden LED-Lampen und eine Klimaanlage verf\u00fcgen. Dar\u00fcber hinaus erleichtern vier Kran\u00f6sen den Transport und die Installation des Objekts an Ihrem Wunschstandort. W\u00e4hlen Sie also unseren <strong>mobilen Wohncontainer<\/strong> und verwirklichen Sie Ihre Tr\u00e4ume von einem komfortablen und funktionalen Wohn- oder Arbeitsort.<\/p>\n<p>[\/et_pb_text][et_pb_text _builder_version=&#8220;4.19.0&#8243; _module_preset=&#8220;default&#8220; global_colors_info=&#8220;{}&#8220;]<\/p>\n<h2>Welche Funktionen kann ein mobiles Haus f\u00fcr das ganze Jahr mit einer Fl\u00e4che von 35 m\u00b2 erf\u00fcllen?<\/h2>\n<p style=\"text-align: justify;\">Containermodule sind \u00e4u\u00dferst vielseitige Objekte, die auf verschiedene Weise genutzt werden k\u00f6nnen. Als <b>Hersteller von ganzj\u00e4hrigen Wohnmobilen<\/b> m\u00f6chten wir Ihnen einige m\u00f6gliche Einsatzm\u00f6glichkeiten vorstellen. Zu den wichtigsten geh\u00f6ren:<\/p>\n<ul>\n<li><b>Mobiles Sommerhaus<\/b> \u2013 Ein Haus mit dieser Fl\u00e4che eignet sich hervorragend f\u00fcr einen erholsamen Urlaub. Dank der kompakten Gr\u00f6\u00dfe k\u00f6nnen <b>mobile Ferienh\u00e4user<\/b> auf einem Freizeitgrundst\u00fcck platziert werden, und der Bau erfolgt schnell und effizient;<\/li>\n<li>Wohnhaus f\u00fcr den Daueraufenthalt \u2013 Obwohl viele Container als saisonale Objekte konzipiert sind, k\u00f6nnen viele auch f\u00fcr die ganzj\u00e4hrige Nutzung angepasst werden. Mit geeigneter W\u00e4rmed\u00e4mmung und einer eingebauten Heizungsfunktion, wie etwa einer Klimaanlage mit Heizfunktion, wird das Haus auch in den k\u00e4lteren Monaten zu einem komfortablen Lebensraum;<\/li>\n<li>B\u00fcrocontainer \u2013 Das Objekt kann ebenfalls als Firmenzentrale dienen. Mit einer stabilen Konstruktion und guter Isolierung bietet es komfortable Arbeitsbedingungen sowie ausreichend Raum f\u00fcr Besprechungen mit Kunden und Gesch\u00e4ftspartnern;<\/li>\n<li>Wachh\u00fctte \u2013 Der Container eignet sich auch als Wache- oder Portierh\u00e4uschen. Er erf\u00fcllt seine Aufgabe perfekt an verschiedenen Orten (z. B. in Wohnsiedlungen, auf Firmengel\u00e4nden oder Baustellen), indem er die st\u00e4ndige Pr\u00e4senz eines W\u00e4chters gew\u00e4hrleistet, der f\u00fcr die \u00dcberwachung und Kontrolle des Gel\u00e4ndes verantwortlich ist.<\/li>\n<\/ul>\n<p style=\"text-align: justify;\">Tr\u00e4umen Sie von einem eigenen R\u00fcckzugsort oder m\u00f6chten Sie ein B\u00fcro an einem f\u00fcr Sie passenden Ort einrichten? Kein Problem! Wir bieten moderne <b>Wohnmobile zum Verkauf<\/b> an, die in jeder Funktion \u00fcberzeugen k\u00f6nnen!<\/p>\n<h2>Ganzj\u00e4hriger Hersteller von Wohnmobilen<\/h2>\n<p>Als f\u00fchrender<strong> Hersteller von Wohnmobilen<\/strong> garantieren wir unseren Kunden Objekte aus Materialien h\u00f6chster Qualit\u00e4t. Die stabile Konstruktion besteht aus einem Stahlrahmen, und die D\u00e4cher sowie W\u00e4nde sind aus Sandwichplatten mit einer Isolationsdicke von 10 cm gefertigt. Dadurch bieten unsere <strong>kleinen Mobilheime zum Verkauf<\/strong> eine hervorragende W\u00e4rmeisolierung. Au\u00dferdem sind sie mit Kunststofffenstern mit Doppelverglasung und Aluminiumt\u00fcren ausgestattet. Es ist erw\u00e4hnenswert, dass die <strong>ganzj\u00e4hrigen Mobilheime<\/strong> \u00fcber eine komplette elektrische Installation mit energiesparenden LED-Lampen und eine Klimaanlage verf\u00fcgen. Dar\u00fcber hinaus erleichtern vier Kran\u00f6sen den Transport und die Installation des Objekts an Ihrem Wunschstandort. W\u00e4hlen Sie also unseren <strong>mobilen Wohncontainer<\/strong> und verwirklichen Sie Ihre Tr\u00e4ume von einem komfortablen und funktionalen Wohn- oder Arbeitsort.<\/p>\n<h2>Verf\u00fcgbare Modelle von kleinen Wohnmobilen und ihre Modifikationsm\u00f6glichkeiten<\/h2>\n<p>Tr\u00e4umen Sie von Ihrem eigenen <strong>mobilen Wohncontainer<\/strong>? Unser Angebot bietet Ihnen die M\u00f6glichkeit zur vollst\u00e4ndigen Personalisierung \u2013 w\u00e4hlen Sie das passende Modell und passen Sie es ganz nach Ihren W\u00fcnschen an!<\/p>\n<h3>Verf\u00fcgbare Gr\u00f6\u00dfen unserer fertigen Mobilheime<\/h3>\n<p>Unsere <strong>ganzj\u00e4hrigen Mobilheime<\/strong> sind in verschiedenen Gr\u00f6\u00dfen erh\u00e4ltlich:<\/p>\n<ul>\n<li>5 \u00d7 3 m,<\/li>\n<li>6 \u00d7 3 m,<\/li>\n<li>7 \u00d7 3 m,<\/li>\n<li>8 \u00d7 3 m.<\/li>\n<\/ul>\n<p>Wenn Sie mehr Nutzfl\u00e4che w\u00fcnschen, k\u00f6nnen Sie problemlos mehrere <strong>mobile Wohncontainer<\/strong> miteinander kombinieren \u2013 zum Beispiel zwei Einheiten mit den Ma\u00dfen 6 \u00d7 3 m f\u00fcr ein gro\u00dfz\u00fcgiges Raumgef\u00fchl!<\/p>\n<h3>Modifikationen Ihres ganzj\u00e4hrigen Mobilheims<\/h3>\n<p>Passen Sie Ihr <strong>Mobilheim f\u00fcr alle Jahreszeiten mit einer Fl\u00e4che von 35 m\u00b2<\/strong> individuell an \u2013 ganz nach Ihren Vorstellungen! Wir bieten Ihnen folgende Personalisierungsoptionen:<\/p>\n<ul>\n<li><strong>Fenster \u2013 <\/strong>W\u00e4hlen Sie Anzahl, Gr\u00f6\u00dfe und Typ (fest oder Dreh-Kipp).<\/li>\n<li><strong>T\u00fcren<\/strong> \u2013 Ob klassisch, asymmetrisch oder doppelfl\u00fcgelig \u2013 Sie entscheiden!<\/li>\n<li><strong>Fassade<\/strong> \u2013 Kunststoffpaneele, Wellblech oder Flachblech in modernem Design.<\/li>\n<li><strong>Fassadenfarben <\/strong>\u2013 Breite Farbpalette f\u00fcr jede Fassadenvariante.<\/li>\n<li><strong>Zus\u00e4tzliche Installationen <\/strong>\u2013 Internet, Telefon, \u00dcberwachung, Au\u00dfenrolll\u00e4den \u2013 alles ist m\u00f6glich.<\/li>\n<li><strong>Trennw\u00e4nde <\/strong>\u2013 Erstellen Sie Ihren individuellen Grundriss mit Trennw\u00e4nden.<\/li>\n<li><strong>Badezimmer<\/strong> \u2013 Auf Wunsch mit Toilette und Waschbecken.<\/li>\n<li><strong>Au\u00dfenbeleuchtung<\/strong><\/li>\n<\/ul>\n<p>Gestalten Sie Ihren idealen <strong>mobilen Wohncontainer<\/strong>! Kontaktieren Sie uns \u2013 wir helfen Ihnen dabei, Ihren Traumcontainer zu verwirklichen!<\/p>\n<p>[\/et_pb_text][\/et_pb_column][\/et_pb_row][\/et_pb_section]<\/p>\n","protected":false},"excerpt":{"rendered":"<p>Hochwertiges Mobilheim zum Verkauf Haben Sie schon einmal dar\u00fcber nachgedacht, ein Mobilheim zu kaufen? Wir bieten Objekte direkt vom Hersteller zum Verkauf an! Sie stellen eine praktische L\u00f6sung f\u00fcr diejenigen dar, die ungebunden bleiben, aber gleichzeitig ein festes Dach \u00fcber dem Kopf haben m\u00f6chten. Dies h\u00e4ngt mit der Konstruktion von kleinen und gro\u00dfen Mobilheimen zusammen [&hellip;]<\/p>\n","protected":false},"author":3,"featured_media":2898,"parent":3603,"menu_order":0,"comment_status":"closed","ping_status":"closed","template":"","meta":{"_et_pb_use_builder":"on","_et_pb_old_content":"","_et_gb_content_width":"","footnotes":""},"class_list":["post-3620","page","type-page","status-publish","has-post-thumbnail","hentry"],"yoast_head":"<!-- This site is optimized with the Yoast SEO plugin v25.9 - https:\/\/yoast.com\/wordpress\/plugins\/seo\/ -->\n<title>Fertige Mobilheime \u2013 W\u00e4hlen Sie Ihr ideales Modell! \u2013 Katami<\/title>\n<meta name=\"description\" content=\"Wir w\u00fcrden uns freuen, wenn Sie sich mit unserem Angebot an Mobilheimen zum Verkauf vertraut machen w\u00fcrden. Entdecken Sie die perfekte L\u00f6sung f\u00fcr sich!\" \/>\n<meta name=\"robots\" content=\"index, follow, max-snippet:-1, max-image-preview:large, max-video-preview:-1\" \/>\n<link rel=\"canonical\" href=\"https:\/\/katami-containers.eu\/de\/merkmale-unserer-container\/mobilheime\/\" \/>\n<meta property=\"og:locale\" content=\"de_DE\" \/>\n<meta property=\"og:type\" content=\"article\" \/>\n<meta property=\"og:title\" content=\"Fertige Mobilheime \u2013 W\u00e4hlen Sie Ihr ideales Modell! \u2013 Katami\" \/>\n<meta property=\"og:description\" content=\"Wir w\u00fcrden uns freuen, wenn Sie sich mit unserem Angebot an Mobilheimen zum Verkauf vertraut machen w\u00fcrden. Entdecken Sie die perfekte L\u00f6sung f\u00fcr sich!\" \/>\n<meta property=\"og:url\" content=\"https:\/\/katami-containers.eu\/de\/merkmale-unserer-container\/mobilheime\/\" \/>\n<meta property=\"og:site_name\" content=\"KATAMI\" \/>\n<meta property=\"article:modified_time\" content=\"2025-09-23T13:48:24+00:00\" \/>\n<meta property=\"og:image\" content=\"https:\/\/katami-containers.eu\/wp-content\/uploads\/06-1-980x551-1.webp\" \/>\n\t<meta property=\"og:image:width\" content=\"980\" \/>\n\t<meta property=\"og:image:height\" content=\"551\" \/>\n\t<meta property=\"og:image:type\" content=\"image\/webp\" \/>\n<meta name=\"twitter:card\" content=\"summary_large_image\" \/>\n<meta name=\"twitter:label1\" content=\"Gesch\u00e4tzte Lesezeit\" \/>\n\t<meta name=\"twitter:data1\" content=\"6\u00a0Minuten\" \/>\n<script type=\"application\/ld+json\" class=\"yoast-schema-graph\">{\"@context\":\"https:\/\/schema.org\",\"@graph\":[{\"@type\":\"WebPage\",\"@id\":\"https:\/\/katami-containers.eu\/de\/merkmale-unserer-container\/mobilheime\/\",\"url\":\"https:\/\/katami-containers.eu\/de\/merkmale-unserer-container\/mobilheime\/\",\"name\":\"Fertige Mobilheime \u2013 W\u00e4hlen Sie Ihr ideales Modell! \u2013 Katami\",\"isPartOf\":{\"@id\":\"https:\/\/katami-containers.eu\/#website\"},\"primaryImageOfPage\":{\"@id\":\"https:\/\/katami-containers.eu\/de\/merkmale-unserer-container\/mobilheime\/#primaryimage\"},\"image\":{\"@id\":\"https:\/\/katami-containers.eu\/de\/merkmale-unserer-container\/mobilheime\/#primaryimage\"},\"thumbnailUrl\":\"https:\/\/katami-containers.eu\/wp-content\/uploads\/06-1-980x551-1.webp\",\"datePublished\":\"2024-05-02T08:57:22+00:00\",\"dateModified\":\"2025-09-23T13:48:24+00:00\",\"description\":\"Wir w\u00fcrden uns freuen, wenn Sie sich mit unserem Angebot an Mobilheimen zum Verkauf vertraut machen w\u00fcrden. Entdecken Sie die perfekte L\u00f6sung f\u00fcr sich!\",\"breadcrumb\":{\"@id\":\"https:\/\/katami-containers.eu\/de\/merkmale-unserer-container\/mobilheime\/#breadcrumb\"},\"inLanguage\":\"de\",\"potentialAction\":[{\"@type\":\"ReadAction\",\"target\":[\"https:\/\/katami-containers.eu\/de\/merkmale-unserer-container\/mobilheime\/\"]}]},{\"@type\":\"ImageObject\",\"inLanguage\":\"de\",\"@id\":\"https:\/\/katami-containers.eu\/de\/merkmale-unserer-container\/mobilheime\/#primaryimage\",\"url\":\"https:\/\/katami-containers.eu\/wp-content\/uploads\/06-1-980x551-1.webp\",\"contentUrl\":\"https:\/\/katami-containers.eu\/wp-content\/uploads\/06-1-980x551-1.webp\",\"width\":980,\"height\":551,\"caption\":\"Mobilheime\"},{\"@type\":\"BreadcrumbList\",\"@id\":\"https:\/\/katami-containers.eu\/de\/merkmale-unserer-container\/mobilheime\/#breadcrumb\",\"itemListElement\":[{\"@type\":\"ListItem\",\"position\":1,\"name\":\"Home\",\"item\":\"https:\/\/katami-containers.eu\/de\/\"},{\"@type\":\"ListItem\",\"position\":2,\"name\":\"Merkmale unserer Container\",\"item\":\"https:\/\/katami-containers.eu\/de\/merkmale-unserer-container\/\"},{\"@type\":\"ListItem\",\"position\":3,\"name\":\"Mobilheime\"}]},{\"@type\":\"WebSite\",\"@id\":\"https:\/\/katami-containers.eu\/#website\",\"url\":\"https:\/\/katami-containers.eu\/\",\"name\":\"KATAMI\",\"description\":\"Producent kontener\u00f3w: biurowe, socjalne, handlowe i inne\",\"potentialAction\":[{\"@type\":\"SearchAction\",\"target\":{\"@type\":\"EntryPoint\",\"urlTemplate\":\"https:\/\/katami-containers.eu\/?s={search_term_string}\"},\"query-input\":{\"@type\":\"PropertyValueSpecification\",\"valueRequired\":true,\"valueName\":\"search_term_string\"}}],\"inLanguage\":\"de\"}]}<\/script>\n<!-- \/ Yoast SEO plugin. -->","yoast_head_json":{"title":"Fertige Mobilheime \u2013 W\u00e4hlen Sie Ihr ideales Modell! \u2013 Katami","description":"Wir w\u00fcrden uns freuen, wenn Sie sich mit unserem Angebot an Mobilheimen zum Verkauf vertraut machen w\u00fcrden. Entdecken Sie die perfekte L\u00f6sung f\u00fcr sich!","robots":{"index":"index","follow":"follow","max-snippet":"max-snippet:-1","max-image-preview":"max-image-preview:large","max-video-preview":"max-video-preview:-1"},"canonical":"https:\/\/katami-containers.eu\/de\/merkmale-unserer-container\/mobilheime\/","og_locale":"de_DE","og_type":"article","og_title":"Fertige Mobilheime \u2013 W\u00e4hlen Sie Ihr ideales Modell! \u2013 Katami","og_description":"Wir w\u00fcrden uns freuen, wenn Sie sich mit unserem Angebot an Mobilheimen zum Verkauf vertraut machen w\u00fcrden. Entdecken Sie die perfekte L\u00f6sung f\u00fcr sich!","og_url":"https:\/\/katami-containers.eu\/de\/merkmale-unserer-container\/mobilheime\/","og_site_name":"KATAMI","article_modified_time":"2025-09-23T13:48:24+00:00","og_image":[{"width":980,"height":551,"url":"https:\/\/katami-containers.eu\/wp-content\/uploads\/06-1-980x551-1.webp","type":"image\/webp"}],"twitter_card":"summary_large_image","twitter_misc":{"Gesch\u00e4tzte Lesezeit":"6\u00a0Minuten"},"schema":{"@context":"https:\/\/schema.org","@graph":[{"@type":"WebPage","@id":"https:\/\/katami-containers.eu\/de\/merkmale-unserer-container\/mobilheime\/","url":"https:\/\/katami-containers.eu\/de\/merkmale-unserer-container\/mobilheime\/","name":"Fertige Mobilheime \u2013 W\u00e4hlen Sie Ihr ideales Modell! \u2013 Katami","isPartOf":{"@id":"https:\/\/katami-containers.eu\/#website"},"primaryImageOfPage":{"@id":"https:\/\/katami-containers.eu\/de\/merkmale-unserer-container\/mobilheime\/#primaryimage"},"image":{"@id":"https:\/\/katami-containers.eu\/de\/merkmale-unserer-container\/mobilheime\/#primaryimage"},"thumbnailUrl":"https:\/\/katami-containers.eu\/wp-content\/uploads\/06-1-980x551-1.webp","datePublished":"2024-05-02T08:57:22+00:00","dateModified":"2025-09-23T13:48:24+00:00","description":"Wir w\u00fcrden uns freuen, wenn Sie sich mit unserem Angebot an Mobilheimen zum Verkauf vertraut machen w\u00fcrden. Entdecken Sie die perfekte L\u00f6sung f\u00fcr sich!","breadcrumb":{"@id":"https:\/\/katami-containers.eu\/de\/merkmale-unserer-container\/mobilheime\/#breadcrumb"},"inLanguage":"de","potentialAction":[{"@type":"ReadAction","target":["https:\/\/katami-containers.eu\/de\/merkmale-unserer-container\/mobilheime\/"]}]},{"@type":"ImageObject","inLanguage":"de","@id":"https:\/\/katami-containers.eu\/de\/merkmale-unserer-container\/mobilheime\/#primaryimage","url":"https:\/\/katami-containers.eu\/wp-content\/uploads\/06-1-980x551-1.webp","contentUrl":"https:\/\/katami-containers.eu\/wp-content\/uploads\/06-1-980x551-1.webp","width":980,"height":551,"caption":"Mobilheime"},{"@type":"BreadcrumbList","@id":"https:\/\/katami-containers.eu\/de\/merkmale-unserer-container\/mobilheime\/#breadcrumb","itemListElement":[{"@type":"ListItem","position":1,"name":"Home","item":"https:\/\/katami-containers.eu\/de\/"},{"@type":"ListItem","position":2,"name":"Merkmale unserer Container","item":"https:\/\/katami-containers.eu\/de\/merkmale-unserer-container\/"},{"@type":"ListItem","position":3,"name":"Mobilheime"}]},{"@type":"WebSite","@id":"https:\/\/katami-containers.eu\/#website","url":"https:\/\/katami-containers.eu\/","name":"KATAMI","description":"Producent kontener\u00f3w: biurowe, socjalne, handlowe i inne","potentialAction":[{"@type":"SearchAction","target":{"@type":"EntryPoint","urlTemplate":"https:\/\/katami-containers.eu\/?s={search_term_string}"},"query-input":{"@type":"PropertyValueSpecification","valueRequired":true,"valueName":"search_term_string"}}],"inLanguage":"de"}]}},"_links":{"self":[{"href":"https:\/\/katami-containers.eu\/de\/wp-json\/wp\/v2\/pages\/3620","targetHints":{"allow":["GET"]}}],"collection":[{"href":"https:\/\/katami-containers.eu\/de\/wp-json\/wp\/v2\/pages"}],"about":[{"href":"https:\/\/katami-containers.eu\/de\/wp-json\/wp\/v2\/types\/page"}],"author":[{"embeddable":true,"href":"https:\/\/katami-containers.eu\/de\/wp-json\/wp\/v2\/users\/3"}],"replies":[{"embeddable":true,"href":"https:\/\/katami-containers.eu\/de\/wp-json\/wp\/v2\/comments?post=3620"}],"version-history":[{"count":6,"href":"https:\/\/katami-containers.eu\/de\/wp-json\/wp\/v2\/pages\/3620\/revisions"}],"predecessor-version":[{"id":3998,"href":"https:\/\/katami-containers.eu\/de\/wp-json\/wp\/v2\/pages\/3620\/revisions\/3998"}],"up":[{"embeddable":true,"href":"https:\/\/katami-containers.eu\/de\/wp-json\/wp\/v2\/pages\/3603"}],"wp:featuredmedia":[{"embeddable":true,"href":"https:\/\/katami-containers.eu\/de\/wp-json\/wp\/v2\/media\/2898"}],"wp:attachment":[{"href":"https:\/\/katami-containers.eu\/de\/wp-json\/wp\/v2\/media?parent=3620"}],"curies":[{"name":"wp","href":"https:\/\/api.w.org\/{rel}","templated":true}]}}