{"id":3635,"date":"2024-05-02T12:37:10","date_gmt":"2024-05-02T10:37:10","guid":{"rendered":"https:\/\/katami-containers.eu\/kenmerken-van-onze-containers\/"},"modified":"2025-09-23T11:19:43","modified_gmt":"2025-09-23T09:19:43","slug":"kenmerken-van-onze-containers","status":"publish","type":"page","link":"https:\/\/katami-containers.eu\/nl\/kenmerken-van-onze-containers\/","title":{"rendered":"Kenmerken van onze containers"},"content":{"rendered":"<p>[et_pb_section fb_built=&#8221;1&#8243; admin_label=&#8221;section&#8221; _builder_version=&#8221;4.16&#8243; global_colors_info=&#8221;{}&#8221;][et_pb_row _builder_version=&#8221;4.19.0&#8243; _module_preset=&#8221;default&#8221; locked=&#8221;off&#8221; global_colors_info=&#8221;{}&#8221;][et_pb_column type=&#8221;4_4&#8243; _builder_version=&#8221;4.19.0&#8243; _module_preset=&#8221;default&#8221; global_colors_info=&#8221;{}&#8221;][et_pb_code _builder_version=&#8221;4.19.0&#8243; _module_preset=&#8221;default&#8221; global_colors_info=&#8221;{}&#8221;]<\/p>\n<div><!-- [et_pb_line_break_holder] --> <!-- [et_pb_line_break_holder] --> <a href=\"https:\/\/katami-containers.eu\/nl\/\"><!-- [et_pb_line_break_holder] --> Home<\/a><!-- [et_pb_line_break_holder] --> <!-- [et_pb_line_break_holder] --> <!-- [et_pb_line_break_holder] --> >> <b>Kenmerken van onze containers<\/b><!-- [et_pb_line_break_holder] --><\/div>\n<p>[\/et_pb_code][\/et_pb_column][\/et_pb_row][et_pb_row column_structure=&#8221;3_5,2_5&#8243; _builder_version=&#8221;4.19.0&#8243; _module_preset=&#8221;default&#8221; global_colors_info=&#8221;{}&#8221;][et_pb_column type=&#8221;3_5&#8243; _builder_version=&#8221;4.19.0&#8243; _module_preset=&#8221;default&#8221; global_colors_info=&#8221;{}&#8221;][et_pb_text _builder_version=&#8221;4.19.0&#8243; _module_preset=&#8221;default&#8221; global_colors_info=&#8221;{}&#8221;]<\/p>\n<p style=\"text-align: justify;\">Containerwoningen zijn een economisch alternatief voor traditionele bakstenen gebouwen. Waarom kiezen voor dit type huis? Hier zijn voorbeelden van de voordelen van containertechnologie.<\/p>\n<ul>\n<li><strong>mobiliteit<\/strong> &#8211; containerwoningen zijn niet permanent met de grond verbonden. In tegenstelling tot gebouwen die op traditionele wijze zijn gebouwd, kunnen ze van plaats naar plaats worden verplaatst.<\/li>\n<li><strong>snelle bouwtijd<\/strong> &#8211; containerwoningen zijn constructies die in slechts enkele weken op een perceel kunnen worden neergezet. Dit komt doordat deze gebouwen zijn opgebouwd uit kant-en-klare elementen.<\/li>\n<li><strong>mogelijkheid om uit te breiden door meer containers aan te sluiten<\/strong> &#8211; we hebben containers in verschillende maten &#8211; deze zijn 5\u00d73, 6\u00d73, 7\u00d73 en 8&#215;3. De investeerder die besluit een faciliteit met een groter oppervlak te bouwen, kan meerdere containers aan elkaar koppelen (bijv. 2 6&#215;3 containers)<\/li>\n<li><strong>hoge kwaliteit van onderdelen<\/strong> &#8211; KATAMI containers worden gewaardeerd door klanten in Polen, Duitsland en Nederland. Dit is niet alleen te danken aan de kwaliteit van onze diensten, maar ook aan de componenten die we dagelijks gebruiken.<\/li>\n<li><strong>geen invloed van weersfactoren op het bouwproces<\/strong> &#8211; net zoals bij de klassieke bouw, waar weersomstandigheden een invloed hebben op de snelheid van de dienstverlening, vormt deze factor geen enkel probleem bij de bouw van containers.<\/li>\n<\/ul>\n<p>[\/et_pb_text][\/et_pb_column][et_pb_column type=&#8221;2_5&#8243; _builder_version=&#8221;4.19.0&#8243; _module_preset=&#8221;default&#8221; global_colors_info=&#8221;{}&#8221;][et_pb_image src=&#8221;https:\/\/katami-containers.eu\/wp-content\/uploads\/part-13.jpe.jpeg&#8221; alt=&#8221;Onze projecten&#8221; title_text=&#8221;part-13.jpe&#8221; _builder_version=&#8221;4.19.0&#8243; _module_preset=&#8221;default&#8221; global_colors_info=&#8221;{}&#8221;][\/et_pb_image][\/et_pb_column][\/et_pb_row][et_pb_row column_structure=&#8221;1_4,1_4,1_4,1_4&#8243; _builder_version=&#8221;4.19.0&#8243; _module_preset=&#8221;default&#8221; global_colors_info=&#8221;{}&#8221;][et_pb_column type=&#8221;1_4&#8243; _builder_version=&#8221;4.19.0&#8243; _module_preset=&#8221;default&#8221; global_colors_info=&#8221;{}&#8221;][et_pb_image src=&#8221;https:\/\/katami-containers.eu\/wp-content\/uploads\/home.svg&#8221; title_text=&#8221;home&#8221; url=&#8221;https:\/\/katami-containers.eu\/nl\/kenmerken-van-onze-containers\/huizen-tot-35m2\/&#8221; _builder_version=&#8221;4.19.0&#8243; _module_preset=&#8221;default&#8221; global_colors_info=&#8221;{}&#8221;][\/et_pb_image][et_pb_text _builder_version=&#8221;4.19.0&#8243; _module_preset=&#8221;default&#8221; link_option_url=&#8221;https:\/\/katami-containers.eu\/nl\/kenmerken-van-onze-containers\/huizen-tot-35m2\/&#8221; global_colors_info=&#8221;{}&#8221;]<\/p>\n<h3 style=\"text-align: center;\"><strong>HUIZEN TOT 35M2<\/strong><\/h3>\n<p>[\/et_pb_text][\/et_pb_column][et_pb_column type=&#8221;1_4&#8243; _builder_version=&#8221;4.19.0&#8243; _module_preset=&#8221;default&#8221; global_colors_info=&#8221;{}&#8221;][et_pb_image src=&#8221;https:\/\/katami-containers.eu\/wp-content\/uploads\/home.svg&#8221; title_text=&#8221;home&#8221; url=&#8221;https:\/\/katami-containers.eu\/nl\/kenmerken-van-onze-containers\/modulaire-huizen\/&#8221; _builder_version=&#8221;4.19.0&#8243; _module_preset=&#8221;default&#8221; global_colors_info=&#8221;{}&#8221;][\/et_pb_image][et_pb_text _builder_version=&#8221;4.19.0&#8243; _module_preset=&#8221;default&#8221; link_option_url=&#8221;https:\/\/katami-containers.eu\/nl\/kenmerken-van-onze-containers\/modulaire-huizen\/&#8221; global_colors_info=&#8221;{}&#8221;]<\/p>\n<h3 style=\"text-align: center;\"><strong>MODULAIRE HUIZEN<\/strong><\/h3>\n<p>[\/et_pb_text][\/et_pb_column][et_pb_column type=&#8221;1_4&#8243; _builder_version=&#8221;4.19.0&#8243; _module_preset=&#8221;default&#8221; global_colors_info=&#8221;{}&#8221;][et_pb_image src=&#8221;https:\/\/katami-containers.eu\/wp-content\/uploads\/home.svg&#8221; title_text=&#8221;home&#8221; url=&#8221;https:\/\/katami-containers.eu\/nl\/kenmerken-van-onze-containers\/stacaravans\/&#8221; _builder_version=&#8221;4.19.0&#8243; _module_preset=&#8221;default&#8221; global_colors_info=&#8221;{}&#8221;][\/et_pb_image][et_pb_text _builder_version=&#8221;4.19.0&#8243; _module_preset=&#8221;default&#8221; link_option_url=&#8221;https:\/\/katami-containers.eu\/nl\/kenmerken-van-onze-containers\/stacaravans\/&#8221; global_colors_info=&#8221;{}&#8221;]<\/p>\n<h3 style=\"text-align: center;\"><strong>STACARAVANS<\/strong><\/h3>\n<p>[\/et_pb_text][\/et_pb_column][et_pb_column type=&#8221;1_4&#8243; _builder_version=&#8221;4.19.0&#8243; _module_preset=&#8221;default&#8221; global_colors_info=&#8221;{}&#8221;][et_pb_image src=&#8221;https:\/\/katami-containers.eu\/wp-content\/uploads\/home.svg&#8221; title_text=&#8221;home&#8221; url=&#8221;https:\/\/katami-containers.eu\/nl\/kenmerken-van-onze-containers\/huizen-klaar\/&#8221; _builder_version=&#8221;4.19.0&#8243; _module_preset=&#8221;default&#8221; global_colors_info=&#8221;{}&#8221;][\/et_pb_image][et_pb_text _builder_version=&#8221;4.19.0&#8243; _module_preset=&#8221;default&#8221; link_option_url=&#8221;https:\/\/katami-containers.eu\/nl\/kenmerken-van-onze-containers\/huizen-klaar\/&#8221; global_colors_info=&#8221;{}&#8221;]<\/p>\n<h3 style=\"text-align: center;\"><strong>HUIZEN KLAAR<\/strong><\/h3>\n<p>[\/et_pb_text][\/et_pb_column][\/et_pb_row][et_pb_row column_structure=&#8221;1_2,1_2&#8243; _builder_version=&#8221;4.19.0&#8243; _module_preset=&#8221;default&#8221; global_colors_info=&#8221;{}&#8221;][et_pb_column type=&#8221;1_2&#8243; _builder_version=&#8221;4.19.0&#8243; _module_preset=&#8221;default&#8221; global_colors_info=&#8221;{}&#8221;][et_pb_image src=&#8221;https:\/\/katami-containers.eu\/wp-content\/uploads\/part-8.jpe.jpeg&#8221; alt=&#8221;Onze projecten&#8221; title_text=&#8221;part-8.jpe&#8221; align=&#8221;center&#8221; _builder_version=&#8221;4.19.0&#8243; _module_preset=&#8221;default&#8221; global_colors_info=&#8221;{}&#8221;][\/et_pb_image][\/et_pb_column][et_pb_column type=&#8221;1_2&#8243; _builder_version=&#8221;4.19.0&#8243; _module_preset=&#8221;default&#8221; global_colors_info=&#8221;{}&#8221;][et_pb_text _builder_version=&#8221;4.19.0&#8243; _module_preset=&#8221;default&#8221; global_colors_info=&#8221;{}&#8221;]<\/p>\n<h2>KATAMI Handels- en Servicebedrijf &#8211; kwaliteit op de eerste plaats<\/h2>\n<p style=\"text-align: justify;\">Ben je ondernemer en heb je behoefte aan een eigen kantoor, magazijn of bouwfaciliteiten? Of wil je ontspannen in je eigen vakantiehuis? Dankzij onze jarenlange aanwezigheid op de markt hebben we ervaring opgedaan, die we gebruiken om aan alle verwachtingen van onze klanten te voldoen. Waarom zou u kiezen voor KATAMI Trading &amp; Service Company?<\/p>\n<ul>\n<li>Voor de constructie gebruiken we stalen profielen die eerst zijn gereinigd en geverfd met roestwerende verf.<\/li>\n<li>Onze containers hebben veiligheidsglas in de ramen en deuren. Deze elementen zijn bedekt met VSG-folie.<\/li>\n<li>De containerwanden zijn gemaakt van 100 mm PIR-panelen. Dit wordt momenteel beschouwd als het beste isolatiemateriaal. Na installatie worden de PIR-platen goed afgedicht.<\/li>\n<li>De vloer bestaat uit drie lagen: een PIR-plaat van 100 mm, een OSB-plaat van 10 mm en een industrieel tapijt. Dit heeft een aanzienlijke invloed op het comfort bij dagelijks gebruik.<\/li>\n<li>Zowel de ramen als de deuren zijn gemonteerd op extra beugels in de structuur. Hierdoor worden KATAMI containers gekenmerkt door uitzonderlijke stabiliteit. Na montage worden ze zorgvuldig afgedicht met hoogwaardig W\u00fcrth montageschuim en Den Braven tape.<\/li>\n<li>We gebruiken handgemaakte gootstukken om elke structuur af te werken<\/li>\n<li>Elke container is uitgerust met een bliksembeveiligingssysteem, transportoren en haken voor het vastzetten van riemen tijdens transport<\/li>\n<\/ul>\n<p style=\"text-align: justify;\">Wil je meer weten over het aanbod? Neem contact met ons op via telefoon of e-mail &#8211; we helpen je graag verder.<\/p>\n<p>[\/et_pb_text][\/et_pb_column][\/et_pb_row][et_pb_row _builder_version=&#8221;4.19.0&#8243; _module_preset=&#8221;default&#8221; global_colors_info=&#8221;{}&#8221;][et_pb_column type=&#8221;4_4&#8243; _builder_version=&#8221;4.19.0&#8243; _module_preset=&#8221;default&#8221; global_colors_info=&#8221;{}&#8221;][et_pb_gallery gallery_ids=&#8221;3514,3518,3530,3522&#8243; show_title_and_caption=&#8221;off&#8221; show_pagination=&#8221;off&#8221; _builder_version=&#8221;4.19.0&#8243; _module_preset=&#8221;default&#8221; global_colors_info=&#8221;{}&#8221;][\/et_pb_gallery][\/et_pb_column][\/et_pb_row][\/et_pb_section]<\/p>\n","protected":false},"excerpt":{"rendered":"<p>Containerwoningen zijn een economisch alternatief voor traditionele bakstenen gebouwen. Waarom kiezen voor dit type huis? Hier zijn voorbeelden van de voordelen van containertechnologie. mobiliteit &#8211; containerwoningen zijn niet permanent met de grond verbonden. In tegenstelling tot gebouwen die op traditionele wijze zijn gebouwd, kunnen ze van plaats naar plaats worden verplaatst. snelle bouwtijd &#8211; containerwoningen [&hellip;]<\/p>\n","protected":false},"author":3,"featured_media":3485,"parent":0,"menu_order":0,"comment_status":"closed","ping_status":"closed","template":"","meta":{"_et_pb_use_builder":"on","_et_pb_old_content":"","_et_gb_content_width":"","footnotes":""},"class_list":["post-3635","page","type-page","status-publish","has-post-thumbnail","hentry"],"yoast_head":"<!-- This site is optimized with the Yoast SEO plugin v25.9 - https:\/\/yoast.com\/wordpress\/plugins\/seo\/ -->\n<title>Kenmerken van onze containers - Katami<\/title>\n<meta name=\"description\" content=\"Containerbouw is een moderne oplossing met behulp van containers. Ontdek de voordelen van deze technologie!\" \/>\n<meta name=\"robots\" content=\"index, follow, max-snippet:-1, max-image-preview:large, max-video-preview:-1\" \/>\n<link rel=\"canonical\" href=\"https:\/\/katami-containers.eu\/nl\/kenmerken-van-onze-containers\/\" \/>\n<meta property=\"og:locale\" content=\"nl_NL\" \/>\n<meta property=\"og:type\" content=\"article\" \/>\n<meta property=\"og:title\" content=\"Kenmerken van onze containers - Katami\" \/>\n<meta property=\"og:description\" content=\"Containerbouw is een moderne oplossing met behulp van containers. Ontdek de voordelen van deze technologie!\" \/>\n<meta property=\"og:url\" content=\"https:\/\/katami-containers.eu\/nl\/kenmerken-van-onze-containers\/\" \/>\n<meta property=\"og:site_name\" content=\"KATAMI\" \/>\n<meta property=\"article:modified_time\" content=\"2025-09-23T09:19:43+00:00\" \/>\n<meta property=\"og:image\" content=\"https:\/\/katami-containers.eu\/wp-content\/uploads\/part-13.jpe.jpeg\" \/>\n\t<meta property=\"og:image:width\" content=\"1200\" \/>\n\t<meta property=\"og:image:height\" content=\"1600\" \/>\n\t<meta property=\"og:image:type\" content=\"image\/jpeg\" \/>\n<meta name=\"twitter:card\" content=\"summary_large_image\" \/>\n<meta name=\"twitter:label1\" content=\"Geschatte leestijd\" \/>\n\t<meta name=\"twitter:data1\" content=\"5 minuten\" \/>\n<script type=\"application\/ld+json\" class=\"yoast-schema-graph\">{\"@context\":\"https:\/\/schema.org\",\"@graph\":[{\"@type\":\"WebPage\",\"@id\":\"https:\/\/katami-containers.eu\/nl\/kenmerken-van-onze-containers\/\",\"url\":\"https:\/\/katami-containers.eu\/nl\/kenmerken-van-onze-containers\/\",\"name\":\"Kenmerken van onze containers - Katami\",\"isPartOf\":{\"@id\":\"https:\/\/katami-containers.eu\/#website\"},\"primaryImageOfPage\":{\"@id\":\"https:\/\/katami-containers.eu\/nl\/kenmerken-van-onze-containers\/#primaryimage\"},\"image\":{\"@id\":\"https:\/\/katami-containers.eu\/nl\/kenmerken-van-onze-containers\/#primaryimage\"},\"thumbnailUrl\":\"https:\/\/katami-containers.eu\/wp-content\/uploads\/part-13.jpe.jpeg\",\"datePublished\":\"2024-05-02T10:37:10+00:00\",\"dateModified\":\"2025-09-23T09:19:43+00:00\",\"description\":\"Containerbouw is een moderne oplossing met behulp van containers. Ontdek de voordelen van deze technologie!\",\"breadcrumb\":{\"@id\":\"https:\/\/katami-containers.eu\/nl\/kenmerken-van-onze-containers\/#breadcrumb\"},\"inLanguage\":\"nl-NL\",\"potentialAction\":[{\"@type\":\"ReadAction\",\"target\":[\"https:\/\/katami-containers.eu\/nl\/kenmerken-van-onze-containers\/\"]}]},{\"@type\":\"ImageObject\",\"inLanguage\":\"nl-NL\",\"@id\":\"https:\/\/katami-containers.eu\/nl\/kenmerken-van-onze-containers\/#primaryimage\",\"url\":\"https:\/\/katami-containers.eu\/wp-content\/uploads\/part-13.jpe.jpeg\",\"contentUrl\":\"https:\/\/katami-containers.eu\/wp-content\/uploads\/part-13.jpe.jpeg\",\"width\":1200,\"height\":1600,\"caption\":\"Kenmerken van onze containers\"},{\"@type\":\"BreadcrumbList\",\"@id\":\"https:\/\/katami-containers.eu\/nl\/kenmerken-van-onze-containers\/#breadcrumb\",\"itemListElement\":[{\"@type\":\"ListItem\",\"position\":1,\"name\":\"Home\",\"item\":\"https:\/\/katami-containers.eu\/nl\/\"},{\"@type\":\"ListItem\",\"position\":2,\"name\":\"Kenmerken van onze containers\"}]},{\"@type\":\"WebSite\",\"@id\":\"https:\/\/katami-containers.eu\/#website\",\"url\":\"https:\/\/katami-containers.eu\/\",\"name\":\"KATAMI\",\"description\":\"Producent kontener\u00f3w: biurowe, socjalne, handlowe i inne\",\"potentialAction\":[{\"@type\":\"SearchAction\",\"target\":{\"@type\":\"EntryPoint\",\"urlTemplate\":\"https:\/\/katami-containers.eu\/?s={search_term_string}\"},\"query-input\":{\"@type\":\"PropertyValueSpecification\",\"valueRequired\":true,\"valueName\":\"search_term_string\"}}],\"inLanguage\":\"nl-NL\"}]}<\/script>\n<!-- \/ Yoast SEO plugin. -->","yoast_head_json":{"title":"Kenmerken van onze containers - Katami","description":"Containerbouw is een moderne oplossing met behulp van containers. Ontdek de voordelen van deze technologie!","robots":{"index":"index","follow":"follow","max-snippet":"max-snippet:-1","max-image-preview":"max-image-preview:large","max-video-preview":"max-video-preview:-1"},"canonical":"https:\/\/katami-containers.eu\/nl\/kenmerken-van-onze-containers\/","og_locale":"nl_NL","og_type":"article","og_title":"Kenmerken van onze containers - Katami","og_description":"Containerbouw is een moderne oplossing met behulp van containers. Ontdek de voordelen van deze technologie!","og_url":"https:\/\/katami-containers.eu\/nl\/kenmerken-van-onze-containers\/","og_site_name":"KATAMI","article_modified_time":"2025-09-23T09:19:43+00:00","og_image":[{"width":1200,"height":1600,"url":"https:\/\/katami-containers.eu\/wp-content\/uploads\/part-13.jpe.jpeg","type":"image\/jpeg"}],"twitter_card":"summary_large_image","twitter_misc":{"Geschatte leestijd":"5 minuten"},"schema":{"@context":"https:\/\/schema.org","@graph":[{"@type":"WebPage","@id":"https:\/\/katami-containers.eu\/nl\/kenmerken-van-onze-containers\/","url":"https:\/\/katami-containers.eu\/nl\/kenmerken-van-onze-containers\/","name":"Kenmerken van onze containers - Katami","isPartOf":{"@id":"https:\/\/katami-containers.eu\/#website"},"primaryImageOfPage":{"@id":"https:\/\/katami-containers.eu\/nl\/kenmerken-van-onze-containers\/#primaryimage"},"image":{"@id":"https:\/\/katami-containers.eu\/nl\/kenmerken-van-onze-containers\/#primaryimage"},"thumbnailUrl":"https:\/\/katami-containers.eu\/wp-content\/uploads\/part-13.jpe.jpeg","datePublished":"2024-05-02T10:37:10+00:00","dateModified":"2025-09-23T09:19:43+00:00","description":"Containerbouw is een moderne oplossing met behulp van containers. Ontdek de voordelen van deze technologie!","breadcrumb":{"@id":"https:\/\/katami-containers.eu\/nl\/kenmerken-van-onze-containers\/#breadcrumb"},"inLanguage":"nl-NL","potentialAction":[{"@type":"ReadAction","target":["https:\/\/katami-containers.eu\/nl\/kenmerken-van-onze-containers\/"]}]},{"@type":"ImageObject","inLanguage":"nl-NL","@id":"https:\/\/katami-containers.eu\/nl\/kenmerken-van-onze-containers\/#primaryimage","url":"https:\/\/katami-containers.eu\/wp-content\/uploads\/part-13.jpe.jpeg","contentUrl":"https:\/\/katami-containers.eu\/wp-content\/uploads\/part-13.jpe.jpeg","width":1200,"height":1600,"caption":"Kenmerken van onze containers"},{"@type":"BreadcrumbList","@id":"https:\/\/katami-containers.eu\/nl\/kenmerken-van-onze-containers\/#breadcrumb","itemListElement":[{"@type":"ListItem","position":1,"name":"Home","item":"https:\/\/katami-containers.eu\/nl\/"},{"@type":"ListItem","position":2,"name":"Kenmerken van onze containers"}]},{"@type":"WebSite","@id":"https:\/\/katami-containers.eu\/#website","url":"https:\/\/katami-containers.eu\/","name":"KATAMI","description":"Producent kontener\u00f3w: biurowe, socjalne, handlowe i inne","potentialAction":[{"@type":"SearchAction","target":{"@type":"EntryPoint","urlTemplate":"https:\/\/katami-containers.eu\/?s={search_term_string}"},"query-input":{"@type":"PropertyValueSpecification","valueRequired":true,"valueName":"search_term_string"}}],"inLanguage":"nl-NL"}]}},"_links":{"self":[{"href":"https:\/\/katami-containers.eu\/nl\/wp-json\/wp\/v2\/pages\/3635","targetHints":{"allow":["GET"]}}],"collection":[{"href":"https:\/\/katami-containers.eu\/nl\/wp-json\/wp\/v2\/pages"}],"about":[{"href":"https:\/\/katami-containers.eu\/nl\/wp-json\/wp\/v2\/types\/page"}],"author":[{"embeddable":true,"href":"https:\/\/katami-containers.eu\/nl\/wp-json\/wp\/v2\/users\/3"}],"replies":[{"embeddable":true,"href":"https:\/\/katami-containers.eu\/nl\/wp-json\/wp\/v2\/comments?post=3635"}],"version-history":[{"count":6,"href":"https:\/\/katami-containers.eu\/nl\/wp-json\/wp\/v2\/pages\/3635\/revisions"}],"predecessor-version":[{"id":4201,"href":"https:\/\/katami-containers.eu\/nl\/wp-json\/wp\/v2\/pages\/3635\/revisions\/4201"}],"wp:featuredmedia":[{"embeddable":true,"href":"https:\/\/katami-containers.eu\/nl\/wp-json\/wp\/v2\/media\/3485"}],"wp:attachment":[{"href":"https:\/\/katami-containers.eu\/nl\/wp-json\/wp\/v2\/media?parent=3635"}],"curies":[{"name":"wp","href":"https:\/\/api.w.org\/{rel}","templated":true}]}}